{"id":102616,"date":"2022-07-24T16:07:19","date_gmt":"2022-07-24T16:07:19","guid":{"rendered":"https:\/\/licensed.innovation360.com\/pagina-de-solicitud-de-becas\/"},"modified":"2022-07-24T16:07:19","modified_gmt":"2022-07-24T16:07:19","slug":"pagina-de-solicitud-de-becas","status":"publish","type":"page","link":"https:\/\/licensed.innovation360.com\/es\/pagina-de-solicitud-de-becas\/","title":{"rendered":"P\u00e1gina de solicitud de becas"},"content":{"rendered":"\n                <div class='gf_browser_gecko gform_wrapper' id='gform_wrapper_2' ><form method='post' enctype='multipart\/form-data'  id='gform_2'  action='\/es\/wp-json\/wp\/v2\/pages\/102616'>\n                        <div class='gform_heading'>\n                            <h3 class='gform_title'>Solicitar beca<\/h3>\n                            <span class='gform_description'><\/span>\n                        <\/div>\n                        <div class='gform_body'><ul id='gform_fields_2' class='gform_fields top_label form_sublabel_below description_below'><li id='field_2_1'  class='gfield gfield_contains_required field_sublabel_below field_description_below gfield_visibility_visible' ><label class='gfield_label' for='input_2_1' >Nombre completo<span class='gfield_required'>*<\/span><\/label><div class='ginput_container ginput_container_text'><input name='input_1' id='input_2_1' type='text' value='' class='medium'     aria-required=\"true\" aria-invalid=\"false\" \/><\/div><\/li><li id='field_2_10'  class='gfield gfield_contains_required field_sublabel_below field_description_below gfield_visibility_visible' ><label class='gfield_label' for='input_2_10' >Correo electr\u00f3nico<span class='gfield_required'>*<\/span><\/label><div class='ginput_container ginput_container_email'>\n                            <input name='input_10' id='input_2_10' type='text' value='' class='medium'    aria-required=\"true\" aria-invalid=\"false\" \/>\n                        <\/div><\/li><li id='field_2_3'  class='gfield gfield_contains_required field_sublabel_below field_description_below gfield_visibility_visible' ><label class='gfield_label' for='input_2_3' >Ubicaci\u00f3n<span class='gfield_required'>*<\/span><\/label><div class='ginput_container ginput_container_text'><input name='input_3' id='input_2_3' type='text' value='' class='medium'     aria-required=\"true\" aria-invalid=\"false\" \/><\/div><\/li><li id='field_2_4'  class='gfield gfield_contains_required field_sublabel_below field_description_below gfield_visibility_visible' ><label class='gfield_label'  >Seleccione c\u00f3mo trabajar\u00e1 con nosotros despu\u00e9s de una posible beca (sin empleo)<span class='gfield_required'>*<\/span><\/label><div class='ginput_container ginput_container_checkbox'><ul class='gfield_checkbox' id='input_2_4'><li class='gchoice_2_4_1'>\n\t\t\t\t\t\t\t\t<input name='input_4.1' type='checkbox'  value='Como trabajador por cuenta propia \/ Aut\u00f3nomo (Profesionales con licencia, LP)'  id='choice_2_4_1'   \/>\n\t\t\t\t\t\t\t\t<label for='choice_2_4_1' id='label_2_4_1'>Como trabajador por cuenta propia \/ Aut\u00f3nomo (Profesionales con licencia, LP)<\/label>\n\t\t\t\t\t\t\t<\/li><li class='gchoice_2_4_2'>\n\t\t\t\t\t\t\t\t<input name='input_4.2' type='checkbox'  value='A trav\u00e9s de una empresa de consultor\u00eda local existente que patrocinar\u00e1 su acreditaci\u00f3n (Licensed Practitioners, LP)'  id='choice_2_4_2'   \/>\n\t\t\t\t\t\t\t\t<label for='choice_2_4_2' id='label_2_4_2'>A trav\u00e9s de una empresa de consultor\u00eda local existente que patrocinar\u00e1 su acreditaci\u00f3n (Licensed Practitioners, LP)<\/label>\n\t\t\t\t\t\t\t<\/li><li class='gchoice_2_4_3'>\n\t\t\t\t\t\t\t\t<input name='input_4.3' type='checkbox'  value='Cliente practicante (CP) empleado en una organizaci\u00f3n en la que usted act\u00faa como consultor interno'  id='choice_2_4_3'   \/>\n\t\t\t\t\t\t\t\t<label for='choice_2_4_3' id='label_2_4_3'>Cliente practicante (CP) empleado en una organizaci\u00f3n en la que usted act\u00faa como consultor interno<\/label>\n\t\t\t\t\t\t\t<\/li><\/ul><\/div><\/li><li id='field_2_5'  class='gfield gfield_contains_required field_sublabel_below field_description_below gfield_visibility_visible' ><label class='gfield_label' for='input_2_5' >El nombre legal de su propia empresa (para trabajadores por cuenta propia) o su patrocinador (una organizaci\u00f3n donde est\u00e1 empleado o una empresa multinacional donde est\u00e1 empleado y act\u00faa como consultor interno)<span class='gfield_required'>*<\/span><\/label><div class='ginput_container ginput_container_text'><input name='input_5' id='input_2_5' type='text' value='' class='medium'     aria-required=\"true\" aria-invalid=\"false\" \/><\/div><\/li><li id='field_2_6'  class='gfield gfield_contains_required field_sublabel_below field_description_below gfield_visibility_visible' ><label class='gfield_label' for='input_2_6' >A\u00f1os de experiencia relevante<span class='gfield_required'>*<\/span><\/label><div class='ginput_container ginput_container_select'><select name='input_6' id='input_2_6' class='medium gfield_select'   aria-required=\"true\" aria-invalid=\"false\"><option value='2-5 a\u00f1os' >2-5 a\u00f1os<\/option><option value='5-10 a\u00f1os' >5-10 a\u00f1os<\/option><option value='10+ A\u00f1os' >10+ A\u00f1os<\/option><\/select><\/div><\/li><li id='field_2_7'  class='gfield gfield_contains_required field_sublabel_below field_description_below gfield_visibility_visible' ><label class='gfield_label'  >Grado<span class='gfield_required'>*<\/span><\/label><div class='ginput_container ginput_container_checkbox'><ul class='gfield_checkbox' id='input_2_7'><li class='gchoice_2_7_1'>\n\t\t\t\t\t\t\t\t<input name='input_7.1' type='checkbox'  value='BSc \/ BA'  id='choice_2_7_1'   \/>\n\t\t\t\t\t\t\t\t<label for='choice_2_7_1' id='label_2_7_1'>BSc \/ BA<\/label>\n\t\t\t\t\t\t\t<\/li><li class='gchoice_2_7_2'>\n\t\t\t\t\t\t\t\t<input name='input_7.2' type='checkbox'  value='MBA'  id='choice_2_7_2'   \/>\n\t\t\t\t\t\t\t\t<label for='choice_2_7_2' id='label_2_7_2'>MBA<\/label>\n\t\t\t\t\t\t\t<\/li><li class='gchoice_2_7_3'>\n\t\t\t\t\t\t\t\t<input name='input_7.3' type='checkbox'  value='Msc'  id='choice_2_7_3'   \/>\n\t\t\t\t\t\t\t\t<label for='choice_2_7_3' id='label_2_7_3'>Msc<\/label>\n\t\t\t\t\t\t\t<\/li><li class='gchoice_2_7_4'>\n\t\t\t\t\t\t\t\t<input name='input_7.4' type='checkbox'  value='Doctorado \/ DBA'  id='choice_2_7_4'   \/>\n\t\t\t\t\t\t\t\t<label for='choice_2_7_4' id='label_2_7_4'>Doctorado \/ DBA<\/label>\n\t\t\t\t\t\t\t<\/li><\/ul><\/div><\/li><li id='field_2_15'  class='gfield gfield_contains_required field_sublabel_below field_description_below gfield_visibility_visible' ><label class='gfield_label'  >Dos cartas de recomendaci\u00f3n firmadas (pdf)<span class='gfield_required'>*<\/span><\/label><div class='ginput_container ginput_container_fileupload'><div id='gform_multifile_upload_2_15' data-settings='{&quot;runtimes&quot;:&quot;html5,flash,html4&quot;,&quot;browse_button&quot;:&quot;gform_browse_button_2_15&quot;,&quot;container&quot;:&quot;gform_multifile_upload_2_15&quot;,&quot;drop_element&quot;:&quot;gform_drag_drop_area_2_15&quot;,&quot;filelist&quot;:&quot;gform_preview_2_15&quot;,&quot;unique_names&quot;:true,&quot;file_data_name&quot;:&quot;file&quot;,&quot;url&quot;:&quot;https:\\\/\\\/licensed.innovation360.com\\\/es\\\/?gf_page=4aea2f59ddb76f0&quot;,&quot;flash_swf_url&quot;:&quot;https:\\\/\\\/licensed.innovation360.com\\\/wp-includes\\\/js\\\/plupload\\\/plupload.flash.swf&quot;,&quot;silverlight_xap_url&quot;:&quot;https:\\\/\\\/licensed.innovation360.com\\\/wp-includes\\\/js\\\/plupload\\\/plupload.silverlight.xap&quot;,&quot;filters&quot;:{&quot;mime_types&quot;:[{&quot;title&quot;:&quot;Archivos permitidos&quot;,&quot;extensions&quot;:&quot;pdf&quot;}],&quot;max_file_size&quot;:&quot;10485760b&quot;},&quot;multipart&quot;:true,&quot;urlstream_upload&quot;:false,&quot;multipart_params&quot;:{&quot;form_id&quot;:2,&quot;field_id&quot;:15},&quot;gf_vars&quot;:{&quot;max_files&quot;:&quot;2&quot;,&quot;message_id&quot;:&quot;gform_multifile_messages_2_15&quot;,&quot;disallowed_extensions&quot;:[&quot;php&quot;,&quot;asp&quot;,&quot;aspx&quot;,&quot;cmd&quot;,&quot;csh&quot;,&quot;bat&quot;,&quot;html&quot;,&quot;htm&quot;,&quot;hta&quot;,&quot;jar&quot;,&quot;exe&quot;,&quot;com&quot;,&quot;js&quot;,&quot;lnk&quot;,&quot;htaccess&quot;,&quot;phtml&quot;,&quot;ps1&quot;,&quot;ps2&quot;,&quot;php3&quot;,&quot;php4&quot;,&quot;php5&quot;,&quot;php6&quot;,&quot;py&quot;,&quot;rb&quot;,&quot;tmp&quot;]}}' class='gform_fileupload_multifile'>\n\t\t\t\t\t\t\t\t\t\t<div id='gform_drag_drop_area_2_15' class='gform_drop_area'>\n\t\t\t\t\t\t\t\t\t\t\t<span class='gform_drop_instructions'>Suelta archivos aqu\u00ed o <\/span>\n\t\t\t\t\t\t\t\t\t\t\t<input id='gform_browse_button_2_15' type='button' value='Selecciona archivos' class='button gform_button_select_files' aria-describedby='extensions_message_2_15'  \/>\n\t\t\t\t\t\t\t\t\t\t<\/div>\n\t\t\t\t\t\t\t\t\t<\/div><span id='extensions_message_2_15' class='screen-reader-text'>Tipos de archivos aceptados: pdf.<\/span><div class='validation_message'>\n\t\t\t\t\t\t\t\t<ul id='gform_multifile_messages_2_15'>\n\t\t\t\t\t\t\t\t<\/ul>\n\t\t\t\t\t\t\t<\/div><\/div><div id='gform_preview_2_15'><\/div><\/li><li id='field_2_12'  class='gfield gfield_contains_required field_sublabel_below field_description_below gfield_visibility_visible' ><label class='gfield_label' for='input_2_12' >Carta de motivaci\u00f3n (pdf)<span class='gfield_required'>*<\/span><\/label><div class='ginput_container ginput_container_fileupload'><input type='hidden' name='MAX_FILE_SIZE' value='10485760' \/><input name='input_12' id='input_2_12' type='file' class='medium' aria-describedby='validation_message_2_12 live_validation_message_2_12 extensions_message_2_12' onchange='javascript:gformValidateFileSize( this, 10485760 );'  \/><span id='extensions_message_2_12' class='screen-reader-text'>Tipos de archivos aceptados: pdf.<\/span><div class='validation_message' id='live_validation_message_2_12'><\/div><\/div><\/li><li id='field_2_16'  class='gfield gfield_contains_required field_sublabel_below field_description_below gfield_visibility_visible' ><label class='gfield_label' for='input_2_16' >Copia de las transcripciones firmadas (pdf)<span class='gfield_required'>*<\/span><\/label><div class='ginput_container ginput_container_fileupload'><input type='hidden' name='MAX_FILE_SIZE' value='20971520' \/><input name='input_16' id='input_2_16' type='file' class='medium' aria-describedby='validation_message_2_16 live_validation_message_2_16 extensions_message_2_16' onchange='javascript:gformValidateFileSize( this, 20971520 );'  \/><span id='extensions_message_2_16' class='screen-reader-text'>Tipos de archivos aceptados: pdf.<\/span><div class='validation_message' id='live_validation_message_2_16'><\/div><\/div><\/li><li id='field_2_13'  class='gfield gfield_contains_required field_sublabel_below field_description_below gfield_visibility_visible' ><label class='gfield_label' for='input_2_13' >CV o curr\u00edculum vitae (pdf)<span class='gfield_required'>*<\/span><\/label><div class='ginput_container ginput_container_fileupload'><input type='hidden' name='MAX_FILE_SIZE' value='10485760' \/><input name='input_13' id='input_2_13' type='file' class='medium' aria-describedby='validation_message_2_13 live_validation_message_2_13 extensions_message_2_13' onchange='javascript:gformValidateFileSize( this, 10485760 );'  \/><span id='extensions_message_2_13' class='screen-reader-text'>Tipos de archivos aceptados: pdf.<\/span><div class='validation_message' id='live_validation_message_2_13'><\/div><\/div><\/li><li id='field_2_18'  class='gfield gfield_contains_required field_sublabel_below field_description_below gfield_visibility_visible' ><label class='gfield_label'  >Estado de resultados de los dos \u00faltimos a\u00f1os (pdf)<span class='gfield_required'>*<\/span><\/label><div class='ginput_container ginput_container_fileupload'><div id='gform_multifile_upload_2_18' data-settings='{&quot;runtimes&quot;:&quot;html5,flash,html4&quot;,&quot;browse_button&quot;:&quot;gform_browse_button_2_18&quot;,&quot;container&quot;:&quot;gform_multifile_upload_2_18&quot;,&quot;drop_element&quot;:&quot;gform_drag_drop_area_2_18&quot;,&quot;filelist&quot;:&quot;gform_preview_2_18&quot;,&quot;unique_names&quot;:true,&quot;file_data_name&quot;:&quot;file&quot;,&quot;url&quot;:&quot;https:\\\/\\\/licensed.innovation360.com\\\/es\\\/?gf_page=4aea2f59ddb76f0&quot;,&quot;flash_swf_url&quot;:&quot;https:\\\/\\\/licensed.innovation360.com\\\/wp-includes\\\/js\\\/plupload\\\/plupload.flash.swf&quot;,&quot;silverlight_xap_url&quot;:&quot;https:\\\/\\\/licensed.innovation360.com\\\/wp-includes\\\/js\\\/plupload\\\/plupload.silverlight.xap&quot;,&quot;filters&quot;:{&quot;mime_types&quot;:[{&quot;title&quot;:&quot;Archivos permitidos&quot;,&quot;extensions&quot;:&quot;pdf&quot;}],&quot;max_file_size&quot;:&quot;10485760b&quot;},&quot;multipart&quot;:true,&quot;urlstream_upload&quot;:false,&quot;multipart_params&quot;:{&quot;form_id&quot;:2,&quot;field_id&quot;:18},&quot;gf_vars&quot;:{&quot;max_files&quot;:&quot;2&quot;,&quot;message_id&quot;:&quot;gform_multifile_messages_2_18&quot;,&quot;disallowed_extensions&quot;:[&quot;php&quot;,&quot;asp&quot;,&quot;aspx&quot;,&quot;cmd&quot;,&quot;csh&quot;,&quot;bat&quot;,&quot;html&quot;,&quot;htm&quot;,&quot;hta&quot;,&quot;jar&quot;,&quot;exe&quot;,&quot;com&quot;,&quot;js&quot;,&quot;lnk&quot;,&quot;htaccess&quot;,&quot;phtml&quot;,&quot;ps1&quot;,&quot;ps2&quot;,&quot;php3&quot;,&quot;php4&quot;,&quot;php5&quot;,&quot;php6&quot;,&quot;py&quot;,&quot;rb&quot;,&quot;tmp&quot;]}}' class='gform_fileupload_multifile'>\n\t\t\t\t\t\t\t\t\t\t<div id='gform_drag_drop_area_2_18' class='gform_drop_area'>\n\t\t\t\t\t\t\t\t\t\t\t<span class='gform_drop_instructions'>Suelta archivos aqu\u00ed o <\/span>\n\t\t\t\t\t\t\t\t\t\t\t<input id='gform_browse_button_2_18' type='button' value='Selecciona archivos' class='button gform_button_select_files' aria-describedby='extensions_message_2_18'  \/>\n\t\t\t\t\t\t\t\t\t\t<\/div>\n\t\t\t\t\t\t\t\t\t<\/div><span id='extensions_message_2_18' class='screen-reader-text'>Tipos de archivos aceptados: pdf.<\/span><div class='validation_message'>\n\t\t\t\t\t\t\t\t<ul id='gform_multifile_messages_2_18'>\n\t\t\t\t\t\t\t\t<\/ul>\n\t\t\t\t\t\t\t<\/div><\/div><div id='gform_preview_2_18'><\/div><\/li><li id='field_2_20'  class='gfield gfield_contains_required field_sublabel_below field_description_below gfield_visibility_visible' ><label class='gfield_label' for='input_2_20' >Plan de ventas tangible para usar la Acreditaci\u00f3n para construir su propio negocio, expandir un negocio existente o apoyar el trabajo gubernamental o regional (pdf)<span class='gfield_required'>*<\/span><\/label><div class='ginput_container ginput_container_fileupload'><input type='hidden' name='MAX_FILE_SIZE' value='10485760' \/><input name='input_20' id='input_2_20' type='file' class='medium' aria-describedby='validation_message_2_20 live_validation_message_2_20 extensions_message_2_20' onchange='javascript:gformValidateFileSize( this, 10485760 );'  \/><span id='extensions_message_2_20' class='screen-reader-text'>Tipos de archivos aceptados: pdf.<\/span><div class='validation_message' id='live_validation_message_2_20'><\/div><\/div><\/li><li id='field_2_19'  class='gfield gfield_contains_required field_sublabel_below field_description_below gfield_visibility_visible' ><label class='gfield_label' for='input_2_19' >Foto (pdf)<span class='gfield_required'>*<\/span><\/label><div class='ginput_container ginput_container_fileupload'><input type='hidden' name='MAX_FILE_SIZE' value='10485760' \/><input name='input_19' id='input_2_19' type='file' class='medium' aria-describedby='validation_message_2_19 live_validation_message_2_19 extensions_message_2_19' onchange='javascript:gformValidateFileSize( this, 10485760 );'  \/><span id='extensions_message_2_19' class='screen-reader-text'>Tipos de archivos aceptados: pdf.<\/span><div class='validation_message' id='live_validation_message_2_19'><\/div><\/div><\/li><li id='field_2_14'  class='gfield field_sublabel_below field_description_below gfield_visibility_visible' ><label class='gfield_label' for='input_2_14' >CAPTCHA<\/label><div id='input_2_14' class='ginput_container ginput_recaptcha' data-sitekey='6LfwcbAUAAAAAMa2uJbKYe3mu0fR1nRF3BQeFFAK'  data-theme='light' data-tabindex='0'  data-badge=''><\/div><\/li>\n                            <\/ul><\/div>\n        <div class='gform_footer top_label'> <input type='submit' id='gform_submit_button_2' class='gform_button button' value='Enviar'  onclick='if(window[\"gf_submitting_2\"]){return false;}  window[\"gf_submitting_2\"]=true;  ' onkeypress='if( event.keyCode == 13 ){ if(window[\"gf_submitting_2\"]){return false;} window[\"gf_submitting_2\"]=true;  jQuery(\"#gform_2\").trigger(\"submit\",[true]); }' \/> \n            <input type='hidden' class='gform_hidden' name='is_submit_2' value='1' \/>\n            <input type='hidden' class='gform_hidden' name='gform_submit' value='2' \/>\n            \n            <input type='hidden' class='gform_hidden' name='gform_unique_id' value='' \/>\n            <input type='hidden' class='gform_hidden' name='state_2' value='WyJbXSIsIjMyMzQ2ZTNhMGZlODFlOTAxZmU2YWY4MzM2OTliMmU0Il0=' \/>\n            <input type='hidden' class='gform_hidden' name='gform_target_page_number_2' id='gform_target_page_number_2' value='0' \/>\n            <input type='hidden' class='gform_hidden' name='gform_source_page_number_2' id='gform_source_page_number_2' value='1' \/>\n            <input type='hidden' name='gform_field_values' value='' \/>\n            <input type='hidden' name='gform_uploaded_files' id='gform_uploaded_files_2' value='' \/>\n        <\/div>\n                        <\/form>\n                        <\/div><script type='text\/javascript'> jQuery(document).bind('gform_post_render', function(event, formId, currentPage){if(formId == 2) {} } );jQuery(document).bind('gform_post_conditional_logic', function(event, formId, fields, isInit){} );<\/script><script type='text\/javascript'> jQuery(document).ready(function(){jQuery(document).trigger('gform_post_render', [2, 1]) } ); <\/script>\n","protected":false},"excerpt":{"rendered":"Solicitar beca Nombre completo*Correo electr\u00f3nico* Ubicaci\u00f3n*Seleccione c\u00f3mo trabajar\u00e1 con nosotros despu\u00e9s de una posible beca (sin empleo)* Como trabajador por [...]","protected":false},"author":5,"featured_media":0,"parent":0,"menu_order":0,"comment_status":"closed","ping_status":"closed","template":"","meta":{"footnotes":""},"_links":{"self":[{"href":"https:\/\/licensed.innovation360.com\/es\/wp-json\/wp\/v2\/pages\/102616"}],"collection":[{"href":"https:\/\/licensed.innovation360.com\/es\/wp-json\/wp\/v2\/pages"}],"about":[{"href":"https:\/\/licensed.innovation360.com\/es\/wp-json\/wp\/v2\/types\/page"}],"author":[{"embeddable":true,"href":"https:\/\/licensed.innovation360.com\/es\/wp-json\/wp\/v2\/users\/5"}],"replies":[{"embeddable":true,"href":"https:\/\/licensed.innovation360.com\/es\/wp-json\/wp\/v2\/comments?post=102616"}],"version-history":[{"count":0,"href":"https:\/\/licensed.innovation360.com\/es\/wp-json\/wp\/v2\/pages\/102616\/revisions"}],"wp:attachment":[{"href":"https:\/\/licensed.innovation360.com\/es\/wp-json\/wp\/v2\/media?parent=102616"}],"curies":[{"name":"wp","href":"https:\/\/api.w.org\/{rel}","templated":true}]}}