{"id":102640,"date":"2022-07-24T16:06:47","date_gmt":"2022-07-24T16:06:47","guid":{"rendered":"https:\/\/licensed.innovation360.com\/beca-de-innovacion-innovation-360-licensed-partitioner\/"},"modified":"2026-04-12T08:02:28","modified_gmt":"2026-04-12T08:02:28","slug":"beca-de-innovacion-innovation-360-licensed-partitioner","status":"publish","type":"page","link":"https:\/\/licensed.innovation360.com\/es\/acreditacion\/beca-de-innovacion-innovation-360-licensed-partitioner\/","title":{"rendered":"Beca de innovaci\u00f3n Innovation 360 Licensed Partitioner"},"content":{"rendered":"<div class=\"wpb-content-wrapper\"><p>[vc_row row_height_percent=\u00bb0&#8243; back_color=\u00bbcolor-lxmt\u00bb overlay_alpha=\u00bb84&#8243; gutter_size=\u00bb3&#8243; column_width_percent=\u00bb100&#8243; shift_y=\u00bb0&#8243; z_index=\u00bb0&#8243;][vc_column width=\u00bb1\/1&#8243;][vc_single_image media=\u00bb102645&#8243; media_width_percent=\u00bb100&#8243; media_ratio=\u00bbtwentyone-nine\u00bb alignment=\u00bbcenter\u00bb uncode_shortcode_id=\u00bb876640&#8243;][\/vc_column][\/vc_row][vc_row row_height_percent=\u00bb0&#8243; back_color=\u00bbcolor-lxmt\u00bb overlay_alpha=\u00bb50&#8243; gutter_size=\u00bb3&#8243; column_width_percent=\u00bb100&#8243; shift_y=\u00bb0&#8243; z_index=\u00bb0&#8243;][vc_column width=\u00bb1\/1&#8243;][vc_custom_heading text_color=\u00bbaccent\u00bb heading_semantic=\u00bbh3&#8243; text_size=\u00bbfontsize-155944&#8243; uncode_shortcode_id=\u00bb787910&#8243; text_color_type=\u00bbuncode-palette\u00bb]Beca Innovaci\u00f3n 360[\/vc_custom_heading][vc_column_text text_lead=\u00bbyes\u00bb uncode_shortcode_id=\u00bb151179&#8243;]<\/p>\n<h2>Sobre el programa<\/h2>\n<p style=\"font-weight: 400;\">Estamos en constante b\u00fasqueda de talentos para hacer del mundo un lugar mejor. Nosotros, y muchas instituciones respetadas con nosotros, incluida la ONU, creemos que la gesti\u00f3n de la innovaci\u00f3n es la clave para encontrar la soluci\u00f3n que necesitamos desesperadamente para restaurar y desarrollar a\u00fan m\u00e1s nuestro mundo. <\/p>\n<p style=\"font-weight: 400;\">Todas las preguntas cr\u00edticas est\u00e1n llenas de una carga de incertidumbre. Por lo tanto, no se resuelven. La gesti\u00f3n de la incertidumbre es el papel de la gesti\u00f3n de la innovaci\u00f3n. Las cuestiones que van desde c\u00f3mo gestionar y optimizar nuestro suministro y utilizaci\u00f3n de energ\u00eda, el acceso a alimentos y agua seguros, la medicina, la educaci\u00f3n, el transporte, la fabricaci\u00f3n y c\u00f3mo podr\u00edamos hacer uso de la inteligencia artificial son cuestiones de gobernanza, procesos, cultura y capacidades adecuadas de la gesti\u00f3n de la innovaci\u00f3n.   <\/p>\n<p style=\"font-weight: 400;\">Junto con nuestros patrocinadores, estamos orgullosos de ofrecer una beca a personas ambiciosas que trabajan en el campo de la gesti\u00f3n de la innovaci\u00f3n y buscan la orientaci\u00f3n, las herramientas, los datos y los servicios de Innovation 360 para superarlos al siguiente nivel y unirse a nuestro objetivo compartido de hacer del mundo un lugar mejor.<\/p>\n<p style=\"font-weight: 400;\">Las becas otorgadas se publicar\u00e1n y presentar\u00e1n para inspirar a otros a trabajar duro y ser la mejor versi\u00f3n de s\u00ed mismos.<\/p>\n<h2>Requisitos de elegibilidad<\/h2>\n<ul>\n<li>Dos a\u00f1os de experiencia como consultor<\/li>\n<li>Unos ingresos que no superen los 40.000 euros anuales<\/li>\n<\/ul>\n<h2>Proceso de solicitud<\/h2>\n<ul>\n<li>Garantizar que se cumplan los requisitos de elegibilidad<\/li>\n<li>Proporcionar dos cartas de recomendaci\u00f3n<\/li>\n<li>Proporcionar una carta de motivaci\u00f3n<\/li>\n<li>Proporcionar una copia de los expedientes acad\u00e9micos.<\/li>\n<li>Proporcionar un CV o curr\u00edculum vitae<\/li>\n<li>Proporcione su estado de ingresos de los dos \u00faltimos a\u00f1os<\/li>\n<li>Proporcionar un plan de ventas tangible para usar la Acreditaci\u00f3n para construir su propio negocio, expandir un negocio existente o apoyar el trabajo gubernamental o regional.<\/li>\n<\/ul>\n<p style=\"font-weight: 400;\">La solicitud se env\u00eda enviando todos los documentos en un pdf de menos de 10 Mb. Las solicitudes incompletas ser\u00e1n ignoradas. No hay posibilidad de afectar al jurado o anular los resultados; La decisi\u00f3n es inapelable. Por lo general, el tiempo de aplicaci\u00f3n es de 6 a 8 semanas.   <\/p>\n<h2>Beca de Gesti\u00f3n de la Innovaci\u00f3n<\/h2>\n<p style=\"font-weight: 400;\">La beca le otorga hasta 3.000 euros, que se utilizar\u00e1n en un plazo de seis meses para financiar la participaci\u00f3n en la acreditaci\u00f3n, calificaci\u00f3n o renovaci\u00f3n de la acreditaci\u00f3n dirigida por un instructor (no a su propio ritmo). La lista de precios de las acreditaciones y calificaciones se encontrar\u00e1 <a href=\"https:\/\/licensed.innovation360.com\/faq\/\">aqu\u00ed<\/a>: <\/p>\n<p>[\/vc_column_text][\/vc_column][\/vc_row][vc_row row_height_percent=\u00bb0&#8243; back_color=\u00bbcolor-lxmt\u00bb overlay_alpha=\u00bb50&#8243; gutter_size=\u00bb3&#8243; column_width_percent=\u00bb100&#8243; shift_y=\u00bb0&#8243; z_index=\u00bb0&#8243;][vc_column width=\u00bb1\/3&#8243;][\/vc_column][vc_column column_width_percent=\u00bb100&#8243; gutter_size=\u00bb3&#8243; overlay_alpha=\u00bb50&#8243; shift_x=\u00bb0&#8243; shift_y=\u00bb0&#8243; shift_y_down=\u00bb0&#8243; z_index=\u00bb0&#8243; medium_width=\u00bb0&#8243; mobile_width=\u00bb0&#8243; width=\u00bb1\/3&#8243;][vc_button button_color=\u00bbaccent\u00bb size=\u00bbbtn-lg\u00bb radius=\u00bbbtn-round\u00bb border_width=\u00bb0&#8243; css_animation=\u00bbzoom-in\u00bb link=\u00bburl:https%3A%2F%2Flicensed.innovation360.com%2Fes%2Fpagina-de-solicitud-de-becas%2F|title:Scholarship%20Application%20Page|\u00bb button_color_type=\u00bbuncode-palette\u00bb uncode_shortcode_id=\u00bb443201&#8243;]Iniciar el proceso de becas [\/vc_button][\/vc_column][vc_column width=\u00bb1\/3&#8243;][\/vc_column][\/vc_row]<\/p>\n<\/div>","protected":false},"excerpt":{"rendered":"<p>[vc_row row_height_percent=\u00bb0&#8243; back_color=\u00bbcolor-lxmt\u00bb overlay_alpha=\u00bb84&#8243; gutter_size=\u00bb3&#8243; column_width_percent=\u00bb100&#8243; shift_y=\u00bb0&#8243; z_index=\u00bb0&#8243;][vc_column width=\u00bb1\/1&#8243;][vc_single_image media=\u00bb102645&#8243; media_width_percent=\u00bb100&#8243; media_ratio=\u00bbtwentyone-nine\u00bb alignment=\u00bbcenter\u00bb uncode_shortcode_id=\u00bb876640&#8243;][\/vc_column][\/vc_row][vc_row row_height_percent=\u00bb0&#8243; back_color=\u00bbcolor-lxmt\u00bb overlay_alpha=\u00bb50&#8243; gutter_size=\u00bb3&#8243; column_width_percent=\u00bb100&#8243; shift_y=\u00bb0&#8243; [&hellip;]<\/p>\n","protected":false},"author":5,"featured_media":0,"parent":102994,"menu_order":0,"comment_status":"closed","ping_status":"closed","template":"","meta":{"footnotes":""},"_links":{"self":[{"href":"https:\/\/licensed.innovation360.com\/es\/wp-json\/wp\/v2\/pages\/102640"}],"collection":[{"href":"https:\/\/licensed.innovation360.com\/es\/wp-json\/wp\/v2\/pages"}],"about":[{"href":"https:\/\/licensed.innovation360.com\/es\/wp-json\/wp\/v2\/types\/page"}],"author":[{"embeddable":true,"href":"https:\/\/licensed.innovation360.com\/es\/wp-json\/wp\/v2\/users\/5"}],"replies":[{"embeddable":true,"href":"https:\/\/licensed.innovation360.com\/es\/wp-json\/wp\/v2\/comments?post=102640"}],"version-history":[{"count":5,"href":"https:\/\/licensed.innovation360.com\/es\/wp-json\/wp\/v2\/pages\/102640\/revisions"}],"predecessor-version":[{"id":102672,"href":"https:\/\/licensed.innovation360.com\/es\/wp-json\/wp\/v2\/pages\/102640\/revisions\/102672"}],"up":[{"embeddable":true,"href":"https:\/\/licensed.innovation360.com\/es\/wp-json\/wp\/v2\/pages\/102994"}],"wp:attachment":[{"href":"https:\/\/licensed.innovation360.com\/es\/wp-json\/wp\/v2\/media?parent=102640"}],"curies":[{"name":"wp","href":"https:\/\/api.w.org\/{rel}","templated":true}]}}