{"id":102675,"date":"2020-07-30T16:46:21","date_gmt":"2020-07-30T16:46:21","guid":{"rendered":"https:\/\/licensed.innovation360.com\/la-diferencia-entre-capacidad-y-competencia\/"},"modified":"2026-04-12T08:01:46","modified_gmt":"2026-04-12T08:01:46","slug":"la-diferencia-entre-capacidad-y-competencia","status":"publish","type":"page","link":"https:\/\/licensed.innovation360.com\/es\/la-diferencia-entre-capacidad-y-competencia\/","title":{"rendered":"La diferencia entre Capacidad y Competencia"},"content":{"rendered":"<div class=\"wpb-content-wrapper\"><p>[vc_row][vc_column column_width_percent=\u00bb100&#8243; align_horizontal=\u00bbalign_center\u00bb gutter_size=\u00bb3&#8243; overlay_alpha=\u00bb50&#8243; shift_x=\u00bb0&#8243; shift_y=\u00bb0&#8243; shift_y_down=\u00bb0&#8243; z_index=\u00bb0&#8243; medium_width=\u00bb0&#8243; mobile_width=\u00bb0&#8243; width=\u00bb1\/1&#8243;][vc_custom_heading heading_semantic=\u00bbh1&#8243; text_size=\u00bbfontsize-155944&#8243;]La diferencia entre Capacidad y Competencia[\/vc_custom_heading][\/vc_column][\/vc_row][vc_row][vc_column width=\u00bb1\/2&#8243;][vc_column_text]<\/p>\n<p style=\"font-weight: 400;\">\u00bfCu\u00e1l es la diferencia entre estos t\u00e9rminos aparentemente id\u00e9nticos? La respuesta simple es que las capacidades se ven como gen\u00e9ricas, mientras que la competencia se encuentra en campos m\u00e1s especializados. Dentro de la organizaci\u00f3n, seg\u00fan Assink (2006), el t\u00e9rmino <em>capacidades<\/em> enfatiza el papel clave de la gesti\u00f3n estrat\u00e9gica en la adaptaci\u00f3n, integraci\u00f3n y reconfiguraci\u00f3n apropiada de las habilidades organizacionales, los recursos y las competencias funcionales para que coincidan con los requisitos de un entorno cambiante.  <\/p>\n<p style=\"font-weight: 400;\">A menudo, el t\u00e9rmino <em>conocimiento<\/em> se utiliza para describir lo que sabemos espec\u00edficamente, mientras que la <em>competencia<\/em> es m\u00e1s amplia e incluye la capacidad cognitiva (inteligencia), las habilidades motoras y las habilidades art\u00edsticas. En este libro, al igual que en el marco Innovation360 para la innovaci\u00f3n, utilizamos los dos t\u00e9rminos de la siguiente manera: <\/p>\n<p style=\"font-weight: 400;\">Utilizamos la <em>capacidad<\/em> para definir \u00abla capacidad organizativa de una empresa para emprender con \u00e9xito una acci\u00f3n que est\u00e1 destinada a afectar su crecimiento a largo plazo y su desarrollo interno y externo\u00bb. Utilizamos la <em>competencia<\/em> en un sentido amplio para definir \u00abel conocimiento que eres capaz de utilizar en diferentes niveles: en la red de colaboraci\u00f3n, la organizaci\u00f3n y la unidad organizativa, as\u00ed como a nivel individual y personal\u00bb. <\/p>\n<p style=\"font-weight: 400;\">Como se ilustra en la Tabla 1, los requisitos de <em>competencia<\/em> para el primer horizonte a menudo se comprenden bien, y se puede hacer un an\u00e1lisis de brechas en cada uno de los grupos e individuos en funci\u00f3n de su papel y responsabilidad. Sin embargo, se desconocen los requisitos de competencia para el segundo y tercer horizonte. Al mismo tiempo, el requisito de <em>capacidad<\/em> se puede mapear a cada uno de los horizontes y, por lo tanto, tambi\u00e9n a los equipos, en funci\u00f3n del horizonte en el que deben trabajar. Por lo tanto, es importante entender esta diferencia a la hora de construir una organizaci\u00f3n para una innovaci\u00f3n exitosa en los tres horizontes.   <\/p>\n<p>[\/vc_column_text][\/vc_column][vc_column width=\u00bb1\/2&#8243;][vc_single_image media=\u00bb102677&#8243; caption=\u00bbyes\u00bb media_width_percent=\u00bb100&#8243; alignment=\u00bbcenter\u00bb][vc_column_text]<i><span lang=\"EN-US\">Tabla 1: Caracter\u00edsticas del horizonte. Basado en el trabajo realizado entre 2008 y 2016 por Penker, Ohr y McFarthing (2013), Jaruzelski y Dehoff (2010) y Loewe, Williamson y Wood (2001).   <\/span>Todos los datos se recogen y analizan en InnoSurvey (2016)<\/i>[\/vc_column_text][\/vc_column][\/vc_row]<\/p>\n<\/div>","protected":false},"excerpt":{"rendered":"<p>[vc_row][vc_column column_width_percent=\u00bb100&#8243; align_horizontal=\u00bbalign_center\u00bb gutter_size=\u00bb3&#8243; overlay_alpha=\u00bb50&#8243; shift_x=\u00bb0&#8243; shift_y=\u00bb0&#8243; shift_y_down=\u00bb0&#8243; z_index=\u00bb0&#8243; medium_width=\u00bb0&#8243; mobile_width=\u00bb0&#8243; width=\u00bb1\/1&#8243;][vc_custom_heading heading_semantic=\u00bbh1&#8243; text_size=\u00bbfontsize-155944&#8243;]La diferencia entre Capacidad y Competencia[\/vc_custom_heading][\/vc_column][\/vc_row][vc_row][vc_column width=\u00bb1\/2&#8243;][vc_column_text] [&hellip;]<\/p>\n","protected":false},"author":1,"featured_media":0,"parent":0,"menu_order":0,"comment_status":"closed","ping_status":"closed","template":"","meta":{"footnotes":""},"_links":{"self":[{"href":"https:\/\/licensed.innovation360.com\/es\/wp-json\/wp\/v2\/pages\/102675"}],"collection":[{"href":"https:\/\/licensed.innovation360.com\/es\/wp-json\/wp\/v2\/pages"}],"about":[{"href":"https:\/\/licensed.innovation360.com\/es\/wp-json\/wp\/v2\/types\/page"}],"author":[{"embeddable":true,"href":"https:\/\/licensed.innovation360.com\/es\/wp-json\/wp\/v2\/users\/1"}],"replies":[{"embeddable":true,"href":"https:\/\/licensed.innovation360.com\/es\/wp-json\/wp\/v2\/comments?post=102675"}],"version-history":[{"count":11,"href":"https:\/\/licensed.innovation360.com\/es\/wp-json\/wp\/v2\/pages\/102675\/revisions"}],"predecessor-version":[{"id":102724,"href":"https:\/\/licensed.innovation360.com\/es\/wp-json\/wp\/v2\/pages\/102675\/revisions\/102724"}],"wp:attachment":[{"href":"https:\/\/licensed.innovation360.com\/es\/wp-json\/wp\/v2\/media?parent=102675"}],"curies":[{"name":"wp","href":"https:\/\/api.w.org\/{rel}","templated":true}]}}