{"id":102863,"date":"2019-08-01T03:45:13","date_gmt":"2019-08-01T03:45:13","guid":{"rendered":"https:\/\/licensed.innovation360.com\/historias-de-innovacion\/"},"modified":"2026-04-12T08:20:16","modified_gmt":"2026-04-12T08:20:16","slug":"historias-de-innovacion","status":"publish","type":"page","link":"https:\/\/licensed.innovation360.com\/es\/comunidad\/historias-de-innovacion\/","title":{"rendered":"Historias de innovaci\u00f3n"},"content":{"rendered":"<div class=\"wpb-content-wrapper\"><p>[vc_row][vc_column column_width_percent=\u00bb100&#8243; align_horizontal=\u00bbalign_center\u00bb gutter_size=\u00bb3&#8243; overlay_alpha=\u00bb50&#8243; shift_x=\u00bb0&#8243; shift_y=\u00bb0&#8243; shift_y_down=\u00bb0&#8243; z_index=\u00bb0&#8243; medium_width=\u00bb0&#8243; mobile_width=\u00bb0&#8243; width=\u00bb1\/1&#8243;][vc_custom_heading heading_semantic=\u00bbh1&#8243; text_size=\u00bbh1&#8243; uncode_shortcode_id=\u00bb101918&#8243;]Historias de innovaci\u00f3n[\/vc_custom_heading][vc_column_text text_lead=\u00bbyes\u00bb]Bienvenidos a nuestra colecci\u00f3n de historias de innovaci\u00f3n de <a href=\"https:\/\/licensed.innovation360.com\/es\/acreditacion\/\">profesionales licenciados<\/a> de todo el mundo. Estas historias de innovaci\u00f3n muestran c\u00f3mo los profesionales utilizan <a href=\"https:\/\/licensed.innovation360.com\/es\/herramientas-de-innovacion\/\">las herramientas de Innovation360<\/a> para impulsar un cambio significativo. Desde el desarrollo del liderazgo hasta el crecimiento estrat\u00e9gico, cada historia revela el verdadero impacto de la <a href=\"https:\/\/licensed.innovation360.com\/es\/metodologia-de-innovacion-por-innovation-360\/\">gesti\u00f3n estructurada de la innovaci\u00f3n<\/a>. Como resultado, las organizaciones de todos los sectores construyen culturas de innovaci\u00f3n m\u00e1s fuertes cada d\u00eda.   <\/p>\n<h2>Historias de innovaci\u00f3n de nuestra comunidad global<\/h2>\n<p>A continuaci\u00f3n encontrar\u00e1s una selecci\u00f3n de historias de innovaci\u00f3n compartidas por nuestros Profesionales Licenciados. Cada profesional aporta una perspectiva \u00fanica sobre c\u00f3mo el marco Innovation360 les ayuda a ofrecer resultados a sus clientes.[\/vc_column_text][\/vc_column][\/vc_row][vc_row][vc_column width=\u00bb2\/3&#8243;][vc_column_text text_lead=\u00bbyes\u00bb]<\/p>\n<h3>Transformando el trabajo del cliente mediante marcos de innovaci\u00f3n<\/h3>\n<p>\u00abLas herramientas y t\u00e9cnicas de Innovation360 han transformado la forma en que trabajo con mis clientes. El Marco de Innovaci\u00f3n proporciona una estructura clara y sencilla para entender por qu\u00e9, qu\u00e9 y c\u00f3mo innova una organizaci\u00f3n. Como resultado, conecta inmediatamente con la gente.\u00bb Adem\u00e1s, pasar por la certificaci\u00f3n InnovationIQ ofrece una comprensi\u00f3n completamente nueva de qu\u00e9 es la innovaci\u00f3n y por qu\u00e9 importa. Adem\u00e1s, la puntuaci\u00f3n InnovationIQ es una forma poderosa de medir la capacidad de innovaci\u00f3n y sirve como una gran herramienta de marketing. Adem\u00e1s, la evaluaci\u00f3n comparativa de <a href=\"https:\/\/licensed.innovation360.com\/es\/innosurvey\/\">InnoSurvey\u00ae<\/a> es extremadamente valiosa. Sin embargo, el verdadero valor reside en el proceso que seguimos con los clientes. Me encanta ver los muchos momentos de &#8216;bombilla&#8217; a lo largo del camino. <strong>Dra. Kelly Clark \u2013<\/strong> <strong>Cintur\u00f3n\u2122 Verde de Gesti\u00f3n de la Innovaci\u00f3n IMGB<\/strong> de Irlanda del Norte[\/vc_column_text][\/vc_column][vc_column width=\u00bb1\/3&#8243;][vc_single_image media=\u00bb80298&#8243; media_width_percent=\u00bb75&#8243; shape=\u00bbimg-circle\u00bb][\/vc_column][\/vc_row][vc_row][vc_column width=\u00bb2\/3&#8243;][vc_column_text text_lead=\u00bbyes\u00bb uncode_shortcode_id=\u00bb572151&#8243;]<\/p>\n<h3>Avanzar en el liderazgo en innovaci\u00f3n a trav\u00e9s de la ISO 56000<\/h3>\n<p data-start=\"810\" data-end=\"1180\">Eric C. Peterson ha sido un colaborador valioso de Innovation360 durante muchos a\u00f1os, contribuyendo a compromisos con clientes y a importantes iniciativas de innovaci\u00f3n. Hoy, como asesor independiente, contin\u00faa construyendo sobre esa base con un fuerte enfoque en la ISO 56000 y el avance del liderazgo estructurado en innovaci\u00f3n. <\/p>\n<p data-start=\"1182\" data-end=\"1552\">Con un doctorado en Gesti\u00f3n de la Innovaci\u00f3n y un cintur\u00f3n verde IMGB en Gesti\u00f3n de la Innovaci\u00f3n, y con experiencia en Carriers y otras empresas Fortune 500, Eric aporta una s\u00f3lida combinaci\u00f3n de visi\u00f3n estrat\u00e9gica y pr\u00e1ctica pr\u00e1ctica. Considera la ISO 56000 como un marco clave para las organizaciones que buscan fortalecer la capacidad de innovaci\u00f3n, el liderazgo y la creaci\u00f3n de valor a largo plazo. <\/p>\n<p>[\/vc_column_text][\/vc_column][vc_column column_width_percent=\u00bb75&#8243; gutter_size=\u00bb3&#8243; override_padding=\u00bbyes\u00bb column_padding=\u00bb1&#8243; overlay_alpha=\u00bb50&#8243; shift_x=\u00bb0&#8243; shift_y=\u00bb0&#8243; shift_y_down=\u00bb0&#8243; z_index=\u00bb0&#8243; medium_width=\u00bb0&#8243; mobile_width=\u00bb0&#8243; width=\u00bb1\/3&#8243;][vc_single_image media=\u00bb102868&#8243; media_width_percent=\u00bb90&#8243; shape=\u00bbimg-circle\u00bb uncode_shortcode_id=\u00bb815309&#8243;][\/vc_column][\/vc_row][vc_row][vc_column width=\u00bb2\/3&#8243;][vc_column_text text_lead=\u00bbyes\u00bb uncode_shortcode_id=\u00bb225685&#8243;]<\/p>\n<h3>Impulsando el liderazgo en innovaci\u00f3n en Suecia e internacionalmente<\/h3>\n<p data-start=\"1623\" data-end=\"2069\">Tord Thunman es cintur\u00f3n negro de IMBB en Gesti\u00f3n de la Innovaci\u00f3n, Gold Partner en el Svenska Change Institute y asesor experimentado en gesti\u00f3n de la innovaci\u00f3n y liderazgo del cambio. A trav\u00e9s de su trabajo en Suecia y a nivel internacional, lidera programas de formaci\u00f3n CApIL y apoya a organizaciones comprometidas con el fortalecimiento de la capacidad de innovaci\u00f3n y la creaci\u00f3n de valor a largo plazo. <\/p>\n<p data-start=\"2071\" data-end=\"2419\">En m\u00faltiples proyectos, Tord utiliza las evaluaciones de InnoSurvey como base para la asesor\u00eda en gesti\u00f3n de innovaci\u00f3n, la implementaci\u00f3n y el desarrollo de capacidades. Combinado con su trabajo como l\u00edder de cambio y coach, y su uso de herramientas como Spesred, ayuda a las organizaciones a construir enfoques estructurados para la innovaci\u00f3n, la transformaci\u00f3n y el crecimiento sostenible. <\/p>\n<p>[\/vc_column_text][\/vc_column][vc_column column_width_percent=\u00bb70&#8243; gutter_size=\u00bb3&#8243; overlay_alpha=\u00bb50&#8243; shift_x=\u00bb0&#8243; shift_y=\u00bb0&#8243; shift_y_down=\u00bb0&#8243; z_index=\u00bb0&#8243; medium_width=\u00bb0&#8243; mobile_width=\u00bb0&#8243; width=\u00bb1\/3&#8243;][vc_single_image media=\u00bb108952&#8243; media_width_percent=\u00bb100&#8243; shape=\u00bbimg-circle\u00bb uncode_shortcode_id=\u00bb460362&#8243;][\/vc_column][\/vc_row][vc_row][vc_column width=\u00bb2\/3&#8243;][vc_column_text text_lead=\u00bbyes\u00bb uncode_shortcode_id=\u00bb600124&#8243;]<\/p>\n<h3>Desde el marco hasta el impacto real en Jordania<\/h3>\n<p data-start=\"58\" data-end=\"448\">En Beyond Consulting en Jordania, la innovaci\u00f3n se convirti\u00f3 en algo m\u00e1s que una metodolog\u00eda utilizada con los clientes. Entre el cuarto trimestre de 2024 y el cuarto trimestre de 2025, la empresa aplic\u00f3 la innovaci\u00f3n de forma sistem\u00e1tica dentro de su propio negocio y logr\u00f3 una mejora de casi el 10% en sus capacidades de innovaci\u00f3n. Su \u00edndice InnovationIQ aument\u00f3 de 52 a 57, mientras que el rendimiento financiero creci\u00f3 un 22%.  <\/p>\n<p data-start=\"450\" data-end=\"834\">Para Marwan Ata, fundador y CEO, cintur\u00f3n negro de IMBB Innovation Management y Gold Partner en Jordania, los resultados confirman un mensaje claro: la innovaci\u00f3n no es una actividad secundaria, sino un sistema integrado que moldea el pensamiento, la toma de decisiones y la creaci\u00f3n de valor. Este recorrido pr\u00e1ctico ahora fortalece c\u00f3mo Beyond Consulting apoya a los clientes con un liderazgo en innovaci\u00f3n cre\u00edble y basado en la experiencia. <\/p>\n<p>[\/vc_column_text][\/vc_column][vc_column column_width_percent=\u00bb70&#8243; gutter_size=\u00bb3&#8243; overlay_alpha=\u00bb50&#8243; shift_x=\u00bb0&#8243; shift_y=\u00bb0&#8243; shift_y_down=\u00bb0&#8243; z_index=\u00bb0&#8243; medium_width=\u00bb0&#8243; mobile_width=\u00bb0&#8243; width=\u00bb1\/3&#8243;][vc_single_image media=\u00bb84681&#8243; media_width_percent=\u00bb100&#8243; shape=\u00bbimg-circle\u00bb uncode_shortcode_id=\u00bb157428&#8243;][\/vc_column][\/vc_row][vc_row][vc_column column_width_percent=\u00bb100&#8243; gutter_size=\u00bb3&#8243; overlay_alpha=\u00bb50&#8243; shift_x=\u00bb0&#8243; shift_y=\u00bb0&#8243; shift_y_down=\u00bb0&#8243; z_index=\u00bb0&#8243; medium_width=\u00bb0&#8243; mobile_width=\u00bb0&#8243; width=\u00bb1\/1&#8243;][vc_column_text text_lead=\u00bbyes\u00bb]<\/p>\n<h2>Empieza tu propia historia de innovaci\u00f3n hoy mismo<\/h2>\n<p>\u00bfEst\u00e1s listo para escribir tu propia historia de innovaci\u00f3n? Nuestro <a href=\"https:\/\/licensed.innovation360.com\/es\/acreditacion\/\">programa de certificaci\u00f3n profesional<\/a> te proporciona las herramientas, m\u00e9todos y la comunidad global que necesitas para tener \u00e9xito. Adem\u00e1s, puedes consultar <a href=\"https:\/\/licensed.innovation360.com\/es\/eventos\/\">las pr\u00f3ximas fechas de formaci\u00f3n<\/a> o <a href=\"https:\/\/licensed.innovation360.com\/es\/solicita-lp\/\">solicitar ahora<\/a> para comenzar tu camino. Adem\u00e1s, visita nuestra <a href=\"https:\/\/licensed.innovation360.com\/es\/preguntas-frecuentes-sobre-innovation-360\/\">p\u00e1gina de preguntas frecuentes<\/a> para obtener respuestas a preguntas habituales sobre el programa.     <img decoding=\"async\" style=\"--smush-placeholder-width: 1px; --smush-placeholder-aspect-ratio: 1\/1;display: none;\" data-src=\"https:\/\/licensed.innovation360.com\/wp-content\/uploads\/2019\/08\/innovation-stories-practitioners.jpg\" alt=\"Historias de innovaci\u00f3n de profesionales titulados de todo el mundo\" width=\"1\" height=\"1\" src=\"data:image\/svg+xml;base64,PHN2ZyB3aWR0aD0iMSIgaGVpZ2h0PSIxIiB4bWxucz0iaHR0cDovL3d3dy53My5vcmcvMjAwMC9zdmciPjwvc3ZnPg==\" class=\"lazyload\">[\/vc_column_text][\/vc_column][\/vc_row][vc_row][vc_column column_width_percent=\u00bb100&#8243; align_horizontal=\u00bbalign_center\u00bb gutter_size=\u00bb3&#8243; overlay_alpha=\u00bb50&#8243; shift_x=\u00bb0&#8243; shift_y=\u00bb0&#8243; shift_y_down=\u00bb0&#8243; z_index=\u00bb0&#8243; medium_width=\u00bb0&#8243; mobile_width=\u00bb0&#8243; width=\u00bb1\/1&#8243;][vc_button button_color=\u00bbaccent\u00bb size=\u00bbbtn-lg\u00bb radius=\u00bbbtn-round\u00bb border_width=\u00bb0&#8243; link=\u00bburl:https%3A%2F%2Flicensed.innovation360.com%2Fes%2Facreditacion%2Fsistema-de-acreditacion%2F|title:Accreditation%20System|\u00bb]Inf\u00f3rmate sobre la acreditaci\u00f3n[\/vc_button][\/vc_column][\/vc_row]<\/p>\n<\/div>","protected":false},"excerpt":{"rendered":"<p>[vc_row][vc_column column_width_percent=\u00bb100&#8243; align_horizontal=\u00bbalign_center\u00bb gutter_size=\u00bb3&#8243; overlay_alpha=\u00bb50&#8243; shift_x=\u00bb0&#8243; shift_y=\u00bb0&#8243; shift_y_down=\u00bb0&#8243; z_index=\u00bb0&#8243; medium_width=\u00bb0&#8243; mobile_width=\u00bb0&#8243; width=\u00bb1\/1&#8243;][vc_custom_heading heading_semantic=\u00bbh1&#8243; text_size=\u00bbh1&#8243; uncode_shortcode_id=\u00bb101918&#8243;]Historias de innovaci\u00f3n[\/vc_custom_heading][vc_column_text text_lead=\u00bbyes\u00bb]Bienvenidos a nuestra [&hellip;]<\/p>\n","protected":false},"author":5,"featured_media":0,"parent":109337,"menu_order":0,"comment_status":"closed","ping_status":"closed","template":"","meta":{"footnotes":""},"_links":{"self":[{"href":"https:\/\/licensed.innovation360.com\/es\/wp-json\/wp\/v2\/pages\/102863"}],"collection":[{"href":"https:\/\/licensed.innovation360.com\/es\/wp-json\/wp\/v2\/pages"}],"about":[{"href":"https:\/\/licensed.innovation360.com\/es\/wp-json\/wp\/v2\/types\/page"}],"author":[{"embeddable":true,"href":"https:\/\/licensed.innovation360.com\/es\/wp-json\/wp\/v2\/users\/5"}],"replies":[{"embeddable":true,"href":"https:\/\/licensed.innovation360.com\/es\/wp-json\/wp\/v2\/comments?post=102863"}],"version-history":[{"count":17,"href":"https:\/\/licensed.innovation360.com\/es\/wp-json\/wp\/v2\/pages\/102863\/revisions"}],"predecessor-version":[{"id":109377,"href":"https:\/\/licensed.innovation360.com\/es\/wp-json\/wp\/v2\/pages\/102863\/revisions\/109377"}],"up":[{"embeddable":true,"href":"https:\/\/licensed.innovation360.com\/es\/wp-json\/wp\/v2\/pages\/109337"}],"wp:attachment":[{"href":"https:\/\/licensed.innovation360.com\/es\/wp-json\/wp\/v2\/media?parent=102863"}],"curies":[{"name":"wp","href":"https:\/\/api.w.org\/{rel}","templated":true}]}}