{"id":102994,"date":"2019-07-28T20:10:47","date_gmt":"2019-07-28T20:10:47","guid":{"rendered":"https:\/\/licensed.innovation360.com\/acreditacion\/"},"modified":"2026-04-12T08:02:36","modified_gmt":"2026-04-12T08:02:36","slug":"acreditacion","status":"publish","type":"page","link":"https:\/\/licensed.innovation360.com\/es\/acreditacion\/","title":{"rendered":"Acreditaci\u00f3n"},"content":{"rendered":"<div class=\"wpb-content-wrapper\"><p>[vc_row row_height_percent=\u00bb0&#8243; override_padding=\u00bbyes\u00bb h_padding=\u00bb2&#8243; top_padding=\u00bb5&#8243; bottom_padding=\u00bb5&#8243; overlay_alpha=\u00bb50&#8243; gutter_size=\u00bb4&#8243; column_width_percent=\u00bb100&#8243; shift_y=\u00bb0&#8243; z_index=\u00bb0&#8243;][vc_column column_width_percent=\u00bb100&#8243; gutter_size=\u00bb2&#8243; overlay_alpha=\u00bb50&#8243; shift_x=\u00bb0&#8243; shift_y=\u00bb0&#8243; shift_y_down=\u00bb0&#8243; z_index=\u00bb0&#8243; medium_width=\u00bb0&#8243; mobile_width=\u00bb0&#8243; width=\u00bb1\/1&#8243;][vc_single_image media=\u00bb96218&#8243; media_width_percent=\u00bb100&#8243; uncode_shortcode_id=\u00bb207841&#8243; css=\u00bb.vc_custom{border-radius: 8px !important;}\u00bb][vc_custom_heading uncode_shortcode_id=\u00bb144105&#8243;]Bienvenidos al Hogar de la Innovaci\u00f3n y a nuestro Programa de Acreditaci\u00f3n de Certificados Profesionales[\/vc_custom_heading][vc_column_text text_lead=\u00bbyes\u00bb uncode_shortcode_id=\u00bb109954&#8243;]<\/p>\n<h2>Comprendiendo la acreditaci\u00f3n de certificados profesionales<\/h2>\n<p>Nuestro programa de acreditaci\u00f3n profesional de certificados ayuda a los l\u00edderes en innovaci\u00f3n a adquirir las habilidades y credenciales necesarias para impulsar un cambio real. A trav\u00e9s del programa Innovation360 Licensed Practitioner, puedes avanzar desde la Acreditaci\u00f3n B\u00e1sica hasta el Cintur\u00f3n Negro de Gesti\u00f3n de la Innovaci\u00f3n IMBB. Reunimos a especialistas creativos y ambiciosos en innovaci\u00f3n de todos los sectores del mundo. Si quieres trabajar con datos y sientes pasi\u00f3n por la innovaci\u00f3n, te invitamos a descubrir qu\u00e9 ofrece nuestro programa.   <\/p>\n<h3>\u00bfPor qu\u00e9 elegir nuestro programa de acreditaci\u00f3n?<\/h3>\n<p>Te animamos a explorar nuestro sitio y hacer cualquier pregunta en el camino. Cuando te sientas preparado, da el siguiente paso en el proceso de solicitud y prep\u00e1rate para una vida de crecimiento emocionante. Adem\u00e1s, nuestra acreditaci\u00f3n profesional te otorga una clara ventaja en el competitivo panorama actual.  <\/p>\n<h3>El futuro exige acciones audaces<\/h3>\n<p>Los pr\u00f3ximos 90 a\u00f1os probablemente traer\u00e1n m\u00e1s cambios que los \u00faltimos 10.000 a\u00f1os juntos. Por lo tanto, debemos superar nuevos desaf\u00edos y crear un cambio positivo mediante acciones audaces y decididas. En otras palabras, quedarse quieto ya no es una opci\u00f3n para cualquiera que quiera liderar.<\/p>\n<p>[\/vc_column_text][vc_button button_color=\u00bbaccent\u00bb radius=\u00bbbtn-round\u00bb border_width=\u00bb0&#8243; link=\u00bburl:https%3A%2F%2Flicensed.innovation360.com%2Fprofessional-certificate%2Finnovation-management-accreditation%2F|title:Accreditation%20System|\u00bb button_color_type=\u00bbuncode-palette\u00bb uncode_shortcode_id=\u00bb993925&#8243;]Detalles sobre la acreditaci\u00f3n[\/vc_button][vc_column_text text_lead=\u00bbyes\u00bb uncode_shortcode_id=\u00bb947125&#8243;]<\/p>\n<h3>Innovadores radicales lideran el camino<\/h3>\n<p>Nuestra d\u00e9cada de investigaci\u00f3n global en innovaci\u00f3n demuestra que los innovadores radicales tienen \u00e9xito porque utilizan un enfoque estructurado y lideran con un prop\u00f3sito claro. Solo estos l\u00edderes visionarios nos guiar\u00e1n a trav\u00e9s de las infinitas posibilidades y resultados inciertos que se avecinan. Mientras tanto, la mayor\u00eda de los directivos hoy en d\u00eda siguen centr\u00e1ndose en la innovaci\u00f3n incremental, realizando mejoras lentas en el negocio existente. Sin embargo, ese enfoque queda corto cuando nuevos modelos de negocio y competidores pueden transformar industrias enteras de la noche a la ma\u00f1ana. Por esta raz\u00f3n, la acreditaci\u00f3n profesional certificada en gesti\u00f3n de la innovaci\u00f3n nunca ha sido tan importante.    <\/p>\n<h3>Resolver problemas complejos juntos<\/h3>\n<p>A medida que nuestros desaf\u00edos se vuelven m\u00e1s complejos, debemos reunir a las mejores mentes y tecnolog\u00edas para encontrar soluciones m\u00e1s inteligentes. Adem\u00e1s, necesitamos m\u00e9todos estructurados, basados en la evidencia y un lenguaje com\u00fan. Por eso mismo Innovation360 asumi\u00f3 un papel destacado en la elaboraci\u00f3n de las normas ISO 56000 para la Gesti\u00f3n de la Innovaci\u00f3n. De manera similar, nuestro trabajo apoya activamente los Objetivos de Desarrollo Sostenible de las Naciones Unidas para 2030.   <\/p>\n<h3>Ventajas de la acreditaci\u00f3n de certificados profesionales<\/h3>\n<p>Como Profesional Licenciado de Innovation360, tienes acceso a los mejores m\u00e9todos, herramientas, plantillas y soporte de innovaci\u00f3n del mundo. Por ejemplo, puedes utilizar la base de datos de gesti\u00f3n de la innovaci\u00f3n m\u00e1s completa, que contiene datos de m\u00e1s de 5.000 organizaciones en 105 pa\u00edses. Adem\u00e1s, las principales escuelas de negocios de todo el mundo ense\u00f1an m\u00e9todos Innovation360, incluyendo la Universidad de Georgetown en Estados Unidos, Humber College en Canad\u00e1 y la Copenhagen Business School en Europa.  <\/p>\n<h3>Tu camino hacia la acreditaci\u00f3n de certificados profesionales<\/h3>\n<p>Nuestro programa de acreditaci\u00f3n profesional de certificados abre puertas a una verdadera transformaci\u00f3n y crecimiento profesional. Para obtener m\u00e1s informaci\u00f3n sobre los beneficios y los niveles de certificaci\u00f3n, visita nuestra <a href=\"https:\/\/licensed.innovation360.com\/faq\/\">p\u00e1gina de preguntas frecuentes<\/a>. Esperamos que nos acompa\u00f1es en este camino. No ser\u00e1 f\u00e1cil, pero no hay trabajo m\u00e1s importante que hacer en los tiempos emocionantes que se avecinan.[\/vc_column_text][vc_button button_color=\u00bbaccent\u00bb radius=\u00bbbtn-round\u00bb border_width=\u00bb0&#8243; link=\u00bburl:https%3A%2F%2Flicensed.innovation360.com%2Fprofessional-certificate%2Finnovation-management-accreditation%2F|title:Accreditation%20System|\u00bb button_color_type=\u00bbuncode-palette\u00bb uncode_shortcode_id=\u00bb177903&#8243;]Empezar mi acreditaci\u00f3n[\/vc_button][\/vc_column][\/vc_row]<\/p>\n<\/div>","protected":false},"excerpt":{"rendered":"<p>[vc_row row_height_percent=\u00bb0&#8243; override_padding=\u00bbyes\u00bb h_padding=\u00bb2&#8243; top_padding=\u00bb5&#8243; bottom_padding=\u00bb5&#8243; overlay_alpha=\u00bb50&#8243; gutter_size=\u00bb4&#8243; column_width_percent=\u00bb100&#8243; shift_y=\u00bb0&#8243; z_index=\u00bb0&#8243;][vc_column column_width_percent=\u00bb100&#8243; gutter_size=\u00bb2&#8243; overlay_alpha=\u00bb50&#8243; shift_x=\u00bb0&#8243; shift_y=\u00bb0&#8243; shift_y_down=\u00bb0&#8243; z_index=\u00bb0&#8243; medium_width=\u00bb0&#8243; mobile_width=\u00bb0&#8243; [&hellip;]<\/p>\n","protected":false},"author":5,"featured_media":0,"parent":0,"menu_order":0,"comment_status":"closed","ping_status":"closed","template":"","meta":{"footnotes":""},"_links":{"self":[{"href":"https:\/\/licensed.innovation360.com\/es\/wp-json\/wp\/v2\/pages\/102994"}],"collection":[{"href":"https:\/\/licensed.innovation360.com\/es\/wp-json\/wp\/v2\/pages"}],"about":[{"href":"https:\/\/licensed.innovation360.com\/es\/wp-json\/wp\/v2\/types\/page"}],"author":[{"embeddable":true,"href":"https:\/\/licensed.innovation360.com\/es\/wp-json\/wp\/v2\/users\/5"}],"replies":[{"embeddable":true,"href":"https:\/\/licensed.innovation360.com\/es\/wp-json\/wp\/v2\/comments?post=102994"}],"version-history":[{"count":10,"href":"https:\/\/licensed.innovation360.com\/es\/wp-json\/wp\/v2\/pages\/102994\/revisions"}],"predecessor-version":[{"id":103060,"href":"https:\/\/licensed.innovation360.com\/es\/wp-json\/wp\/v2\/pages\/102994\/revisions\/103060"}],"wp:attachment":[{"href":"https:\/\/licensed.innovation360.com\/es\/wp-json\/wp\/v2\/media?parent=102994"}],"curies":[{"name":"wp","href":"https:\/\/api.w.org\/{rel}","templated":true}]}}