{"id":103113,"date":"2019-07-09T20:39:05","date_gmt":"2019-07-09T20:39:05","guid":{"rendered":"https:\/\/licensed.innovation360.com\/principales-beneficios-de-la-certificacion-de-innovacion\/"},"modified":"2026-04-12T08:02:50","modified_gmt":"2026-04-12T08:02:50","slug":"principales-beneficios-de-la-certificacion-de-innovacion","status":"publish","type":"page","link":"https:\/\/licensed.innovation360.com\/es\/principales-beneficios-de-la-certificacion-de-innovacion\/","title":{"rendered":"Principales beneficios de la Certificaci\u00f3n de Innovaci\u00f3n"},"content":{"rendered":"<div class=\"wpb-content-wrapper\"><p>[vc_row][vc_column width=\u00bb1\/1&#8243;][vc_custom_heading uncode_shortcode_id=\u00bb213188&#8243;]Los beneficios de la acreditaci\u00f3n como profesional con licencia y nuestro Programa de Certificaci\u00f3n de Innovaci\u00f3n[\/vc_custom_heading][vc_column_text text_lead=\u00bbyes\u00bb uncode_shortcode_id=\u00bb488077&#8243;]El Programa de Certificaci\u00f3n de la Innovaci\u00f3n:  <span data-preserver-spaces=\"true\">La innovaci\u00f3n es una ciencia, y se puede ense\u00f1ar, pero cada organizaci\u00f3n debe encontrar su propio camino para innovar de manera rentable. Una estrategia lista para usar no produce resultados. Hay que empezar con una evaluaci\u00f3n exhaustiva. Evaluar las fortalezas \u00fanicas de la organizaci\u00f3n y analizar en profundidad c\u00f3mo est\u00e1 cambiando el mercado. Los innovadores exitosos utilizan un enfoque estructurado, basado en datos concretos e investigaci\u00f3n original en cada paso, desde la lluvia de ideas hasta la comercializaci\u00f3n.    <\/span><\/p>\n<h3><span data-preserver-spaces=\"true\">Los Tres Caminos<\/span><\/h3>\n<p><span data-preserver-spaces=\"true\">El Programa de Certificaci\u00f3n de Innovaci\u00f3n se divide en <a href=\"https:\/\/licensed.innovation360.com\/accreditation\/accreditation-system\/\">tres caminos diferentes<\/a>. El primer camino es para consultores, el segundo es para universidades y el tercero para grandes empresas. Todo el camino comienza con una acreditaci\u00f3n en la que te conviertes en un profesional con licencia. Empiezas en el nivel de IMBA (Acreditaci\u00f3n B\u00e1sica de Gesti\u00f3n de la Innovaci\u00f3n\u2122\ufe0f). A partir de ah\u00ed, se pasa a IMYB (Cintur\u00f3n Amarillo de Gesti\u00f3n de la Innovaci\u00f3n\u2122\ufe0f), IMGB (Cintur\u00f3n Verde de Gesti\u00f3n de la Innovaci\u00f3n\u2122\ufe0f) y a IMBB (Cintur\u00f3n Negro de Gesti\u00f3n de la Innovaci\u00f3n\u2122\ufe0f).    <\/span><\/p>\n<h3>Los principales beneficios del Programa de Certificaci\u00f3n de Innovaci\u00f3n<\/h3>\n<p>Como <a href=\"https:\/\/licensed.innovation360.com\/community\/featured-lps\/\">Licensed Practitioner<\/a> acreditado, primer paso en nuestro Programa de Certificaci\u00f3n de Innovaci\u00f3n, generar\u00e1s valor desde el primer d\u00eda, gracias a: <\/p>\n<ul>\n<li><span data-preserver-spaces=\"true\">Acceso a la base de datos y herramienta de an\u00e1lisis de innovaci\u00f3n m\u00e1s grande del mundo: <a href=\"https:\/\/innovation360.com\/offers\/assessment-capability-competence-culture-leadership-structure\/\">InnoSurvey\u00ae<\/a> , que incorpora datos de +5.000 empresas en 105 pa\u00edses<\/span><\/li>\n<li><span data-preserver-spaces=\"true\">Plantillas probadas que cubren conocimientos, an\u00e1lisis, dise\u00f1o e implementaci\u00f3n de sistemas de gesti\u00f3n de la innovaci\u00f3n  <\/span><\/li>\n<li><span data-preserver-spaces=\"true\">M\u00e9todos de alta calidad y herramientas en l\u00ednea que cumplen con la pr\u00f3xima <\/span><a class=\"editor-rtfLink\" href=\"https:\/\/www.iso.org\/standard\/69315.html\" target=\"_blank\" rel=\"noopener noreferrer\"><span data-preserver-spaces=\"true\">norma ISO 56000<\/span><\/a><span data-preserver-spaces=\"true\">: Gesti\u00f3n de la innovaci\u00f3n<\/span><\/li>\n<li><span data-preserver-spaces=\"true\">Un motor de encuestas de evaluaci\u00f3n disponible en los principales idiomas<\/span><\/li>\n<li><span data-preserver-spaces=\"true\"><a href=\"https:\/\/licensed.innovation360.com\/tools\/\">Herramientas de taller en l\u00ednea<\/a> para la planificaci\u00f3n de escenarios, an\u00e1lisis de impulsores clave globales, as\u00ed como una plataforma l\u00edder en la industria para la gesti\u00f3n de ideas  <\/span><\/li>\n<li><span data-preserver-spaces=\"true\">Herramientas para eliminar el 80% de tu trabajo manual para que puedas pasar m\u00e1s tiempo con tus clientes<\/span><\/li>\n<li><span data-preserver-spaces=\"true\">El motor de an\u00e1lisis de IA m\u00e1s avanzado para la gesti\u00f3n de la innovaci\u00f3n, Sherlock<\/span><\/li>\n<li><span data-preserver-spaces=\"true\">Recomendaciones basadas en evidencia y respaldadas por investigaciones para informes procesables<\/span><\/li>\n<li><span data-preserver-spaces=\"true\">Conexiones en todas las principales industrias y regiones del mundo a trav\u00e9s de la red de profesionales autorizados<\/span><\/li>\n<li><span data-preserver-spaces=\"true\">Liderazgo de pensamiento, apoyo al desarrollo empresarial y marca personal<\/span><\/li>\n<li><span data-preserver-spaces=\"true\">Orientaci\u00f3n sobre la gesti\u00f3n de los c\u00edrculos del grupo\u00ae\ufe0f Innovation360. Un poderoso evento de generaci\u00f3n de prospectos y marca que convierte en promedio el 20% de los prospectos en clientes en 12 meses <\/span><\/li>\n<\/ul>\n<h3><span data-preserver-spaces=\"true\">El grupo objetivo<\/span><\/h3>\n<p><span data-preserver-spaces=\"true\">El programa Licensed Practitioner es adecuado para ti como consultor, como profesor y miembro de una facultad, as\u00ed como para consultores internos y expertos en el campo del dise\u00f1o, la innovaci\u00f3n, la transformaci\u00f3n y la digitalizaci\u00f3n.<\/span><\/p>\n<p><span data-preserver-spaces=\"true\">Obtenga todos los datos en los folletos descargables a continuaci\u00f3n.<\/span>[\/vc_column_text][\/vc_column][\/vc_row][vc_row][vc_column column_width_percent=\u00bb100&#8243; align_horizontal=\u00bbalign_center\u00bb gutter_size=\u00bb3&#8243; overlay_alpha=\u00bb50&#8243; shift_x=\u00bb0&#8243; shift_y=\u00bb0&#8243; shift_y_down=\u00bb0&#8243; z_index=\u00bb0&#8243; medium_width=\u00bb0&#8243; mobile_width=\u00bb0&#8243; width=\u00bb1\/3&#8243;][vc_custom_heading]Descargue este folleto para obtener una imagen completa del viaje del Profesional Licenciado y el camino por delante.[\/vc_custom_heading][\/vc_column][vc_column column_width_percent=\u00bb100&#8243; align_horizontal=\u00bbalign_center\u00bb gutter_size=\u00bb3&#8243; overlay_alpha=\u00bb50&#8243; shift_x=\u00bb0&#8243; shift_y=\u00bb0&#8243; shift_y_down=\u00bb0&#8243; z_index=\u00bb0&#8243; medium_width=\u00bb0&#8243; mobile_width=\u00bb0&#8243; width=\u00bb1\/3&#8243;][vc_single_image media=\u00bb79650&#8243; media_width_percent=\u00bb100&#8243;][\/vc_column][vc_column width=\u00bb1\/3&#8243;][vc_custom_heading]Folleto de Acreditaci\u00f3n\u2122\ufe0f B\u00e1sica del IMBA[\/vc_custom_heading][vc_row_inner][vc_column_inner column_width_percent=\u00bb100&#8243; align_horizontal=\u00bbalign_center\u00bb gutter_size=\u00bb3&#8243; overlay_alpha=\u00bb50&#8243; shift_x=\u00bb0&#8243; shift_y=\u00bb0&#8243; shift_y_down=\u00bb0&#8243; z_index=\u00bb0&#8243; medium_width=\u00bb0&#8243; mobile_width=\u00bb0&#8243; width=\u00bb1\/1&#8243;][vc_button button_color=\u00bbaccent\u00bb border_width=\u00bb0&#8243; link=\u00bburl:https%3A%2F%2Flicensed.innovation360.com%2Fwp-content%2Fuploads%2F2022%2F01%2FLP-Intro-2022.pdf|target:_blank|\u00bb button_color_type=\u00bbuncode-palette\u00bb uncode_shortcode_id=\u00bb765146&#8243;]Descargar[\/vc_button][\/vc_column_inner][\/vc_row_inner][\/vc_column][\/vc_row][vc_row][vc_column column_width_percent=\u00bb100&#8243; align_horizontal=\u00bbalign_center\u00bb gutter_size=\u00bb3&#8243; overlay_alpha=\u00bb50&#8243; shift_x=\u00bb0&#8243; shift_y=\u00bb0&#8243; shift_y_down=\u00bb0&#8243; z_index=\u00bb0&#8243; medium_width=\u00bb0&#8243; mobile_width=\u00bb0&#8243; width=\u00bb1\/3&#8243;][vc_custom_heading]Descargue este folleto sobre los beneficios de la capacitaci\u00f3n de Cintur\u00f3n Amarillo, Verde y Negro y una vida de negocios repetidos.[\/vc_custom_heading][\/vc_column][vc_column column_width_percent=\u00bb100&#8243; align_horizontal=\u00bbalign_center\u00bb gutter_size=\u00bb3&#8243; overlay_alpha=\u00bb50&#8243; shift_x=\u00bb0&#8243; shift_y=\u00bb0&#8243; shift_y_down=\u00bb0&#8243; z_index=\u00bb0&#8243; medium_width=\u00bb0&#8243; mobile_width=\u00bb0&#8243; width=\u00bb1\/3&#8243;][vc_single_image media=\u00bb80571&#8243; media_width_percent=\u00bb100&#8243;][\/vc_column][vc_column width=\u00bb1\/3&#8243;][vc_custom_heading]Folleto de clasificaci\u00f3n de IMYB\u2122\ufe0f \u2122\ufe0f (cintur\u00f3n amarillo a negro)[\/vc_custom_heading][vc_row_inner][vc_column_inner column_width_percent=\u00bb100&#8243; align_horizontal=\u00bbalign_center\u00bb gutter_size=\u00bb3&#8243; overlay_alpha=\u00bb50&#8243; shift_x=\u00bb0&#8243; shift_y=\u00bb0&#8243; shift_y_down=\u00bb0&#8243; z_index=\u00bb0&#8243; medium_width=\u00bb0&#8243; mobile_width=\u00bb0&#8243; width=\u00bb1\/1&#8243;][vc_button button_color=\u00bbaccent\u00bb border_width=\u00bb0&#8243; link=\u00bburl:https%3A%2F%2Flicensed.innovation360.com%2Fwp-content%2Fuploads%2F2022%2F01%2FLP-Grading-2022.pdf|target:_blank|\u00bb button_color_type=\u00bbuncode-palette\u00bb uncode_shortcode_id=\u00bb172425&#8243;]Descargar[\/vc_button][\/vc_column_inner][\/vc_row_inner][\/vc_column][\/vc_row][vc_row][vc_column column_width_percent=\u00bb100&#8243; gutter_size=\u00bb3&#8243; overlay_alpha=\u00bb50&#8243; shift_x=\u00bb0&#8243; shift_y=\u00bb0&#8243; shift_y_down=\u00bb0&#8243; z_index=\u00bb0&#8243; medium_width=\u00bb0&#8243; mobile_width=\u00bb0&#8243; width=\u00bb1\/1&#8243;][vc_button button_color=\u00bbaccent\u00bb radius=\u00bbbtn-round\u00bb border_width=\u00bb0&#8243; link=\u00bburl:https%3A%2F%2Flicensed.innovation360.com%2Fes%2Fcontactanos%2F|title:Contact%20us|\u00bb button_color_type=\u00bbuncode-palette\u00bb uncode_shortcode_id=\u00bb123095&#8243;]P\u00f3ngase en contacto con nosotros [\/vc_button][\/vc_column][\/vc_row]<\/p>\n<\/div>","protected":false},"excerpt":{"rendered":"<p>[vc_row][vc_column width=\u00bb1\/1&#8243;][vc_custom_heading uncode_shortcode_id=\u00bb213188&#8243;]Los beneficios de la acreditaci\u00f3n como profesional con licencia y nuestro Programa de Certificaci\u00f3n de Innovaci\u00f3n[\/vc_custom_heading][vc_column_text text_lead=\u00bbyes\u00bb uncode_shortcode_id=\u00bb488077&#8243;]El [&hellip;]<\/p>\n","protected":false},"author":1,"featured_media":0,"parent":0,"menu_order":0,"comment_status":"closed","ping_status":"closed","template":"","meta":{"footnotes":""},"_links":{"self":[{"href":"https:\/\/licensed.innovation360.com\/es\/wp-json\/wp\/v2\/pages\/103113"}],"collection":[{"href":"https:\/\/licensed.innovation360.com\/es\/wp-json\/wp\/v2\/pages"}],"about":[{"href":"https:\/\/licensed.innovation360.com\/es\/wp-json\/wp\/v2\/types\/page"}],"author":[{"embeddable":true,"href":"https:\/\/licensed.innovation360.com\/es\/wp-json\/wp\/v2\/users\/1"}],"replies":[{"embeddable":true,"href":"https:\/\/licensed.innovation360.com\/es\/wp-json\/wp\/v2\/comments?post=103113"}],"version-history":[{"count":2,"href":"https:\/\/licensed.innovation360.com\/es\/wp-json\/wp\/v2\/pages\/103113\/revisions"}],"predecessor-version":[{"id":103138,"href":"https:\/\/licensed.innovation360.com\/es\/wp-json\/wp\/v2\/pages\/103113\/revisions\/103138"}],"wp:attachment":[{"href":"https:\/\/licensed.innovation360.com\/es\/wp-json\/wp\/v2\/media?parent=103113"}],"curies":[{"name":"wp","href":"https:\/\/api.w.org\/{rel}","templated":true}]}}