{"id":103184,"date":"2019-07-09T20:36:45","date_gmt":"2019-07-09T20:36:45","guid":{"rendered":"https:\/\/licensed.innovation360.com\/videos\/"},"modified":"2026-04-12T08:03:06","modified_gmt":"2026-04-12T08:03:06","slug":"videos","status":"publish","type":"page","link":"https:\/\/licensed.innovation360.com\/es\/videos\/","title":{"rendered":"Videos"},"content":{"rendered":"<div class=\"wpb-content-wrapper\"><p>[vc_row row_height_percent=\u00bb0&#8243; override_padding=\u00bbyes\u00bb h_padding=\u00bb2&#8243; top_padding=\u00bb3&#8243; bottom_padding=\u00bb3&#8243; overlay_alpha=\u00bb100&#8243; gutter_size=\u00bb100&#8243; column_width_percent=\u00bb100&#8243; shift_y=\u00bb0&#8243; z_index=\u00bb0&#8243; style=\u00bbinherited\u00bb][vc_column column_width_percent=\u00bb100&#8243; align_horizontal=\u00bbalign_center\u00bb style=\u00bblight\u00bb overlay_alpha=\u00bb50&#8243; gutter_size=\u00bb3&#8243; medium_width=\u00bb0&#8243; mobile_width=\u00bb0&#8243; shift_x=\u00bb0&#8243; shift_y=\u00bb0&#8243; shift_y_down=\u00bb0&#8243; z_index=\u00bb0&#8243; zoom_width=\u00bb0&#8243; zoom_height=\u00bb0&#8243; width=\u00bb1\/1&#8243;][vc_custom_heading text_size=\u00bbfontsize-155944&#8243;]V\u00eddeos sobre Innovation360 y la Acreditaci\u00f3n[\/vc_custom_heading][\/vc_column][\/vc_row][vc_row][vc_column width=\u00bb1\/1&#8243;][vc_custom_heading]60 minutos de gesti\u00f3n de la innovaci\u00f3n[\/vc_custom_heading][vc_column_text]Si bien la innovaci\u00f3n requiere metodolog\u00eda para tener \u00e9xito, no es una f\u00f3rmula. Los \u00e9xitos no se pueden trasplantar de un contexto a otro. Una estrategia solo puede dise\u00f1arse despu\u00e9s de una evaluaci\u00f3n cuidadosa de lo que hace que una organizaci\u00f3n sea \u00fanica, lo que requiere un an\u00e1lisis tanto cualitativo como cuantitativo para descubrir las ideas correctas. Una vez que comienza un proyecto de innovaci\u00f3n, las cosas se mueven r\u00e1pido, por lo que tener el marco correcto para tomar decisiones es clave.   <\/p>\n<p>Esta introducci\u00f3n de 60 minutos a la Gesti\u00f3n de la Innovaci\u00f3n de Magus Penker te guiar\u00e1 a trav\u00e9s de la metodolog\u00eda probada utilizada por empresas globales, scale-ups y unicornios de todo el mundo para superar los l\u00edmites de lo posible y lograr resultados notables y probados en el mercado.<\/p>\n<p>Si quieres subt\u00edtulos en ingl\u00e9s para estos videos, selecciona Ver en YouTube y activa \u00abCC\u00bb.[\/vc_column_text][vc_empty_space empty_h=\u00bb2&#8243;][vc_row_inner][vc_column_inner column_width_percent=\u00bb100&#8243; align_horizontal=\u00bbalign_center\u00bb gutter_size=\u00bb3&#8243; overlay_alpha=\u00bb50&#8243; medium_width=\u00bb0&#8243; mobile_width=\u00bb0&#8243; shift_x=\u00bb0&#8243; shift_y=\u00bb0&#8243; shift_y_down=\u00bb0&#8243; z_index=\u00bb0&#8243; width=\u00bb1\/3&#8243;][vc_single_image media=\u00bb79171&#8243; media_width_percent=\u00bb100&#8243;][vc_custom_heading heading_semantic=\u00bbh4&#8243; text_size=\u00bbh4&#8243;]1 \u2013 Introducci\u00f3n[\/vc_custom_heading][\/vc_column_inner][vc_column_inner column_width_percent=\u00bb100&#8243; align_horizontal=\u00bbalign_center\u00bb gutter_size=\u00bb3&#8243; overlay_alpha=\u00bb50&#8243; medium_width=\u00bb0&#8243; mobile_width=\u00bb0&#8243; shift_x=\u00bb0&#8243; shift_y=\u00bb0&#8243; shift_y_down=\u00bb0&#8243; z_index=\u00bb0&#8243; width=\u00bb1\/3&#8243;][vc_single_image media=\u00bb79173&#8243; media_width_percent=\u00bb100&#8243;][vc_custom_heading heading_semantic=\u00bbh4&#8243; text_size=\u00bbh4&#8243;]2 \u2013 \u00bfQu\u00e9 es la Gesti\u00f3n de la Innovaci\u00f3n y por qu\u00e9 es importante?[\/vc_custom_heading][\/vc_column_inner][vc_column_inner column_width_percent=\u00bb100&#8243; align_horizontal=\u00bbalign_center\u00bb gutter_size=\u00bb3&#8243; overlay_alpha=\u00bb50&#8243; medium_width=\u00bb0&#8243; mobile_width=\u00bb0&#8243; shift_x=\u00bb0&#8243; shift_y=\u00bb0&#8243; shift_y_down=\u00bb0&#8243; z_index=\u00bb0&#8243; width=\u00bb1\/3&#8243;][vc_single_image media=\u00bb79175&#8243; media_width_percent=\u00bb100&#8243;][vc_custom_heading heading_semantic=\u00bbh4&#8243; text_size=\u00bbh4&#8243;]3 \u2013 La Rueda de la Innovaci\u00f3n[\/vc_custom_heading][\/vc_column_inner][\/vc_row_inner][vc_row_inner][vc_column_inner column_width_percent=\u00bb100&#8243; align_horizontal=\u00bbalign_center\u00bb gutter_size=\u00bb3&#8243; overlay_alpha=\u00bb50&#8243; medium_width=\u00bb0&#8243; mobile_width=\u00bb0&#8243; shift_x=\u00bb0&#8243; shift_y=\u00bb0&#8243; shift_y_down=\u00bb0&#8243; z_index=\u00bb0&#8243; width=\u00bb1\/3&#8243;][vc_single_image media=\u00bb79176&#8243; media_width_percent=\u00bb100&#8243;][vc_custom_heading heading_semantic=\u00bbh4&#8243; text_size=\u00bbh4&#8243;]4 \u2013 Los Horizontes de la Innovaci\u00f3n Introducci\u00f3n[\/vc_custom_heading][\/vc_column_inner][vc_column_inner column_width_percent=\u00bb100&#8243; align_horizontal=\u00bbalign_center\u00bb gutter_size=\u00bb3&#8243; overlay_alpha=\u00bb50&#8243; medium_width=\u00bb0&#8243; mobile_width=\u00bb0&#8243; shift_x=\u00bb0&#8243; shift_y=\u00bb0&#8243; shift_y_down=\u00bb0&#8243; z_index=\u00bb0&#8243; width=\u00bb1\/3&#8243;][vc_single_image media=\u00bb79177&#8243; media_width_percent=\u00bb100&#8243;][vc_custom_heading heading_semantic=\u00bbh4&#8243; text_size=\u00bbh4&#8243;]5 \u2013 El Proceso de Innovaci\u00f3n y el Portafolio[\/vc_custom_heading][\/vc_column_inner][vc_column_inner column_width_percent=\u00bb100&#8243; align_horizontal=\u00bbalign_center\u00bb gutter_size=\u00bb3&#8243; overlay_alpha=\u00bb50&#8243; medium_width=\u00bb0&#8243; mobile_width=\u00bb0&#8243; shift_x=\u00bb0&#8243; shift_y=\u00bb0&#8243; shift_y_down=\u00bb0&#8243; z_index=\u00bb0&#8243; width=\u00bb1\/3&#8243;][vc_single_image media=\u00bb79178&#8243; media_width_percent=\u00bb100&#8243;][vc_custom_heading heading_semantic=\u00bbh4&#8243; text_size=\u00bbh4&#8243;]6 \u2013 \u00bfPor qu\u00e9 es tan dif\u00edcil innovar y c\u00f3mo superarlo?[\/vc_custom_heading][\/vc_column_inner][\/vc_row_inner][vc_row_inner][vc_column_inner column_width_percent=\u00bb100&#8243; align_horizontal=\u00bbalign_center\u00bb gutter_size=\u00bb3&#8243; overlay_alpha=\u00bb50&#8243; medium_width=\u00bb0&#8243; mobile_width=\u00bb0&#8243; shift_x=\u00bb0&#8243; shift_y=\u00bb0&#8243; shift_y_down=\u00bb0&#8243; z_index=\u00bb0&#8243; width=\u00bb1\/3&#8243;][vc_single_image media=\u00bb79180&#8243; media_width_percent=\u00bb100&#8243;][vc_custom_heading heading_semantic=\u00bbh4&#8243; text_size=\u00bbh4&#8243;]7 \u2013 Identificaci\u00f3n de bloqueadores y amplificadores para la innovaci\u00f3n<br \/>\n[\/vc_custom_heading][\/vc_column_inner][vc_column_inner column_width_percent=\u00bb100&#8243; align_horizontal=\u00bbalign_center\u00bb gutter_size=\u00bb3&#8243; overlay_alpha=\u00bb50&#8243; medium_width=\u00bb0&#8243; mobile_width=\u00bb0&#8243; shift_x=\u00bb0&#8243; shift_y=\u00bb0&#8243; shift_y_down=\u00bb0&#8243; z_index=\u00bb0&#8243; width=\u00bb1\/3&#8243;][vc_single_image media=\u00bb79181&#8243; media_width_percent=\u00bb100&#8243;][vc_custom_heading heading_semantic=\u00bbh4&#8243; text_size=\u00bbh4&#8243;]8 \u2013 Cultura apta para la innovaci\u00f3n[\/vc_custom_heading][\/vc_column_inner][vc_column_inner column_width_percent=\u00bb100&#8243; align_horizontal=\u00bbalign_center\u00bb gutter_size=\u00bb3&#8243; overlay_alpha=\u00bb50&#8243; medium_width=\u00bb0&#8243; mobile_width=\u00bb0&#8243; shift_x=\u00bb0&#8243; shift_y=\u00bb0&#8243; shift_y_down=\u00bb0&#8243; z_index=\u00bb0&#8243; width=\u00bb1\/3&#8243;][vc_single_image media=\u00bb79182&#8243; media_width_percent=\u00bb100&#8243;][vc_custom_heading heading_semantic=\u00bbh4&#8243; text_size=\u00bbh4&#8243;]9 \u2013 Evaluar la cultura de su organizaci\u00f3n apta para la innovaci\u00f3n[\/vc_custom_heading][\/vc_column_inner][\/vc_row_inner][vc_row_inner][vc_column_inner column_width_percent=\u00bb100&#8243; align_horizontal=\u00bbalign_center\u00bb gutter_size=\u00bb3&#8243; overlay_alpha=\u00bb50&#8243; medium_width=\u00bb0&#8243; mobile_width=\u00bb0&#8243; shift_x=\u00bb0&#8243; shift_y=\u00bb0&#8243; shift_y_down=\u00bb0&#8243; z_index=\u00bb0&#8243; width=\u00bb1\/3&#8243;][vc_single_image media=\u00bb79183&#8243; media_width_percent=\u00bb100&#8243;][vc_custom_heading heading_semantic=\u00bbh4&#8243; text_size=\u00bbh4&#8243;]10 \u2013 Profundizaci\u00f3n en las capacidades para la innovaci\u00f3n y la rueda de la innovaci\u00f3n<br \/>\n[\/vc_custom_heading][\/vc_column_inner][vc_column_inner column_width_percent=\u00bb100&#8243; align_horizontal=\u00bbalign_center\u00bb gutter_size=\u00bb3&#8243; overlay_alpha=\u00bb50&#8243; medium_width=\u00bb0&#8243; mobile_width=\u00bb0&#8243; shift_x=\u00bb0&#8243; shift_y=\u00bb0&#8243; shift_y_down=\u00bb0&#8243; z_index=\u00bb0&#8243; width=\u00bb1\/3&#8243;][vc_single_image media=\u00bb79184&#8243; media_width_percent=\u00bb100&#8243;][vc_custom_heading heading_semantic=\u00bbh4&#8243; text_size=\u00bbh4&#8243;]11 \u2013 Alinear la estrategia y las capacidades para la innovaci\u00f3n[\/vc_custom_heading][\/vc_column_inner][vc_column_inner column_width_percent=\u00bb100&#8243; align_horizontal=\u00bbalign_center\u00bb gutter_size=\u00bb3&#8243; overlay_alpha=\u00bb50&#8243; medium_width=\u00bb0&#8243; mobile_width=\u00bb0&#8243; shift_x=\u00bb0&#8243; shift_y=\u00bb0&#8243; shift_y_down=\u00bb0&#8243; z_index=\u00bb0&#8243; width=\u00bb1\/3&#8243;][vc_single_image media=\u00bb79185&#8243; media_width_percent=\u00bb100&#8243;][vc_custom_heading heading_semantic=\u00bbh4&#8243; text_size=\u00bbh4&#8243;]12 \u2013 Diez consejos para tener \u00e9xito manteni\u00e9ndose en un mercado hipercompetitivo[\/vc_custom_heading][\/vc_column_inner][\/vc_row_inner][\/vc_column][\/vc_row][vc_row row_height_percent=\u00bb0&#8243; override_padding=\u00bbyes\u00bb h_padding=\u00bb2&#8243; top_padding=\u00bb2&#8243; bottom_padding=\u00bb0&#8243; overlay_alpha=\u00bb50&#8243; gutter_size=\u00bb3&#8243; column_width_percent=\u00bb100&#8243; shift_y=\u00bb0&#8243; z_index=\u00bb0&#8243;][vc_column width=\u00bb1\/1&#8243;][vc_custom_heading]Seminarios web bajo demanda[\/vc_custom_heading][\/vc_column][\/vc_row][vc_row row_height_percent=\u00bb0&#8243; override_padding=\u00bbyes\u00bb h_padding=\u00bb2&#8243; top_padding=\u00bb2&#8243; bottom_padding=\u00bb3&#8243; overlay_alpha=\u00bb100&#8243; gutter_size=\u00bb100&#8243; column_width_percent=\u00bb100&#8243; shift_y=\u00bb0&#8243; z_index=\u00bb0&#8243; style=\u00bbinherited\u00bb shape_dividers=\u00bb\u00bb][vc_column column_width_percent=\u00bb100&#8243; style=\u00bblight\u00bb overlay_alpha=\u00bb50&#8243; gutter_size=\u00bb3&#8243; medium_width=\u00bb0&#8243; mobile_width=\u00bb0&#8243; shift_x=\u00bb0&#8243; shift_y=\u00bb0&#8243; shift_y_down=\u00bb0&#8243; z_index=\u00bb0&#8243; zoom_width=\u00bb0&#8243; zoom_height=\u00bb0&#8243; width=\u00bb1\/2&#8243;][vc_column_text]Esta serie de seminarios web cubre la evaluaci\u00f3n y el fomento de una cultura de innovaci\u00f3n y el \u00e9xito con la innovaci\u00f3n y la transformaci\u00f3n<\/p>\n<p>[\/vc_column_text][vc_button button_color=\u00bbaccent\u00bb radius=\u00bbbtn-round\u00bb border_width=\u00bb0&#8243; link=\u00bburl:https%3A%2F%2Fwww.businessinnovationbrief.com%2Fwebinar-series%2Fassessing-and-fostering-a-culture-of-innovation%2F|title:Webinar%20series|target:%20_blank|\u00bb]Ver la serie de innovaci\u00f3n[\/vc_button][\/vc_column][vc_column width=\u00bb1\/2&#8243;][vc_column_text]Este seminario web, Innovaci\u00f3n en cifras, cubre las m\u00e9tricas y los an\u00e1lisis detr\u00e1s de la innovaci\u00f3n exitosa.[\/vc_column_text][vc_button button_color=\u00bbaccent\u00bb radius=\u00bbbtn-round\u00bb border_width=\u00bb0&#8243; link=\u00bburl:https%3A%2F%2Fwww.innovationleader.com%2Fwebcasts-and-calls%2Finnovation-by-the-numbers%2F316.article|title:Webinar%20series|target:%20_blank|\u00bb]Vea la innovaci\u00f3n en cifras[\/vc_button][\/vc_column][\/vc_row]<\/p>\n<\/div>","protected":false},"excerpt":{"rendered":"<p>[vc_row row_height_percent=\u00bb0&#8243; override_padding=\u00bbyes\u00bb h_padding=\u00bb2&#8243; top_padding=\u00bb3&#8243; bottom_padding=\u00bb3&#8243; overlay_alpha=\u00bb100&#8243; gutter_size=\u00bb100&#8243; column_width_percent=\u00bb100&#8243; shift_y=\u00bb0&#8243; z_index=\u00bb0&#8243; style=\u00bbinherited\u00bb][vc_column column_width_percent=\u00bb100&#8243; align_horizontal=\u00bbalign_center\u00bb style=\u00bblight\u00bb overlay_alpha=\u00bb50&#8243; gutter_size=\u00bb3&#8243; medium_width=\u00bb0&#8243; mobile_width=\u00bb0&#8243; shift_x=\u00bb0&#8243; [&hellip;]<\/p>\n","protected":false},"author":1,"featured_media":0,"parent":0,"menu_order":0,"comment_status":"closed","ping_status":"closed","template":"","meta":{"footnotes":""},"_links":{"self":[{"href":"https:\/\/licensed.innovation360.com\/es\/wp-json\/wp\/v2\/pages\/103184"}],"collection":[{"href":"https:\/\/licensed.innovation360.com\/es\/wp-json\/wp\/v2\/pages"}],"about":[{"href":"https:\/\/licensed.innovation360.com\/es\/wp-json\/wp\/v2\/types\/page"}],"author":[{"embeddable":true,"href":"https:\/\/licensed.innovation360.com\/es\/wp-json\/wp\/v2\/users\/1"}],"replies":[{"embeddable":true,"href":"https:\/\/licensed.innovation360.com\/es\/wp-json\/wp\/v2\/comments?post=103184"}],"version-history":[{"count":10,"href":"https:\/\/licensed.innovation360.com\/es\/wp-json\/wp\/v2\/pages\/103184\/revisions"}],"predecessor-version":[{"id":103256,"href":"https:\/\/licensed.innovation360.com\/es\/wp-json\/wp\/v2\/pages\/103184\/revisions\/103256"}],"wp:attachment":[{"href":"https:\/\/licensed.innovation360.com\/es\/wp-json\/wp\/v2\/media?parent=103184"}],"curies":[{"name":"wp","href":"https:\/\/api.w.org\/{rel}","templated":true}]}}