{"id":103239,"date":"2019-07-09T20:36:25","date_gmt":"2019-07-09T20:36:25","guid":{"rendered":"https:\/\/licensed.innovation360.com\/circulo-de-grupo%ef%b8%8f-innovation360\/"},"modified":"2026-04-12T08:03:07","modified_gmt":"2026-04-12T08:03:07","slug":"circulo-de-grupo%ef%b8%8f-innovation360","status":"publish","type":"page","link":"https:\/\/licensed.innovation360.com\/es\/circulo-de-grupo%ef%b8%8f-innovation360\/","title":{"rendered":"C\u00edrculo de grupo\u00ae\ufe0f Innovation360"},"content":{"rendered":"<div class=\"wpb-content-wrapper\"><p>[vc_row unlock_row_content=\u00bbyes\u00bb row_height_percent=\u00bb0&#8243; override_padding=\u00bbyes\u00bb h_padding=\u00bb2&#8243; top_padding=\u00bb5&#8243; bottom_padding=\u00bb5&#8243; overlay_alpha=\u00bb50&#8243; gutter_size=\u00bb4&#8243; column_width_use_pixel=\u00bbyes\u00bb shift_y=\u00bb0&#8243; z_index=\u00bb0&#8243; el_class=\u00bbinverted-device-order\u00bb column_width_pixel=\u00bb1600&#8243;][vc_column width=\u00bb7\/12&#8243;][vc_single_image media=\u00bb103245&#8243; media_width_percent=\u00bb100&#8243; media_ratio=\u00bbfour-three\u00bb shape=\u00bbimg-round\u00bb shadow=\u00bbyes\u00bb][\/vc_column][vc_column column_width_percent=\u00bb100&#8243; position_vertical=\u00bbmiddle\u00bb overlay_alpha=\u00bb50&#8243; gutter_size=\u00bb3&#8243; medium_width=\u00bb0&#8243; mobile_width=\u00bb0&#8243; shift_x=\u00bb0&#8243; shift_y=\u00bb0&#8243; shift_y_down=\u00bb0&#8243; z_index=\u00bb0&#8243; width=\u00bb5\/12&#8243;][vc_custom_heading heading_semantic=\u00bbh3&#8243; text_size=\u00bbh3&#8243; text_color=\u00bbaccent\u00bb]El c\u00edrculo del grupo\u00ae\ufe0f Innovation360[\/vc_custom_heading][vc_custom_heading heading_semantic=\u00bbh3&#8243; text_size=\u00bbfontsize-155944&#8243;]Construye tu negocio, construye tu marca[\/vc_custom_heading][vc_column_text]Como profesional con licencia, una de las herramientas m\u00e1s potentes y vers\u00e1tiles a su disposici\u00f3n es el C\u00edrculo de Grupo Innovation360\u00ae\ufe0f . Este evento interactivo fuera de l\u00ednea puede llamar la atenci\u00f3n sobre su negocio al mismo tiempo, proporcionar valor a los l\u00edderes de la comunidad empresarial, fortalecer su marca personal y generar clientes potenciales calificados. <\/p>\n<p>Imag\u00ednese llenar una sala de conferencias con 50 ejecutivos que tienen un 20% de probabilidades de convertirse en clientes en el pr\u00f3ximo a\u00f1o. Ahora imag\u00ednese lo que podr\u00eda lograr liderando varios C\u00edrculos del Grupo\u00ae\ufe0f Innovation360 a lo largo del a\u00f1o. <\/p>\n<p>Los profesionales con licencia han conseguido algunos de sus mayores contratos en su primer C\u00edrculo de Grupo Innovation360\u00ae\ufe0f . Estad\u00edsticamente, hemos encontrado que en promedio uno de cada cinco ejecutivos que asisten a estos c\u00edrculos se registran como clientes dentro de los 12 meses posteriores al evento. <\/p>\n<p>Estos eventos hacen que los beneficios de la innovaci\u00f3n sean reales y tangibles, dando a los ejecutivos una imagen clara de lo que Innovation360 puede significar para sus resultados.<\/p>\n<p>Te capacitaremos y guiaremos sobre c\u00f3mo enviar invitaciones, organizar el evento, asumir un papel de liderazgo durante el evento y hacer un seguimiento posterior para maximizar las conversiones. Tambi\u00e9n podemos proporcionarle plantillas, sugerencias, ejemplos y apoyo en las etapas de planificaci\u00f3n.[\/vc_column_text][\/vc_column][\/vc_row]<\/p>\n<\/div>","protected":false},"excerpt":{"rendered":"<p>[vc_row unlock_row_content=\u00bbyes\u00bb row_height_percent=\u00bb0&#8243; override_padding=\u00bbyes\u00bb h_padding=\u00bb2&#8243; top_padding=\u00bb5&#8243; bottom_padding=\u00bb5&#8243; overlay_alpha=\u00bb50&#8243; gutter_size=\u00bb4&#8243; column_width_use_pixel=\u00bbyes\u00bb shift_y=\u00bb0&#8243; z_index=\u00bb0&#8243; el_class=\u00bbinverted-device-order\u00bb column_width_pixel=\u00bb1600&#8243;][vc_column width=\u00bb7\/12&#8243;][vc_single_image media=\u00bb103245&#8243; media_width_percent=\u00bb100&#8243; media_ratio=\u00bbfour-three\u00bb shape=\u00bbimg-round\u00bb shadow=\u00bbyes\u00bb][\/vc_column][vc_column [&hellip;]<\/p>\n","protected":false},"author":1,"featured_media":0,"parent":0,"menu_order":0,"comment_status":"closed","ping_status":"closed","template":"","meta":{"footnotes":""},"_links":{"self":[{"href":"https:\/\/licensed.innovation360.com\/es\/wp-json\/wp\/v2\/pages\/103239"}],"collection":[{"href":"https:\/\/licensed.innovation360.com\/es\/wp-json\/wp\/v2\/pages"}],"about":[{"href":"https:\/\/licensed.innovation360.com\/es\/wp-json\/wp\/v2\/types\/page"}],"author":[{"embeddable":true,"href":"https:\/\/licensed.innovation360.com\/es\/wp-json\/wp\/v2\/users\/1"}],"replies":[{"embeddable":true,"href":"https:\/\/licensed.innovation360.com\/es\/wp-json\/wp\/v2\/comments?post=103239"}],"version-history":[{"count":2,"href":"https:\/\/licensed.innovation360.com\/es\/wp-json\/wp\/v2\/pages\/103239\/revisions"}],"predecessor-version":[{"id":103266,"href":"https:\/\/licensed.innovation360.com\/es\/wp-json\/wp\/v2\/pages\/103239\/revisions\/103266"}],"wp:attachment":[{"href":"https:\/\/licensed.innovation360.com\/es\/wp-json\/wp\/v2\/media?parent=103239"}],"curies":[{"name":"wp","href":"https:\/\/api.w.org\/{rel}","templated":true}]}}