{"id":103340,"date":"2019-07-09T20:34:29","date_gmt":"2019-07-09T20:34:29","guid":{"rendered":"https:\/\/licensed.innovation360.com\/acreditacion\/socios-certificados\/"},"modified":"2026-04-12T08:03:52","modified_gmt":"2026-04-12T08:03:52","slug":"socios-certificados","status":"publish","type":"page","link":"https:\/\/licensed.innovation360.com\/es\/acreditacion\/socios-certificados\/","title":{"rendered":"Socios Certificados"},"content":{"rendered":"<div class=\"wpb-content-wrapper\"><p>[vc_row row_height_percent=\u00bb0&#8243; overlay_color=\u00bbcolor-lxmt\u00bb overlay_alpha=\u00bb50&#8243; gutter_size=\u00bb3&#8243; column_width_percent=\u00bb100&#8243; shift_y=\u00bb0&#8243; z_index=\u00bb0&#8243;][vc_column width=\u00bb1\/1&#8243;][vc_custom_heading]\u00bfC\u00f3mo puede una empresa convertirse en Partner Certificado?[\/vc_custom_heading][vc_column_text text_lead=\u00bbyes\u00bb uncode_shortcode_id=\u00bb167957&#8243;]<\/p>\n<h3>Socio de Oro<\/h3>\n<div><span lang=\"EN-US\">Esto es para empresas de consultor\u00eda con un n\u00famero espec\u00edfico de personas acreditadas y un plan claro para su regi\u00f3n; Estos socios cuentan con la mayor biblioteca de gesti\u00f3n de la innovaci\u00f3n del mundo, que incluye plantillas, material de ventas, material de marketing, casos, conferencias magistrales y mucho m\u00e1s. Los Gold Partners aparecen en nuestra <a href=\"http:\/\/www.innovation360.com\">p\u00e1gina principal de clientes<\/a> y reciben un amplio soporte previo a la venta.  Ahora tenemos varios Gold Partners, y uno de ellos acaba de firmar a 20 empresas simult\u00e1neamente realizando una evaluaci\u00f3n de gesti\u00f3n de la innovaci\u00f3n con InnoSurvey\u00ae.  <\/span><\/div>\n<ul>\n<li>El Socio tendr\u00e1 acceso al logotipo de Gold Partnership con fines de marketing y venta.<\/li>\n<li>El Partner tendr\u00e1 acceso ilimitado a las encuestas de forma gratuita (InnoSurvey\u00ae e InnoComp\u2122)<\/li>\n<li>El socio aparecer\u00e1 en el sitio web de Innovation 360 como socio de oro.<\/li>\n<li>El Socio recibir\u00e1 las asignaciones referidas.<\/li>\n<li>El socio tendr\u00e1 acceso a las herramientas de Innovation 360, entre las que se incluyen: InnoSurvey\u00ae, la plataforma de ideaci\u00f3n Ideation360\u00ae, PESTLED360\u2122, Scenarios360\u2122, Sustainovation\u2122 y herramientas seleccionadas desarrolladas en el futuro. ** Sustainovation\u2122 es exclusivo para Partners. <\/li>\n<li>El Socio no tiene que pagar tarifas de renovaci\u00f3n para el personal acreditado.<\/li>\n<li>El Partner tendr\u00e1 derechos sobre la Biblioteca de Innovaci\u00f3n en InnoSuite, para tener acceso al capital estructural de materiales de innovaci\u00f3n360 como ventas, plantillas, tareas, estudios de casos, etc. Se trata de m\u00e1s de 100 GB de material de alta calidad. <\/li>\n<li>El Socio recibir\u00e1 una bonificaci\u00f3n del 15% por cada referencia de personas dentro del territorio que asistan a una acreditaci\u00f3n o una calificaci\u00f3n. Innovation 360 facturar\u00e1 directamente al nuevo LP y el bono se pagar\u00e1 dentro de los 10 d\u00edas posteriores a la finalizaci\u00f3n del pago final. <\/li>\n<li>El socio tendr\u00e1 una cuenta de Enterprise Ideation360 para uso interno (para aprender), y ser\u00e1 un revendedor oficial de Ideation360 &#8216;Enterprise&#8217; para los clientes finales.<\/li>\n<li>El socio ser\u00e1 un evaluador oficial de Innovation IQ y figurar\u00e1 en el sitio web de Innovation-IQ de Innovation 360 como tal.<\/li>\n<li>OPCI\u00d3N para mercados no ingleses: El Socio tendr\u00e1 derecho a traducir, vender y retener todos los ingresos del libro \u00abAssessing and Measuring Business Innovation\u00bb escrito por Magnus Penker.<\/li>\n<li>Los socios tendr\u00e1n acceso y una cuenta gratuita, un sistema con un amplio n\u00famero de tarjetas de redes sociales de Innovation 360 para ser adoptado.<\/li>\n<li>El Socio puede publicar comunicados de prensa conjuntos en innovaiton360.com<\/li>\n<li>El socio puede obtener publicaciones de blog destacadas en los boletines informativos de Innovation 360 que llegan a 50,000 + personas.<\/li>\n<li>El Partner recibir\u00e1 apoyo del Key Account Manager y del equipo de Innovation 360 seg\u00fan sea necesario en los elementos descritos anteriormente, as\u00ed como en todas las herramientas.<\/li>\n<\/ul>\n<p>[\/vc_column_text][vc_row_inner][vc_column_inner width=\u00bb1\/6&#8243;][\/vc_column_inner][vc_column_inner width=\u00bb2\/3&#8243;][vc_single_image media=\u00bb83958&#8243; media_width_percent=\u00bb100&#8243; uncode_shortcode_id=\u00bb138311&#8243;][\/vc_column_inner][vc_column_inner width=\u00bb1\/6&#8243;][\/vc_column_inner][\/vc_row_inner][vc_column_text text_lead=\u00bbyes\u00bb uncode_shortcode_id=\u00bb112464&#8243;]<\/p>\n<h3>Socio Educativo<\/h3>\n<p>Las instituciones educativas pueden agregar m\u00e1s valor a su oferta ampliando su plan de estudios de microcredenciales, materias optativas y educaci\u00f3n ejecutiva con contenido y herramientas en l\u00ednea de gesti\u00f3n de la innovaci\u00f3n l\u00edderes en el mercado. Dentro de la organizaci\u00f3n, pueden inculcar nuestra plataforma de ideaci\u00f3n l\u00edder en el mundo en la comunidad acad\u00e9mica, a trav\u00e9s de proyectos de investigaci\u00f3n, colaboraciones con empresas y el cuerpo estudiantil. Contamos con varios socios educativos muy fuertes que sirven a comunidades de todo el mundo. A trav\u00e9s del modelo de Asociaci\u00f3n Educativa con Innovation 360 Group, las instituciones educativas pueden colaborar con Innovation 360 en programas de gesti\u00f3n de la innovaci\u00f3n para socios, patrocinadores, estudiantes y la comunidad empresarial. Los socios educativos obtienen acceso a nuestro conjunto de herramientas anal\u00edticas, aplicaciones de taller, plataforma de ideaci\u00f3n y la base de datos de gesti\u00f3n de la innovaci\u00f3n m\u00e1s grande del mundo.    <\/p>\n<p>Estamos particularmente orgullosos de nuestra asociaci\u00f3n con <a href=\"https:\/\/humber.ca\/\">el Instituto de Tecnolog\u00eda y Aprendizaje Avanzado de Humber College<\/a>, uno de nuestros socios educativos m\u00e1s recientes. La COVID-19 ha puesto a prueba su capacidad colectiva para dar una respuesta oportuna a las nuevas realidades; La \u00abactitud positiva\u00bb de la universidad ilustra su cultura de innovaci\u00f3n y demuestra c\u00f3mo puede aumentar la capacidad de la organizaci\u00f3n para pivotar en tiempos de crisis. <\/p>\n<p>\u00abNo necesariamente nos jactamos de ello, simplemente hacemos las cosas. Y esa es una actitud muy canadiense\u00bb, dice la Dra. Ginger Grant, decana interina de Investigaci\u00f3n Aplicada e Innovaci\u00f3n de Humber. El Dr. Grant contin\u00faa: \u00abMi abuelo, que constru\u00eda gabinetes, siempre dec\u00eda: &#8216;Mides siete veces y cortas una vez&#8217;. Innovation 360 mejora nuestra capacidad de medir antes de cortar\u00bb.   <a href=\"https:\/\/www.theglobeandmail.com\/life\/adv\/article-growing-innovation-toolkit-boosting-outcomes-for-students-faculty\/\">M\u00e1s informaci\u00f3n aqu\u00ed.<\/a>[\/vc_column_text][vc_row_inner row_inner_height_percent=\u00bb0&#8243; back_color=\u00bbcolor-gyho\u00bb overlay_alpha=\u00bb50&#8243; gutter_size=\u00bb3&#8243; shift_y=\u00bb0&#8243; z_index=\u00bb0&#8243; uncode_shortcode_id=\u00bb172205&#8243; back_color_type=\u00bbuncode-palette\u00bb][vc_column_inner column_width_percent=\u00bb91&#8243; align_horizontal=\u00bbalign_center\u00bb gutter_size=\u00bb3&#8243; override_padding=\u00bbyes\u00bb column_padding=\u00bb2&#8243; overlay_alpha=\u00bb50&#8243; shift_x=\u00bb0&#8243; shift_y=\u00bb0&#8243; shift_y_down=\u00bb0&#8243; z_index=\u00bb0&#8243; medium_width=\u00bb0&#8243; mobile_width=\u00bb0&#8243; width=\u00bb1\/1&#8243; uncode_shortcode_id=\u00bb105039&#8243;][vc_column_text text_lead=\u00bbyes\u00bb uncode_shortcode_id=\u00bb378622&#8243;]Bajo el gran liderazgo del <span lang=\"EN-US\">Prof <\/span>. Ginger y respaldado por los servicios de asesoramiento de Innovation 360, Humber College, entre otros grandes logros, ha logrado escalar del #<span lang=\"EN-US\">30<\/span> al #2 en el ranking nacional dentro de la innovaci\u00f3n aplicada y la investigaci\u00f3n.[\/vc_column_text][\/vc_column_inner][\/vc_row_inner][vc_row_inner][vc_column_inner column_width_percent=\u00bb100&#8243; align_horizontal=\u00bbalign_center\u00bb gutter_size=\u00bb3&#8243; overlay_alpha=\u00bb50&#8243; shift_x=\u00bb0&#8243; shift_y=\u00bb0&#8243; shift_y_down=\u00bb0&#8243; z_index=\u00bb0&#8243; medium_width=\u00bb0&#8243; mobile_width=\u00bb0&#8243; width=\u00bb1\/4&#8243; uncode_shortcode_id=\u00bb146466&#8243;][\/vc_column_inner][vc_column_inner column_width_percent=\u00bb100&#8243; align_horizontal=\u00bbalign_center\u00bb gutter_size=\u00bb3&#8243; overlay_alpha=\u00bb50&#8243; shift_x=\u00bb0&#8243; shift_y=\u00bb0&#8243; shift_y_down=\u00bb0&#8243; z_index=\u00bb0&#8243; medium_width=\u00bb0&#8243; mobile_width=\u00bb0&#8243; width=\u00bb1\/2&#8243; uncode_shortcode_id=\u00bb493149&#8243;][vc_custom_heading heading_semantic=\u00bbh3&#8243; text_size=\u00bbh3&#8243; uncode_shortcode_id=\u00bb780451&#8243;]<\/p>\n<h3>Innovaci\u00f3n 360 con la Oficina de Investigaci\u00f3n e Innovaci\u00f3n de Humber<\/h3>\n<p>[\/vc_custom_heading][vc_single_image media=\u00bb83412&#8243; media_width_percent=\u00bb100&#8243; uncode_shortcode_id=\u00bb849527&#8243;][\/vc_column_inner][vc_column_inner width=\u00bb1\/4&#8243;][\/vc_column_inner][\/vc_row_inner][vc_row_inner][vc_column_inner column_width_percent=\u00bb100&#8243; align_horizontal=\u00bbalign_center\u00bb gutter_size=\u00bb3&#8243; overlay_alpha=\u00bb50&#8243; shift_x=\u00bb0&#8243; shift_y=\u00bb0&#8243; shift_y_down=\u00bb0&#8243; z_index=\u00bb0&#8243; medium_width=\u00bb0&#8243; mobile_width=\u00bb0&#8243; width=\u00bb1\/2&#8243; uncode_shortcode_id=\u00bb146466&#8243;][vc_custom_heading heading_semantic=\u00bbh3&#8243; text_size=\u00bbh3&#8243; uncode_shortcode_id=\u00bb177739&#8243;]Oficina de Investigaci\u00f3n e Innovaci\u00f3n 2020-2021 \u2013 Informe Anual[\/vc_custom_heading][vc_single_image media=\u00bb103352&#8243; media_width_percent=\u00bb100&#8243; uncode_shortcode_id=\u00bb107766&#8243; media_link=\u00bburl:https%3A%2F%2Fissuu.com%2Fhumber_research%2Fdocs%2Fori_annualreport_2020-21%2F26|target:_blank\u00bb][\/vc_column_inner][vc_column_inner column_width_percent=\u00bb100&#8243; align_horizontal=\u00bbalign_center\u00bb gutter_size=\u00bb3&#8243; overlay_alpha=\u00bb50&#8243; shift_x=\u00bb0&#8243; shift_y=\u00bb0&#8243; shift_y_down=\u00bb0&#8243; z_index=\u00bb0&#8243; medium_width=\u00bb0&#8243; mobile_width=\u00bb0&#8243; width=\u00bb1\/2&#8243; uncode_shortcode_id=\u00bb493149&#8243;][vc_custom_heading heading_semantic=\u00bbh3&#8243; text_size=\u00bbh3&#8243; uncode_shortcode_id=\u00bb509658&#8243;]Oficina de Investigaci\u00f3n e Innovaci\u00f3n 2021-2022 \u2013 Informe Anual[\/vc_custom_heading][vc_single_image media=\u00bb103355&#8243; media_width_percent=\u00bb100&#8243; uncode_shortcode_id=\u00bb889122&#8243; media_link=\u00bburl:https%3A%2F%2Fissuu.com%2Fhumber_research%2Fdocs%2Fori_annual_report_2021-22%2F32|target:_blank\u00bb][\/vc_column_inner][\/vc_row_inner][vc_row_inner][vc_column_inner width=\u00bb1\/1&#8243;][vc_column_text text_lead=\u00bbyes\u00bb uncode_shortcode_id=\u00bb159216&#8243;]<\/p>\n<h3><b><span lang=\"EN-US\">Innovation 360 Group AB en asociaci\u00f3n estrat\u00e9gica con Africa Business School<\/span><\/b><\/h3>\n<div>\n<p style=\"font-weight: 400;\">A\u00f1o 2024 Innovation 360 Group AB se complace en presentar una asociaci\u00f3n educativa estrat\u00e9gica con <a href=\"https:\/\/abs.um6p.ma\/\" data-saferedirecturl=\"https:\/\/www.google.com\/url?q=https:\/\/abs.um6p.ma\/&amp;source=gmail&amp;ust=1708455154306000&amp;usg=AOvVaw2HkIhyRc2tdrZ8vH2pXHF-\">Africa Business School (ABS)<\/a> de la Universidad Polit\u00e9cnica Mohammed VI, Marruecos. Esta colaboraci\u00f3n marca un importante paso adelante en nuestra misi\u00f3n de fomentar la innovaci\u00f3n y la excelencia en la educaci\u00f3n en todo el mundo. <\/p>\n<p style=\"font-weight: 400;\">A trav\u00e9s de esta asociaci\u00f3n, Africa Business School se convertir\u00e1 en un socio educativo integral en el norte de \u00c1frica, adoptando las metodolog\u00edas, herramientas y marcos avanzados de gesti\u00f3n de la innovaci\u00f3n de Innovation 360. Esta alianza permitir\u00e1 a ABS ofrecer a sus estudiantes y a la comunidad empresarial en general un acceso sin precedentes a pr\u00e1cticas de gesti\u00f3n de la innovaci\u00f3n de vanguardia, prepar\u00e1ndolos para liderar en el panorama empresarial global en constante evoluci\u00f3n. <\/p>\n<\/div>\n<p>[\/vc_column_text][\/vc_column_inner][\/vc_row_inner][vc_row_inner][vc_column_inner width=\u00bb1\/2&#8243;][vc_single_image media=\u00bb103357&#8243; media_width_percent=\u00bb100&#8243; uncode_shortcode_id=\u00bb166182&#8243;][\/vc_column_inner][vc_column_inner width=\u00bb1\/2&#8243;][vc_single_image media=\u00bb103356&#8243; media_width_percent=\u00bb100&#8243; uncode_shortcode_id=\u00bb122486&#8243;][\/vc_column_inner][\/vc_row_inner][vc_column_text text_lead=\u00bbyes\u00bb uncode_shortcode_id=\u00bb150480&#8243;]<\/p>\n<h3>Socio Corporativo<\/h3>\n<div><span lang=\"EN-US\">Esta es una opci\u00f3n para organizaciones m\u00e1s grandes con consultores internos. Tenemos socios corporativos en todos los continentes, y esta es una excelente manera de que obtengan acceso a herramientas, datos y m\u00e9todos que de otro modo ser\u00edan inaccesibles y que complementan los servicios ofrecidos por Innovation 360, Educational Partners y Gold Partners. Este programa es para organizaciones que tienen como objetivo tener un gran n\u00famero de consultores internos de innovaci\u00f3n certificados que les atiendan en todos los \u00e1mbitos.  <\/span><\/div>\n<p>[\/vc_column_text][vc_single_image media=\u00bb83365&#8243; media_width_percent=\u00bb100&#8243; uncode_shortcode_id=\u00bb201523&#8243;][vc_column_text text_lead=\u00bbyes\u00bb uncode_shortcode_id=\u00bb368029&#8243;]<\/p>\n<h3 dir=\"ltr\">Compa\u00f1ero de entrenamiento<\/h3>\n<div>\n<p>Los socios de formaci\u00f3n de Innovation360 imparten el programa <a href=\"https:\/\/www.capil.org\/\" target=\"_blank\" rel=\"noopener\">de Liderazgo Certificado en Innovaci\u00f3n Aplicada (CApIL\u00ae)<\/a> a nivel global.<br \/>\nSon organizaciones de formaci\u00f3n profesional equipadas para ofrecer programas acreditados basados en los marcos y herramientas de Innovation360.<br \/>\nLos Socios de Formaci\u00f3n fortalecen el ecosistema de Innovation360 ampliando la capacidad de aprendizaje, certificaci\u00f3n y transformaci\u00f3n a nivel mundial.<\/p>\n<p><b>Como Compa\u00f1ero de Entrenamiento, t\u00fa deber\u00e1s:<\/b><\/p>\n<ul>\n<li>\n<p role=\"presentation\">Impartir programas oficiales de CApIL\u00ae utilizando esquemas y materiales certificados.<\/p>\n<\/li>\n<li>\n<p role=\"presentation\">Accede a actualizaciones continuas, soporte y al programa Entrenar al Formador (TTT).<\/p>\n<\/li>\n<li>\n<p role=\"presentation\">Aparece en la web oficial de CApIL\u00ae con tus perfiles de instructores y datos de contacto.<\/p>\n<\/li>\n<li>\n<p role=\"presentation\">Utiliza el logotipo y el kit de herramientas de comunicaci\u00f3n de Innovation360 Training Partner.<\/p>\n<\/li>\n<li>\n<p role=\"presentation\">Participa en la comunidad global colaborativa de profesionales de Innovation360.<\/p>\n<\/li>\n<\/ul>\n<p><b>Los requisitos incluyen:<\/b><\/p>\n<ul>\n<li>\n<p role=\"presentation\">Al menos dos Cinturones Negros acreditados en Gesti\u00f3n de la Innovaci\u00f3n (IMBB) que hayan completado el programa Formaci\u00f3n.<\/p>\n<\/li>\n<li>\n<p role=\"presentation\">Presentaci\u00f3n de un Plan de Ventas y Marketing.<\/p>\n<\/li>\n<li>\n<p role=\"presentation\">Cumplimiento de los est\u00e1ndares y directrices oficiales del programa <a href=\"https:\/\/www.capil.org\/\" target=\"_blank\" rel=\"noopener\">CApIL\u00ae<\/a> .<\/p>\n<\/li>\n<\/ul>\n<\/div>\n<p>[\/vc_column_text][\/vc_column][\/vc_row]<\/p>\n<\/div>","protected":false},"excerpt":{"rendered":"<p>[vc_row row_height_percent=\u00bb0&#8243; overlay_color=\u00bbcolor-lxmt\u00bb overlay_alpha=\u00bb50&#8243; gutter_size=\u00bb3&#8243; column_width_percent=\u00bb100&#8243; shift_y=\u00bb0&#8243; z_index=\u00bb0&#8243;][vc_column width=\u00bb1\/1&#8243;][vc_custom_heading]\u00bfC\u00f3mo puede una empresa convertirse en Partner Certificado?[\/vc_custom_heading][vc_column_text text_lead=\u00bbyes\u00bb uncode_shortcode_id=\u00bb167957&#8243;] Socio de [&hellip;]<\/p>\n","protected":false},"author":1,"featured_media":0,"parent":102994,"menu_order":0,"comment_status":"closed","ping_status":"closed","template":"","meta":{"footnotes":""},"_links":{"self":[{"href":"https:\/\/licensed.innovation360.com\/es\/wp-json\/wp\/v2\/pages\/103340"}],"collection":[{"href":"https:\/\/licensed.innovation360.com\/es\/wp-json\/wp\/v2\/pages"}],"about":[{"href":"https:\/\/licensed.innovation360.com\/es\/wp-json\/wp\/v2\/types\/page"}],"author":[{"embeddable":true,"href":"https:\/\/licensed.innovation360.com\/es\/wp-json\/wp\/v2\/users\/1"}],"replies":[{"embeddable":true,"href":"https:\/\/licensed.innovation360.com\/es\/wp-json\/wp\/v2\/comments?post=103340"}],"version-history":[{"count":13,"href":"https:\/\/licensed.innovation360.com\/es\/wp-json\/wp\/v2\/pages\/103340\/revisions"}],"predecessor-version":[{"id":103537,"href":"https:\/\/licensed.innovation360.com\/es\/wp-json\/wp\/v2\/pages\/103340\/revisions\/103537"}],"up":[{"embeddable":true,"href":"https:\/\/licensed.innovation360.com\/es\/wp-json\/wp\/v2\/pages\/102994"}],"wp:attachment":[{"href":"https:\/\/licensed.innovation360.com\/es\/wp-json\/wp\/v2\/media?parent=103340"}],"curies":[{"name":"wp","href":"https:\/\/api.w.org\/{rel}","templated":true}]}}