{"id":103872,"date":"2019-07-09T20:30:59","date_gmt":"2019-07-09T20:30:59","guid":{"rendered":"https:\/\/licensed.innovation360.com\/boletines\/"},"modified":"2026-04-12T08:20:08","modified_gmt":"2026-04-12T08:20:08","slug":"boletines","status":"publish","type":"page","link":"https:\/\/licensed.innovation360.com\/es\/comunidad\/boletines\/","title":{"rendered":"Boletines"},"content":{"rendered":"<div class=\"wpb-content-wrapper\"><p>[vc_row][vc_column width=\u00bb1\/1&#8243;][vc_custom_heading]Boletines informativos para profesionales con licencia y la comunidad en general[\/vc_custom_heading][\/vc_column][\/vc_row][vc_row][vc_column width=\u00bb1\/1&#8243;][vc_column_text]Cada mes publicamos un bolet\u00edn informativo lleno de las \u00faltimas noticias de innovaci\u00f3n y acontecimientos de Innovation360. Publicamos los \u00faltimos tres n\u00fameros en el sitio para que la comunidad los descargue y los lea. <\/p>\n<p>Si desea recibir este bolet\u00edn directamente, reg\u00edstrese en el formulario que se encuentra en la parte inferior de la p\u00e1gina[\/vc_column_text][\/vc_column][\/vc_row][vc_row][vc_column width=\u00bb1\/1&#8243;][vc_custom_heading uncode_shortcode_id=\u00bb246722&#8243;]Bolet\u00edn mayo 2023[\/vc_custom_heading][vc_row_inner][vc_column_inner width=\u00bb1\/2&#8243;][vc_single_image media=\u00bb83992&#8243; media_width_percent=\u00bb100&#8243; uncode_shortcode_id=\u00bb386685&#8243;][\/vc_column_inner][vc_column_inner width=\u00bb1\/2&#8243;][vc_column_text uncode_shortcode_id=\u00bb137518&#8243;]No es ning\u00fan secreto que necesitamos adaptarnos continuamente para mantenernos al d\u00eda con el mundo empresarial actual, que evoluciona r\u00e1pidamente. Es posible que nuestro enfoque tradicional del mapeo de impacto de factibilidad ya no sea suficiente para navegar los cambios s\u00edsmicos en el entorno estrat\u00e9gico en el que operamos. Pero, si bien esto es sin duda un desaf\u00edo, tambi\u00e9n nos brinda una oportunidad incre\u00edble para aprovechar nuestro conocimiento y experiencia colectivos con el fin de prosperar.[\/vc_column_text][vc_button button_color=\u00bbaccent\u00bb radius=\u00bbbtn-round\u00bb border_width=\u00bb0&#8243; link=\u00bburl:https%3A%2F%2Fmailchi.mp%2Finnovation360group.com%2Fmay-lp-2023|title:May%202023|target:_blank|\u00bb button_color_type=\u00bbuncode-palette\u00bb uncode_shortcode_id=\u00bb672720&#8243;]Descargar newsletter mayo 2023[\/vc_button][\/vc_column_inner][\/vc_row_inner][\/vc_column][\/vc_row][vc_row][vc_column width=\u00bb1\/1&#8243;][vc_custom_heading]Bolet\u00edn Junio 2019[\/vc_custom_heading][vc_row_inner][vc_column_inner width=\u00bb1\/2&#8243;][vc_single_image media=\u00bb103875&#8243; media_width_percent=\u00bb100&#8243;][\/vc_column_inner][vc_column_inner width=\u00bb1\/2&#8243;][vc_column_text]Profesionales con licencia en todo el mundo, incluido un Centro de Innovaci\u00f3n en Humber College en Toronto, conectividad de innovaci\u00f3n en todo Canad\u00e1, desarrollo regional en Irlanda y nuevos proyectos en el sudeste asi\u00e1tico. Tambi\u00e9n noticias sobre actualizaciones del Programa de Acreditaci\u00f3n e Innovation360 en las Naciones Unidas.[\/vc_column_text][vc_button button_color=\u00bbaccent\u00bb radius=\u00bbbtn-round\u00bb border_width=\u00bb0&#8243; link=\u00bburl:http%3A%2F%2Flicensed.innovation360.com%2Fwp-content%2Fuploads%2F2019%2F07%2FJune-Newsletter.pdf|title:June|\u00bb]Descargar bolet\u00edn de junio[\/vc_button][\/vc_column_inner][\/vc_row_inner][\/vc_column][\/vc_row][vc_row][vc_column width=\u00bb1\/1&#8243;][vc_custom_heading]Bolet\u00edn Mayo 2019[\/vc_custom_heading][vc_row_inner][vc_column_inner width=\u00bb1\/2&#8243;][vc_single_image media=\u00bb103876&#8243; media_width_percent=\u00bb100&#8243;][\/vc_column_inner][vc_column_inner width=\u00bb1\/2&#8243;][vc_column_text]Trabajando dentro de la econom\u00eda de la transformaci\u00f3n, las ideas principales en el proyecto Fix the Planet y c\u00f3mo se relacionan con los Objetivos de Desarrollo Sostenible de la ONU, el enfoque de Licensed Practitioner en el liderazgo y la introducci\u00f3n a donde la creatividad se encuentra con la tecnolog\u00eda.[\/vc_column_text][vc_button button_color=\u00bbaccent\u00bb radius=\u00bbbtn-round\u00bb border_width=\u00bb0&#8243; link=\u00bburl:http%3A%2F%2Flicensed.innovation360.com%2Fwp-content%2Fuploads%2F2019%2F07%2FMay-Newsletter.pdf|title:June|\u00bb]Descargar bolet\u00edn de mayo[\/vc_button][\/vc_column_inner][\/vc_row_inner][\/vc_column][\/vc_row][vc_row][vc_column width=\u00bb1\/1&#8243;][vc_custom_heading]Bolet\u00edn Abril 2019[\/vc_custom_heading][vc_row_inner][vc_column_inner width=\u00bb1\/2&#8243;][vc_single_image media=\u00bb103874&#8243; media_width_percent=\u00bb100&#8243;][\/vc_column_inner][vc_column_inner width=\u00bb1\/2&#8243;][vc_column_text]Introducci\u00f3n a Fix the Planet, un proyecto global de ideaci\u00f3n abierta de Innovation360, que apoya 4 de los Objetivos de Desarrollo Sostenible de la ONU, Licensed Practitioner se centra en actuar como un antrop\u00f3logo, una lista de verificaci\u00f3n para elegir el mejor sistema de gesti\u00f3n de ideas, IA e innovaci\u00f3n en las noticias de todo el mundo.[\/vc_column_text][vc_button button_color=\u00bbaccent\u00bb radius=\u00bbbtn-round\u00bb border_width=\u00bb0&#8243; link=\u00bburl:http%3A%2F%2Flicensed.innovation360.com%2Fwp-content%2Fuploads%2F2019%2F07%2FApril-Newsletter.pdf|title:June|\u00bb]Descargar bolet\u00edn de abril[\/vc_button][\/vc_column_inner][\/vc_row_inner][\/vc_column][\/vc_row][vc_row row_height_percent=\u00bb50&#8243; override_padding=\u00bbyes\u00bb h_padding=\u00bb2&#8243; top_padding=\u00bb1&#8243; bottom_padding=\u00bb1&#8243; back_color=\u00bbcolor-143431&#8243; overlay_alpha=\u00bb50&#8243; gutter_size=\u00bb3&#8243; column_width_percent=\u00bb100&#8243; shift_y=\u00bb0&#8243; z_index=\u00bb0&#8243;][vc_column column_width_use_pixel=\u00bbyes\u00bb position_vertical=\u00bbmiddle\u00bb align_horizontal=\u00bbalign_center\u00bb gutter_size=\u00bb3&#8243; overlay_alpha=\u00bb50&#8243; shift_x=\u00bb0&#8243; shift_y=\u00bb0&#8243; shift_y_down=\u00bb0&#8243; z_index=\u00bb0&#8243; medium_width=\u00bb0&#8243; mobile_width=\u00bb0&#8243; width=\u00bb1\/1&#8243; column_width_pixel=\u00bb900&#8243;][vc_row_inner][vc_column_inner column_width_use_pixel=\u00bbyes\u00bb align_horizontal=\u00bbalign_center\u00bb gutter_size=\u00bb3&#8243; overlay_alpha=\u00bb50&#8243; shift_x=\u00bb0&#8243; shift_y=\u00bb0&#8243; shift_y_down=\u00bb0&#8243; z_index=\u00bb0&#8243; medium_width=\u00bb0&#8243; mobile_width=\u00bb0&#8243; width=\u00bb1\/2&#8243; column_width_pixel=\u00bb600&#8243;][vc_custom_heading heading_semantic=\u00bbh1&#8243; text_size=\u00bbh1&#8243;]Suscr\u00edbete a la Newsletter[\/vc_custom_heading][\/vc_column_inner][vc_column_inner width=\u00bb1\/2&#8243;]\n<div class=\"wpcf7 no-js\" id=\"wpcf7-f111048-o1\" lang=\"es-ES\" dir=\"ltr\">\n<div class=\"screen-reader-response\"><p role=\"status\" aria-live=\"polite\" aria-atomic=\"true\"><\/p> <ul><\/ul><\/div>\n<form action=\"\/es\/wp-json\/wp\/v2\/pages\/103872#wpcf7-f111048-o1\" method=\"post\" class=\"wpcf7-form init 3d3ab0a78226 cmatic-conn cmatic-aud-7 cmatic-mapd0-0 cmatic-v0977 cmatic-sent-0 cmatic-total-2300\" aria-label=\"Formulario de contacto\" novalidate=\"novalidate\" data-status=\"init\">\n<div style=\"display: none;\">\n<input type=\"hidden\" name=\"_wpcf7\" value=\"111048\" \/>\n<input type=\"hidden\" name=\"_wpcf7_version\" value=\"5.9.8\" \/>\n<input type=\"hidden\" name=\"_wpcf7_locale\" value=\"es_ES\" \/>\n<input type=\"hidden\" name=\"_wpcf7_unit_tag\" value=\"wpcf7-f111048-o1\" \/>\n<input type=\"hidden\" name=\"_wpcf7_container_post\" value=\"0\" \/>\n<input type=\"hidden\" name=\"_wpcf7_posted_data_hash\" value=\"\" \/>\n<\/div>\n<div class=\"wpcf7-inline-wrapper wpcf7-input-group\">\n\t<p class=\"wpcf7-inline-field wpcf7-inline-field-text\"><span class=\"wpcf7-form-control-wrap\" data-name=\"tu-correo\"><input size=\"40\" maxlength=\"400\" class=\"wpcf7-form-control wpcf7-email wpcf7-validates-as-required wpcf7-text wpcf7-validates-as-email\" aria-required=\"true\" aria-invalid=\"false\" value=\"Correo electr\u00f3nico\" type=\"email\" name=\"tu-correo\" \/><\/span>\n\t<\/p>\n\t<p class=\"wpcf7-inline-field wpcf7-inline-field-btn\"><input class=\"wpcf7-form-control wpcf7-submit has-spinner btn btn-default btn-flat\" type=\"submit\" value=\"SUBSCRIBIR\" \/>\n\t<\/p>\n<\/div><div class=\"wpcf7-response-output\" aria-hidden=\"true\"><\/div>\n<\/form>\n<\/div>\n[\/vc_column_inner][\/vc_row_inner][\/vc_column][\/vc_row]<\/p>\n<\/div>","protected":false},"excerpt":{"rendered":"<p>[vc_row][vc_column width=\u00bb1\/1&#8243;][vc_custom_heading]Boletines informativos para profesionales con licencia y la comunidad en general[\/vc_custom_heading][\/vc_column][\/vc_row][vc_row][vc_column width=\u00bb1\/1&#8243;][vc_column_text]Cada mes publicamos un bolet\u00edn informativo lleno de [&hellip;]<\/p>\n","protected":false},"author":1,"featured_media":0,"parent":109337,"menu_order":0,"comment_status":"closed","ping_status":"closed","template":"","meta":{"footnotes":""},"_links":{"self":[{"href":"https:\/\/licensed.innovation360.com\/es\/wp-json\/wp\/v2\/pages\/103872"}],"collection":[{"href":"https:\/\/licensed.innovation360.com\/es\/wp-json\/wp\/v2\/pages"}],"about":[{"href":"https:\/\/licensed.innovation360.com\/es\/wp-json\/wp\/v2\/types\/page"}],"author":[{"embeddable":true,"href":"https:\/\/licensed.innovation360.com\/es\/wp-json\/wp\/v2\/users\/1"}],"replies":[{"embeddable":true,"href":"https:\/\/licensed.innovation360.com\/es\/wp-json\/wp\/v2\/comments?post=103872"}],"version-history":[{"count":7,"href":"https:\/\/licensed.innovation360.com\/es\/wp-json\/wp\/v2\/pages\/103872\/revisions"}],"predecessor-version":[{"id":103926,"href":"https:\/\/licensed.innovation360.com\/es\/wp-json\/wp\/v2\/pages\/103872\/revisions\/103926"}],"up":[{"embeddable":true,"href":"https:\/\/licensed.innovation360.com\/es\/wp-json\/wp\/v2\/pages\/109337"}],"wp:attachment":[{"href":"https:\/\/licensed.innovation360.com\/es\/wp-json\/wp\/v2\/media?parent=103872"}],"curies":[{"name":"wp","href":"https:\/\/api.w.org\/{rel}","templated":true}]}}