{"id":103972,"date":"2019-07-09T20:30:17","date_gmt":"2019-07-09T20:30:17","guid":{"rendered":"https:\/\/licensed.innovation360.com\/lps-destacados\/"},"modified":"2026-04-12T08:20:08","modified_gmt":"2026-04-12T08:20:08","slug":"lps-destacados","status":"publish","type":"page","link":"https:\/\/licensed.innovation360.com\/es\/comunidad\/lps-destacados\/","title":{"rendered":"LPs destacados"},"content":{"rendered":"<div class=\"wpb-content-wrapper\"><p>[vc_row][vc_column width=\u00bb1\/1&#8243;][vc_row_inner][vc_column_inner column_width_percent=\u00bb100&#8243; align_horizontal=\u00bbalign_center\u00bb gutter_size=\u00bb3&#8243; overlay_alpha=\u00bb50&#8243; shift_x=\u00bb0&#8243; shift_y=\u00bb0&#8243; shift_y_down=\u00bb0&#8243; z_index=\u00bb0&#8243; medium_width=\u00bb0&#8243; mobile_width=\u00bb0&#8243; width=\u00bb1\/1&#8243;][vc_custom_heading heading_semantic=\u00bbh1&#8243; text_size=\u00bbh1&#8243; uncode_shortcode_id=\u00bb426015&#8243;]PROFESIONALES CON LICENCIA DESTACADOS[\/vc_custom_heading][\/vc_column_inner][\/vc_row_inner][vc_column_text]Nuestros profesionales autorizados y nuestros propios consultores est\u00e1n activos en m\u00e1s de 45 pa\u00edses actualmente. Los proyectos que lideran se extienden a trav\u00e9s de muchas verticales de la industria y todos los idiomas principales. Trabajan como parte de equipos de alto rendimiento con una amplia diversidad de experiencias, habilidades, conocimientos, personalidades y culturas. Nuestros profesionales autorizados, al igual que nuestros consultores, comparten un s\u00f3lido historial de resultados excepcionales, habilidades anal\u00edticas, educaci\u00f3n y un profundo conocimiento cultural de los mercados en los que operan.[\/vc_column_text][\/vc_column][\/vc_row][vc_row][vc_column width=\u00bb1\/1&#8243;][uncode_index el_id=\u00bbindex-102828&#8243; isotope_mode=\u00bbfitRows\u00bb loop=\u00bbsize:All|order_by:date|post_type:post|categories:110|taxonomy_count:10&#8243; screen_lg=\u00bb1000&#8243; screen_md=\u00bb600&#8243; screen_sm=\u00bb480&#8243; gutter_size=\u00bb3&#8243; post_items=\u00bbmedia|featured|onpost|original,title,text|excerpt\u00bb infinite=\u00bbyes\u00bb single_width=\u00bb3&#8243; single_shape=\u00bbcircle\u00bb single_overlay_opacity=\u00bb50&#8243; single_h_align=\u00bbcenter\u00bb single_h_align_mobile=\u00bbcenter\u00bb single_padding=\u00bb2&#8243; uncode_shortcode_id=\u00bb202376&#8243;][\/vc_column][\/vc_row]<\/p>\n<\/div>","protected":false},"excerpt":{"rendered":"<p>[vc_row][vc_column width=\u00bb1\/1&#8243;][vc_row_inner][vc_column_inner column_width_percent=\u00bb100&#8243; align_horizontal=\u00bbalign_center\u00bb gutter_size=\u00bb3&#8243; overlay_alpha=\u00bb50&#8243; shift_x=\u00bb0&#8243; shift_y=\u00bb0&#8243; shift_y_down=\u00bb0&#8243; z_index=\u00bb0&#8243; medium_width=\u00bb0&#8243; mobile_width=\u00bb0&#8243; width=\u00bb1\/1&#8243;][vc_custom_heading heading_semantic=\u00bbh1&#8243; text_size=\u00bbh1&#8243; uncode_shortcode_id=\u00bb426015&#8243;]PROFESIONALES CON LICENCIA DESTACADOS[\/vc_custom_heading][\/vc_column_inner][\/vc_row_inner][vc_column_text]Nuestros profesionales [&hellip;]<\/p>\n","protected":false},"author":1,"featured_media":0,"parent":109337,"menu_order":0,"comment_status":"closed","ping_status":"closed","template":"","meta":{"footnotes":""},"_links":{"self":[{"href":"https:\/\/licensed.innovation360.com\/es\/wp-json\/wp\/v2\/pages\/103972"}],"collection":[{"href":"https:\/\/licensed.innovation360.com\/es\/wp-json\/wp\/v2\/pages"}],"about":[{"href":"https:\/\/licensed.innovation360.com\/es\/wp-json\/wp\/v2\/types\/page"}],"author":[{"embeddable":true,"href":"https:\/\/licensed.innovation360.com\/es\/wp-json\/wp\/v2\/users\/1"}],"replies":[{"embeddable":true,"href":"https:\/\/licensed.innovation360.com\/es\/wp-json\/wp\/v2\/comments?post=103972"}],"version-history":[{"count":4,"href":"https:\/\/licensed.innovation360.com\/es\/wp-json\/wp\/v2\/pages\/103972\/revisions"}],"predecessor-version":[{"id":103985,"href":"https:\/\/licensed.innovation360.com\/es\/wp-json\/wp\/v2\/pages\/103972\/revisions\/103985"}],"up":[{"embeddable":true,"href":"https:\/\/licensed.innovation360.com\/es\/wp-json\/wp\/v2\/pages\/109337"}],"wp:attachment":[{"href":"https:\/\/licensed.innovation360.com\/es\/wp-json\/wp\/v2\/media?parent=103972"}],"curies":[{"name":"wp","href":"https:\/\/api.w.org\/{rel}","templated":true}]}}