{"id":104020,"date":"2019-07-09T20:28:48","date_gmt":"2019-07-09T20:28:48","guid":{"rendered":"https:\/\/licensed.innovation360.com\/sobre-nosotros\/"},"modified":"2026-04-12T08:05:57","modified_gmt":"2026-04-12T08:05:57","slug":"sobre-nosotros","status":"publish","type":"page","link":"https:\/\/licensed.innovation360.com\/es\/sobre-nosotros\/","title":{"rendered":"Sobre nosotros"},"content":{"rendered":"<div class=\"wpb-content-wrapper\"><p>[vc_row][vc_column width=\u00bb1\/1&#8243;][vc_single_image media=\u00bb79648&#8243; media_width_percent=\u00bb100&#8243;][\/vc_column][\/vc_row][vc_row][vc_column column_width_percent=\u00bb100&#8243; align_horizontal=\u00bbalign_center\u00bb gutter_size=\u00bb3&#8243; overlay_alpha=\u00bb50&#8243; shift_x=\u00bb0&#8243; shift_y=\u00bb0&#8243; shift_y_down=\u00bb0&#8243; z_index=\u00bb0&#8243; medium_width=\u00bb0&#8243; mobile_width=\u00bb0&#8243; width=\u00bb1\/1&#8243;][vc_custom_heading heading_semantic=\u00bbh1&#8243; text_size=\u00bbh1&#8243;]Acerca de Innovation360[\/vc_custom_heading][\/vc_column][\/vc_row][vc_row][vc_column width=\u00bb1\/1&#8243;][vc_column_text text_lead=\u00bbyes\u00bb uncode_shortcode_id=\u00bb941947&#8243;]<a href=\"https:\/\/innovation360.com\">Innovation360<\/a> es una empresa de gesti\u00f3n de la innovaci\u00f3n de pr\u00f3xima generaci\u00f3n con una plataforma de an\u00e1lisis avanzada para evaluar las aspiraciones y la preparaci\u00f3n de una organizaci\u00f3n para la innovaci\u00f3n. La intenci\u00f3n estrat\u00e9gica, las capacidades, el liderazgo y la cultura se<a href=\"https:\/\/innovation360.com\/offers\/innovation-assessment\/\"> correlacionan y se comparan<\/a>. Nuestro an\u00e1lisis ofrece a las empresas una visi\u00f3n integral de su propio ADN, ayud\u00e1ndolas a identificar tanto las oportunidades como los obst\u00e1culos para la innovaci\u00f3n, y a trazar un rumbo \u00fanico hacia adelante con confianza.  <\/p>\n<p>Con sede en Estocolmo y oficinas ejecutivas en Nueva York y Toronto, Innovation360 participa activamente en proyectos en todo el mundo, desde proyectos de desarrollo regional hasta iniciativas gubernamentales y proyectos industriales y de infraestructura a gran escala. Nuestros profesionales est\u00e1n implementando nuestros m\u00e9todos y utilizando nuestras <a href=\"https:\/\/licensed.innovation360.com\/es\/herramientas-de-innovacion\/\">herramientas<\/a> en proyectos que van desde talleres con equipos ejecutivos hasta proyectos de desarrollo regional a gran escala. <\/p>\n<p>Los profesionales con licencia de Innovation360 son los principales l\u00edderes empresariales, analistas y expertos, que trabajan en todos los campos e industrias para marcar el comienzo de un cambio transformador en nuestra era disruptiva.[\/vc_column_text][\/vc_column][\/vc_row][vc_row][vc_column width=\u00bb1\/3&#8243;][\/vc_column][vc_column width=\u00bb1\/3&#8243;][vc_button button_color=\u00bbaccent\u00bb size=\u00bbbtn-xl\u00bb radius=\u00bbbtn-round\u00bb border_width=\u00bb0&#8243; link=\u00bburl:https%3A%2F%2Flicensed.innovation360.com%2Fcommunity%2F|\u00bb button_color_type=\u00bbuncode-palette\u00bb uncode_shortcode_id=\u00bb192626&#8243;]Conozca a nuestra comunidad[\/vc_button][\/vc_column][vc_column width=\u00bb1\/3&#8243;][\/vc_column][\/vc_row][vc_row][vc_column column_width_percent=\u00bb100&#8243; align_horizontal=\u00bbalign_center\u00bb gutter_size=\u00bb3&#8243; overlay_alpha=\u00bb50&#8243; shift_x=\u00bb0&#8243; shift_y=\u00bb0&#8243; shift_y_down=\u00bb0&#8243; z_index=\u00bb0&#8243; medium_width=\u00bb0&#8243; mobile_width=\u00bb0&#8243; width=\u00bb1\/1&#8243;][vc_custom_heading heading_semantic=\u00bbh1&#8243; text_size=\u00bbh1&#8243;]Liderazgo de Pensamiento Global[\/vc_custom_heading][\/vc_column][\/vc_row][vc_row row_height_percent=\u00bb0&#8243; override_padding=\u00bbyes\u00bb h_padding=\u00bb2&#8243; top_padding=\u00bb1&#8243; bottom_padding=\u00bb2&#8243; overlay_alpha=\u00bb50&#8243; gutter_size=\u00bb3&#8243; column_width_percent=\u00bb100&#8243; shift_y=\u00bb0&#8243; z_index=\u00bb0&#8243;][vc_column width=\u00bb1\/1&#8243;][vc_column_text text_lead=\u00bbyes\u00bb uncode_shortcode_id=\u00bb213731&#8243;]\u00bfPor qu\u00e9 algunas empresas tienen \u00e9xito, una y otra vez, mientras que otras nunca pueden replicar un \u00e9xito inicial, o fracasan por completo a pesar de un concepto muy prometedor?<\/p>\n<p>\u00bfEs suerte, tiempo o estrategia?<\/p>\n<p>Despu\u00e9s de trabajar para cambiar y ampliar una serie de empresas, el CEO y fundador de Innovation360, Magnus Penker, sinti\u00f3 curiosidad por saber por qu\u00e9 algunas empresas son capaces de innovar de forma constante mientras que otras fracasan. Seguir a las empresas hasta la madriguera del conejo para responder a estas preguntas se convirti\u00f3 en la misi\u00f3n que guiaba su vida. <\/p>\n<p>Sobre la base de la mejor investigaci\u00f3n acad\u00e9mica y la ciencia aplicada, Magnus construy\u00f3 un marco de innovaci\u00f3n para evaluar y medir las capacidades de innovaci\u00f3n en una organizaci\u00f3n. Utilizando este marco, Innovation360 ha recopilado datos de empresas de todos los continentes, desde empresas en expansi\u00f3n hasta los mayores fondos cotizados en bolsa. <\/p>\n<p>En la actualidad, InnoSurvey\u00ae de la empresa de gesti\u00f3n de la innovaci\u00f3n Innovation360 extrae informaci\u00f3n de la base de datos de proyectos de innovaci\u00f3n m\u00e1s completa del mundo, que ahora incluye m\u00e1s de 5.000 empresas en 105 pa\u00edses.<\/p>\n<p>Estos conocimientos sobre la naturaleza fundamental de la innovaci\u00f3n forman el coraz\u00f3n de la metodolog\u00eda del Grupo Innovation360. Nuestra herramienta anal\u00edtica patentada, InnoSurvey\u00ae, y el marco que la respalda, no son solo te\u00f3ricos, sino inmensamente pr\u00e1cticos, lo que nos permite evaluar la preparaci\u00f3n de una organizaci\u00f3n para la innovaci\u00f3n, establecer una l\u00ednea de base y recomendar una estrategia de innovaci\u00f3n respaldada por el perfil de capacidad \u00fanico de la organizaci\u00f3n. <\/p>\n<p>A los innovadores exitosos no se les ocurren ideas ganadoras del mercado por suerte o inspiraci\u00f3n. La innovaci\u00f3n es un proceso altamente estructurado que convierte las necesidades del mercado en realidades con un plan de ejecuci\u00f3n preciso. Esa estructura es la que permite a las empresas exitosas innovar una y otra vez.  <\/p>\n<p>La ciencia de la gesti\u00f3n de la innovaci\u00f3n est\u00e1 todav\u00eda en pa\u00f1ales. Nuestro programa de acreditaci\u00f3n lo preparar\u00e1 no solo para entregar proyectos de transformaci\u00f3n a gran escala, sino tambi\u00e9n para desempe\u00f1ar un papel en la definici\u00f3n de est\u00e1ndares globales emergentes. La Organizaci\u00f3n Internacional de Normalizaci\u00f3n (ISO) est\u00e1 en proceso de crear directrices para la gesti\u00f3n de la innovaci\u00f3n en el marco de la norma ISO 56000. Como miembros del comit\u00e9 de trabajo que elabora estos est\u00e1ndares, un equipo de profesionales con licencia de Innovation360 est\u00e1 tomando la iniciativa para dar forma al futuro.   <\/p>\n<p>Los grandes desaf\u00edos de nuestro tiempo apelar\u00e1n a todo nuestro potencial innovador y a un lenguaje y una metodolog\u00eda compartidos para trabajar juntos.[\/vc_column_text][\/vc_column][\/vc_row][vc_row][vc_column width=\u00bb1\/3&#8243;][\/vc_column][vc_column column_width_percent=\u00bb100&#8243; gutter_size=\u00bb3&#8243; override_padding=\u00bbyes\u00bb column_padding=\u00bb1&#8243; overlay_alpha=\u00bb50&#8243; shift_x=\u00bb0&#8243; shift_y=\u00bb0&#8243; shift_y_down=\u00bb0&#8243; z_index=\u00bb0&#8243; medium_width=\u00bb0&#8243; mobile_width=\u00bb0&#8243; width=\u00bb1\/3&#8243;][vc_button button_color=\u00bbaccent\u00bb size=\u00bbbtn-lg\u00bb radius=\u00bbbtn-round\u00bb border_width=\u00bb0&#8243; link=\u00bburl:http%3A%2F%2Flicensed.innovation360.com%2Fmethodology%2F|title:Metodolog%C3%ADa|\u00bb button_color_type=\u00bbuncode-palette\u00bb uncode_shortcode_id=\u00bb208023&#8243;]Investiga la metodolog\u00eda[\/vc_button][\/vc_column][vc_column width=\u00bb1\/3&#8243;][\/vc_column][\/vc_row][vc_row][vc_column column_width_percent=\u00bb100&#8243; align_horizontal=\u00bbalign_center\u00bb gutter_size=\u00bb3&#8243; overlay_alpha=\u00bb50&#8243; shift_x=\u00bb0&#8243; shift_y=\u00bb0&#8243; shift_y_down=\u00bb0&#8243; z_index=\u00bb0&#8243; medium_width=\u00bb0&#8243; mobile_width=\u00bb0&#8243; width=\u00bb1\/1&#8243;][vc_custom_heading heading_semantic=\u00bbh1&#8243; text_size=\u00bbh1&#8243;]Acerca de Magnus Penker[\/vc_custom_heading][\/vc_column][\/vc_row][vc_row][vc_column width=\u00bb1\/1&#8243;][vc_column_text text_lead=\u00bbyes\u00bb uncode_shortcode_id=\u00bb534573&#8243;]Magnus Penker es un CEO muy solicitado, autor y orador en temas relacionados con la gesti\u00f3n de la innovaci\u00f3n, la inteligencia artificial, la digitalizaci\u00f3n y la transformaci\u00f3n empresarial. Ha presentado sus conceptos originales en prestigiosos foros y eventos mundiales, como el Global Peter Drucker Forum, escuelas internacionales de negocios y dise\u00f1o de primer nivel, y frente a ejecutivos de las empresas m\u00e1s grandes del mundo. Entre sus obras publicadas, la serie de cinco vol\u00famenes, The Complete Guide to Business Innovation, proporciona una introducci\u00f3n concentrada a su investigaci\u00f3n y enfoque de la gesti\u00f3n de la innovaci\u00f3n.  <\/p>\n<p>La revista Business Worldwide reconoci\u00f3 a Magnus como el \u00abCEO m\u00e1s innovador de Suecia 2016&#8243; y fue elegido como uno de los 100 mejores CEO globales por CEO Monthly en 2018. Bajo su liderazgo, la firma de gesti\u00f3n de la innovaci\u00f3n Innovation360 Group ha liderado proyectos de desarrollo regional y se ha expandido desde su sede en Estocolmo, Suecia, a oficinas en la ciudad de Nueva York, Toronto y Chicago. <\/p>\n<p>Para demostrar el valor de sus ideas y teor\u00edas, Magnus ha lanzado 10 start-ups y ha adquirido, transformado y vendido m\u00e1s de 30 empresas en toda Europa. Innovation360 ha guiado a clientes en todos los continentes, desde empresas en expansi\u00f3n hasta los mayores fondos cotizados en bolsa y las 100 empresas globales. <\/p>\n<p>Con la misi\u00f3n de establecer una l\u00ednea de innovaci\u00f3n confiable para el crecimiento y las ganancias sostenibles, Magnus contin\u00faa viajando por el mundo profundizando en la mec\u00e1nica de dar vida a nuevas ideas. Demuestra c\u00f3mo las empresas pueden experimentar con la innovaci\u00f3n radical para prolongar su vida \u00fatil el mayor tiempo posible, porque cada \u00e9xito significa otra empresa que puede contribuir a resolver los mayores desaf\u00edos del mundo. <\/p>\n<p>El mundo se enfrenta a amenazas sin precedentes para un futuro sostenible, con la necesidad de ideas poderosas y originales para abordar cuestiones como el acceso al agua potable, una mejor educaci\u00f3n, atenci\u00f3n m\u00e9dica, el fin de la pobreza y pol\u00edticas agr\u00edcolas m\u00e1s inteligentes para apoyar a la creciente poblaci\u00f3n. La \u00fanica manera de resolver estos problemas es a trav\u00e9s de la innovaci\u00f3n radical y la experimentaci\u00f3n activa. <\/p>\n<p>Est\u00e1 claro que, aunque el mundo nunca ha cambiado tanto y tan r\u00e1pido, nunca volver\u00e1 a cambiar tan lentamente. Solo un enfoque estructurado de la innovaci\u00f3n radical puede ayudar a las organizaciones a operar a esta velocidad y a la humanidad a alcanzar su m\u00e1ximo potencial.[\/vc_column_text][\/vc_column][\/vc_row][vc_row][vc_column width=\u00bb1\/3&#8243;][\/vc_column][vc_column width=\u00bb1\/3&#8243;][vc_button button_color=\u00bbaccent\u00bb size=\u00bbbtn-lg\u00bb radius=\u00bbbtn-round\u00bb border_width=\u00bb0&#8243; link=\u00bburl:http%3A%2F%2Flicensed.innovation360.com%2Faccreditation%2F|title:Acreditaci%C3%B3n|\u00bb button_color_type=\u00bbuncode-palette\u00bb uncode_shortcode_id=\u00bb110932&#8243;]M\u00e1s informaci\u00f3n sobre la acreditaci\u00f3n[\/vc_button][\/vc_column][vc_column width=\u00bb1\/3&#8243;][\/vc_column][\/vc_row]<\/p>\n<\/div>","protected":false},"excerpt":{"rendered":"<p>[vc_row][vc_column width=\u00bb1\/1&#8243;][vc_single_image media=\u00bb79648&#8243; media_width_percent=\u00bb100&#8243;][\/vc_column][\/vc_row][vc_row][vc_column column_width_percent=\u00bb100&#8243; align_horizontal=\u00bbalign_center\u00bb gutter_size=\u00bb3&#8243; overlay_alpha=\u00bb50&#8243; shift_x=\u00bb0&#8243; shift_y=\u00bb0&#8243; shift_y_down=\u00bb0&#8243; z_index=\u00bb0&#8243; medium_width=\u00bb0&#8243; mobile_width=\u00bb0&#8243; width=\u00bb1\/1&#8243;][vc_custom_heading heading_semantic=\u00bbh1&#8243; text_size=\u00bbh1&#8243;]Acerca de Innovation360[\/vc_custom_heading][\/vc_column][\/vc_row][vc_row][vc_column width=\u00bb1\/1&#8243;][vc_column_text [&hellip;]<\/p>\n","protected":false},"author":1,"featured_media":0,"parent":0,"menu_order":0,"comment_status":"closed","ping_status":"closed","template":"","meta":{"footnotes":""},"_links":{"self":[{"href":"https:\/\/licensed.innovation360.com\/es\/wp-json\/wp\/v2\/pages\/104020"}],"collection":[{"href":"https:\/\/licensed.innovation360.com\/es\/wp-json\/wp\/v2\/pages"}],"about":[{"href":"https:\/\/licensed.innovation360.com\/es\/wp-json\/wp\/v2\/types\/page"}],"author":[{"embeddable":true,"href":"https:\/\/licensed.innovation360.com\/es\/wp-json\/wp\/v2\/users\/1"}],"replies":[{"embeddable":true,"href":"https:\/\/licensed.innovation360.com\/es\/wp-json\/wp\/v2\/comments?post=104020"}],"version-history":[{"count":2,"href":"https:\/\/licensed.innovation360.com\/es\/wp-json\/wp\/v2\/pages\/104020\/revisions"}],"predecessor-version":[{"id":104026,"href":"https:\/\/licensed.innovation360.com\/es\/wp-json\/wp\/v2\/pages\/104020\/revisions\/104026"}],"wp:attachment":[{"href":"https:\/\/licensed.innovation360.com\/es\/wp-json\/wp\/v2\/media?parent=104020"}],"curies":[{"name":"wp","href":"https:\/\/api.w.org\/{rel}","templated":true}]}}