{"id":104415,"date":"2019-06-12T18:53:10","date_gmt":"2019-06-12T18:53:10","guid":{"rendered":"https:\/\/licensed.innovation360.com\/pagina-de-ejemplo\/"},"modified":"2026-04-12T08:06:53","modified_gmt":"2026-04-12T08:06:53","slug":"pagina-de-ejemplo","status":"publish","type":"page","link":"https:\/\/licensed.innovation360.com\/es\/pagina-de-ejemplo\/","title":{"rendered":"P\u00e1gina de ejemplo"},"content":{"rendered":"\n<p>Esta es una p\u00e1gina de ejemplo. Es diferente de una entrada de blog porque se queda en un solo lugar y aparece en la navegaci\u00f3n de tu sitio (en la mayor\u00eda de los temas). La mayor\u00eda de la gente comienza con una p\u00e1gina Acerca de ellos que les presenta a posibles visitantes del sitio. Podr\u00eda decir algo as\u00ed:   <\/p>\n\n<blockquote class=\"wp-block-quote\"><p>\u00a1Hola! Soy mensajero en bicicleta de d\u00eda, aspirante a actor de noche, y esta es mi p\u00e1gina web. Vivo en Los \u00c1ngeles, tengo un perro estupendo llamado Jack y me gustan las pi\u00f1a coladas. (Y que me pille la lluvia.)   <\/p><\/blockquote>\n\n<p>&#8230; O algo as\u00ed:<\/p>\n\n<blockquote class=\"wp-block-quote\"><p>La empresa XYZ Doohickey se fund\u00f3 en 1971 y desde entonces ha estado proporcionando aparatos de calidad al p\u00fablico. Situado en Gotham City, XYZ emplea a m\u00e1s de 2.000 personas y hace todo tipo de cosas incre\u00edbles para la comunidad de Gotham. <\/p><\/blockquote>\n\n<p>Como usuario nuevo de WordPress, deber\u00edas ir a <a href=\"http:\/\/licensed.innovation360.com\/wp-admin\/\">tu panel de control<\/a> para eliminar esta p\u00e1gina y crear nuevas p\u00e1ginas para tu contenido. \u00a1Divi\u00e9rtete! <\/p>\n","protected":false},"excerpt":{"rendered":"<p>Esta es una p\u00e1gina de ejemplo. Es diferente de una entrada de blog porque se queda en un solo lugar [&hellip;]<\/p>\n","protected":false},"author":1,"featured_media":0,"parent":0,"menu_order":0,"comment_status":"closed","ping_status":"open","template":"","meta":{"footnotes":""},"_links":{"self":[{"href":"https:\/\/licensed.innovation360.com\/es\/wp-json\/wp\/v2\/pages\/104415"}],"collection":[{"href":"https:\/\/licensed.innovation360.com\/es\/wp-json\/wp\/v2\/pages"}],"about":[{"href":"https:\/\/licensed.innovation360.com\/es\/wp-json\/wp\/v2\/types\/page"}],"author":[{"embeddable":true,"href":"https:\/\/licensed.innovation360.com\/es\/wp-json\/wp\/v2\/users\/1"}],"replies":[{"embeddable":true,"href":"https:\/\/licensed.innovation360.com\/es\/wp-json\/wp\/v2\/comments?post=104415"}],"version-history":[{"count":1,"href":"https:\/\/licensed.innovation360.com\/es\/wp-json\/wp\/v2\/pages\/104415\/revisions"}],"predecessor-version":[{"id":104419,"href":"https:\/\/licensed.innovation360.com\/es\/wp-json\/wp\/v2\/pages\/104415\/revisions\/104419"}],"wp:attachment":[{"href":"https:\/\/licensed.innovation360.com\/es\/wp-json\/wp\/v2\/media?parent=104415"}],"curies":[{"name":"wp","href":"https:\/\/api.w.org\/{rel}","templated":true}]}}