{"id":109337,"date":"2019-07-09T20:29:57","date_gmt":"2019-07-09T20:29:57","guid":{"rendered":"https:\/\/licensed.innovation360.com\/comunidad\/"},"modified":"2026-04-12T08:20:15","modified_gmt":"2026-04-12T08:20:15","slug":"comunidad","status":"publish","type":"page","link":"https:\/\/licensed.innovation360.com\/es\/comunidad\/","title":{"rendered":"Comunidad"},"content":{"rendered":"<div class=\"wpb-content-wrapper\"><p>[vc_row unlock_row_content=\u00bbyes\u00bb row_height_percent=\u00bb0&#8243; override_padding=\u00bbyes\u00bb h_padding=\u00bb0&#8243; top_padding=\u00bb0&#8243; bottom_padding=\u00bb0&#8243; overlay_alpha=\u00bb50&#8243; equal_height=\u00bbyes\u00bb gutter_size=\u00bb0&#8243; column_width_percent=\u00bb100&#8243; shift_y=\u00bb0&#8243; z_index=\u00bb0&#8243;][vc_column column_width_percent=\u00bb100&#8243; gutter_size=\u00bb3&#8243; overlay_alpha=\u00bb50&#8243; shift_x=\u00bb0&#8243; shift_y=\u00bb0&#8243; shift_y_down=\u00bb0&#8243; z_index=\u00bb0&#8243; medium_width=\u00bb0&#8243; mobile_width=\u00bb0&#8243; width=\u00bb1\/2&#8243; mobile_height=\u00bb340&#8243;][vc_single_image media=\u00bb79609&#8243; media_width_percent=\u00bb100&#8243;][\/vc_column][vc_column column_width_use_pixel=\u00bbyes\u00bb gutter_size=\u00bb3&#8243; override_padding=\u00bbyes\u00bb column_padding=\u00bb2&#8243; overlay_alpha=\u00bb50&#8243; shift_x=\u00bb0&#8243; shift_y=\u00bb0&#8243; shift_y_down=\u00bb0&#8243; z_index=\u00bb0&#8243; medium_width=\u00bb0&#8243; mobile_width=\u00bb0&#8243; width=\u00bb1\/2&#8243; column_width_pixel=\u00bb528&#8243;][vc_custom_heading heading_semantic=\u00bbh1&#8243; text_size=\u00bbh1&#8243;]\u00danete a una comunidad global de expertos en innovaci\u00f3n[\/vc_custom_heading][vc_column_text text_lead=\u00bbyes\u00bb uncode_shortcode_id=\u00bb145678&#8243;]La acreditaci\u00f3n en Innovation360 le otorgar\u00e1 credenciales respetadas que pueden ser extremadamente valiosas para su negocio, pero a\u00fan m\u00e1s valor proviene de las conexiones que har\u00e1 en el camino. A medida que avanzas en el programa de acreditaci\u00f3n, establecer\u00e1s relaciones y te unir\u00e1s a una red de expertos en innovaci\u00f3n que cubren todas las industrias y todos los idiomas principales. Nuestros consultores a menudo se unen para resolver grandes desaf\u00edos y ofrecer soluciones de clase mundial a sus clientes.  <\/p>\n<p>Estamos comprometidos con el aprendizaje continuo, poniendo a prueba nuestras suposiciones y respaldando nuestras conclusiones con datos.<\/p>\n<p>Como comunidad, apoyamos los est\u00e1ndares emergentes en la gesti\u00f3n de la innovaci\u00f3n y participamos en varios comit\u00e9s de trabajo de ISO para ayudar a establecer esta orientaci\u00f3n temprana. Estamos alineados con los Objetivos de Desarrollo Sostenible de las Naciones Unidas para 2030 y recientemente lanzamos un proyecto de ideaci\u00f3n abierta, <a href=\"https:\/\/fix-the-planet.com\" target=\"_blank\" rel=\"noopener noreferrer\">Fix the Planet<\/a>, para ayudar a crear conciencia sobre estos problemas. <\/p>\n<p>A medida que la tecnolog\u00eda se acelera y la comunicaci\u00f3n conecta a todos en todas partes, las viejas reglas ya no se aplican. Las tecnolog\u00edas exponenciales, la competencia global y los mercados cambiantes son ahora el statu quo. Nuestros profesionales con licencia tienen una gran oportunidad de dar forma al futuro de la innovaci\u00f3n y definir el ma\u00f1ana.  <\/p>\n<p>Los consultores de todos los continentes est\u00e1n implementando nuestros m\u00e9todos y herramientas para amplificar su impacto y hacer crecer sus negocios. \u00bfEst\u00e1s listo para formar parte de esta red din\u00e1mica y creciente de agentes de cambio? <\/p>\n<p>Para obtener m\u00e1s informaci\u00f3n, eche un vistazo a nuestras <a href=\"https:\/\/licensed.innovation360.com\/faq\/\">preguntas frecuentes<\/a>.[\/vc_column_text][vc_button button_color=\u00bbaccent\u00bb radius=\u00bbbtn-round\u00bb border_width=\u00bb0&#8243; link=\u00bburl:http%3A%2F%2Flicensed.innovation360.com%2Faccreditation%2F|title:Accreditation|\u00bb]Aprende m\u00e1s[\/vc_button][\/vc_column][\/vc_row][vc_row][vc_column width=\u00bb1\/1&#8243;][vc_separator sep_color=\u00bb,Default\u00bb][\/vc_column][\/vc_row][vc_row][vc_column width=\u00bb1\/4&#8243;][\/vc_column][vc_column column_width_percent=\u00bb100&#8243; align_horizontal=\u00bbalign_center\u00bb gutter_size=\u00bb3&#8243; overlay_alpha=\u00bb50&#8243; shift_x=\u00bb0&#8243; shift_y=\u00bb0&#8243; shift_y_down=\u00bb0&#8243; z_index=\u00bb0&#8243; medium_width=\u00bb0&#8243; mobile_width=\u00bb0&#8243; width=\u00bb1\/2&#8243;][vc_custom_heading]Testimonios en video[\/vc_custom_heading][\/vc_column][vc_column width=\u00bb1\/4&#8243;][\/vc_column][\/vc_row][vc_row][vc_column width=\u00bb1\/1&#8243;][vc_raw_html]W3Jldl9zbGlkZXIgYWxpYXM9ImZvb2QtY2Fyb3VzZWwxIl1bL3Jldl9zbGlkZXJd[\/vc_raw_html][\/vc_column][\/vc_row][vc_row][vc_column width=\u00bb1\/1&#8243;][vc_separator sep_color=\u00bb,Default\u00bb][\/vc_column][\/vc_row][vc_row row_height_percent=\u00bb0&#8243; override_padding=\u00bbyes\u00bb h_padding=\u00bb2&#8243; top_padding=\u00bb3&#8243; bottom_padding=\u00bb2&#8243; back_color=\u00bbcolor-lxmt\u00bb overlay_alpha=\u00bb50&#8243; gutter_size=\u00bb3&#8243; column_width_percent=\u00bb100&#8243; shift_y=\u00bb0&#8243; z_index=\u00bb0&#8243;][vc_column width=\u00bb1\/1&#8243;][vc_custom_heading]Facultad de Acreditaci\u00f3n Innovation360[\/vc_custom_heading][\/vc_column][\/vc_row][vc_row row_height_percent=\u00bb0&#8243; override_padding=\u00bbyes\u00bb h_padding=\u00bb2&#8243; top_padding=\u00bb3&#8243; bottom_padding=\u00bb3&#8243; back_color=\u00bbcolor-lxmt\u00bb overlay_alpha=\u00bb100&#8243; gutter_size=\u00bb2&#8243; column_width_percent=\u00bb100&#8243; shift_y=\u00bb0&#8243; z_index=\u00bb0&#8243; style=\u00bbinherited\u00bb][vc_column column_width_percent=\u00bb100&#8243; align_horizontal=\u00bbalign_center\u00bb gutter_size=\u00bb3&#8243; overlay_alpha=\u00bb50&#8243; shift_x=\u00bb0&#8243; shift_y=\u00bb0&#8243; shift_y_down=\u00bb0&#8243; z_index=\u00bb0&#8243; medium_width=\u00bb0&#8243; mobile_width=\u00bb0&#8243; width=\u00bb1\/1&#8243;][vc_gallery el_id=\u00bbgallery-318462&#8243; medias=\u00bb103899,103901,103900,103904,109342,103495,103506,82286,107551&#8243; gallery_back_color=\u00bbcolor-lxmt\u00bb gutter_size=\u00bb4&#8243; media_items=\u00bbmedia|nolink|original,icon,title,caption\u00bb screen_lg=\u00bb1000&#8243; screen_md=\u00bb600&#8243; screen_sm=\u00bb480&#8243; single_text=\u00bbunder\u00bb single_width=\u00bb3&#8243; images_size=\u00bbone-one\u00bb single_shape=\u00bbcircle\u00bb single_overlay_opacity=\u00bb50&#8243; single_text_anim=\u00bbno\u00bb single_h_align=\u00bbcenter\u00bb single_padding=\u00bb1&#8243; single_title_dimension=\u00bbh5&#8243; single_icon=\u00bbfa fa-plus2&#8243; single_border=\u00bbyes\u00bb lbox_title=\u00bbyes\u00bb lbox_caption=\u00bbyes\u00bb carousel_rtl=\u00bb\u00bb single_half_padding=\u00bbyes\u00bb single_title_uppercase=\u00bb\u00bb single_title_serif=\u00bb\u00bb single_no_background=\u00bbyes\u00bb items=\u00bbeyIxMzc2M19pIjp7InNpbmdsZV9saW5rIjoidXJsOmh0dHA6Ly93d3cudW5kc2duLmNvbXx8dGFyZ2V0OiBfYmxhbmsifSwiMTM3NjlfaSI6eyJzaW5nbGVfbGluayI6InVybDpodHRwOi8vd3d3LnVuZHNnbi5jb218fHRhcmdldDogX2JsYW5rIn0sIjEzNzcwX2kiOnsic2luZ2xlX2xpbmsiOiJ1cmw6aHR0cDovL3d3dy51bmRzZ24uY29tfHx0YXJnZXQ6IF9ibGFuayJ9LCIxMzc2Nl9pIjp7InNpbmdsZV9saW5rIjoidXJsOmh0dHA6Ly93d3cudW5kc2duLmNvbXx8dGFyZ2V0OiBfYmxhbmsifSwiNzk1MjRfaSI6eyJzaW5nbGVfbGF5b3V0X21lZGlhX2l0ZW1zIjoibWVkaWF8bm9saW5rfG9yaWdpbmFsLGljb24sdGl0bGUsY2FwdGlvbiJ9fQ==\u00bb][\/vc_column][\/vc_row][vc_row][vc_column column_width_percent=\u00bb100&#8243; align_horizontal=\u00bbalign_center\u00bb gutter_size=\u00bb3&#8243; overlay_alpha=\u00bb50&#8243; shift_x=\u00bb0&#8243; shift_y=\u00bb0&#8243; shift_y_down=\u00bb0&#8243; z_index=\u00bb0&#8243; medium_width=\u00bb0&#8243; mobile_width=\u00bb0&#8243; width=\u00bb1\/1&#8243;][uncode_share layout=\u00bbmultiple\u00bb bigger=\u00bbyes\u00bb][\/vc_column][\/vc_row]<\/p>\n<\/div>","protected":false},"excerpt":{"rendered":"<p>[vc_row unlock_row_content=\u00bbyes\u00bb row_height_percent=\u00bb0&#8243; override_padding=\u00bbyes\u00bb h_padding=\u00bb0&#8243; top_padding=\u00bb0&#8243; bottom_padding=\u00bb0&#8243; overlay_alpha=\u00bb50&#8243; equal_height=\u00bbyes\u00bb gutter_size=\u00bb0&#8243; column_width_percent=\u00bb100&#8243; shift_y=\u00bb0&#8243; z_index=\u00bb0&#8243;][vc_column column_width_percent=\u00bb100&#8243; gutter_size=\u00bb3&#8243; overlay_alpha=\u00bb50&#8243; shift_x=\u00bb0&#8243; shift_y=\u00bb0&#8243; shift_y_down=\u00bb0&#8243; z_index=\u00bb0&#8243; [&hellip;]<\/p>\n","protected":false},"author":1,"featured_media":0,"parent":0,"menu_order":0,"comment_status":"closed","ping_status":"closed","template":"","meta":{"footnotes":""},"_links":{"self":[{"href":"https:\/\/licensed.innovation360.com\/es\/wp-json\/wp\/v2\/pages\/109337"}],"collection":[{"href":"https:\/\/licensed.innovation360.com\/es\/wp-json\/wp\/v2\/pages"}],"about":[{"href":"https:\/\/licensed.innovation360.com\/es\/wp-json\/wp\/v2\/types\/page"}],"author":[{"embeddable":true,"href":"https:\/\/licensed.innovation360.com\/es\/wp-json\/wp\/v2\/users\/1"}],"replies":[{"embeddable":true,"href":"https:\/\/licensed.innovation360.com\/es\/wp-json\/wp\/v2\/comments?post=109337"}],"version-history":[{"count":3,"href":"https:\/\/licensed.innovation360.com\/es\/wp-json\/wp\/v2\/pages\/109337\/revisions"}],"predecessor-version":[{"id":109375,"href":"https:\/\/licensed.innovation360.com\/es\/wp-json\/wp\/v2\/pages\/109337\/revisions\/109375"}],"wp:attachment":[{"href":"https:\/\/licensed.innovation360.com\/es\/wp-json\/wp\/v2\/media?parent=109337"}],"curies":[{"name":"wp","href":"https:\/\/api.w.org\/{rel}","templated":true}]}}