{"id":102842,"date":"2019-08-01T03:45:13","date_gmt":"2019-08-01T03:45:13","guid":{"rendered":"https:\/\/licensed.innovation360.com\/storie-di-innovazione\/"},"modified":"2026-04-12T08:20:15","modified_gmt":"2026-04-12T08:20:15","slug":"storie-di-innovazione","status":"publish","type":"page","link":"https:\/\/licensed.innovation360.com\/it\/la-community\/storie-di-innovazione\/","title":{"rendered":"Storie di innovazione"},"content":{"rendered":"<div class=\"wpb-content-wrapper\"><p>[vc_row][vc_column column_width_percent=\u201d100&#8243; align_horizontal=\u201dalign_center\u201d gutter_size=\u201d3&#8243; overlay_alpha=\u201d50&#8243; shift_x=\u201d0&#8243; shift_y=\u201d0&#8243; shift_y_down=\u201d0&#8243; z_index=\u201d0&#8243; medium_width=\u201d0&#8243; mobile_width=\u201d0&#8243; width=\u201d1\/1&#8243;][vc_custom_heading heading_semantic=\u201dh1&#8243; text_size=\u201dh1&#8243; uncode_shortcode_id=\u201d101918&#8243;]Storie di innovazione[\/vc_custom_heading][vc_column_text text_lead=\u201dyes\u201d]Benvenuti nella nostra raccolta di storie di innovazione da <a href=\"https:\/\/licensed.innovation360.com\/it\/accreditamento\/\">Professionisti Autorizzati<\/a> da tutto il mondo. Queste storie di innovazione mostrano come i professionisti utilizzino <a href=\"https:\/\/licensed.innovation360.com\/it\/strumenti-di-innovazione\/\">gli strumenti Innovation360<\/a> per promuovere cambiamenti significativi. Dallo sviluppo della leadership alla crescita strategica, ogni storia rivela il reale impatto della <a href=\"https:\/\/licensed.innovation360.com\/it\/metodologia-dellinnovazione-di-innovation-360\/\">gestione strutturata dell&#8217;innovazione<\/a>. Di conseguenza, le organizzazioni di tutti i settori costruiscono ogni giorno culture pi\u00f9 forti dell&#8217;innovazione.   <\/p>\n<h2>Storie di innovazione dalla nostra comunit\u00e0 globale<\/h2>\n<p>Di seguito troverai una selezione di storie di innovazione condivise dai nostri Professionisti Autorizzati. Ogni operatore offre una prospettiva unica su come il framework Innovation360 li aiuti a ottenere risultati per i propri clienti.[\/vc_column_text][\/vc_column][\/vc_row][vc_row][vc_column width=\u201d2\/3&#8243;][vc_column_text text_lead=\u201dyes\u201d]<\/p>\n<h3>Trasformare il lavoro dei clienti attraverso i quadri di innovazione<\/h3>\n<p>\u201cGli strumenti e le tecniche di Innovation360 hanno trasformato il modo in cui lavoro con i miei clienti. L&#8217;Innovation Framework fornisce una struttura chiara e semplice per comprendere perch\u00e9, cosa e come un&#8217;organizzazione innova. Di conseguenza, risuona immediatamente con le persone.\u201d Inoltre, completare la certificazione InnovationIQ offre una nuova comprensione di cosa sia l&#8217;innovazione e del perch\u00e9 sia importante. Inoltre, il punteggio InnovationIQ \u00e8 un modo potente per valutare la capacit\u00e0 innovativa e rappresenta un ottimo strumento di marketing. Inoltre, il benchmarking di <a href=\"https:\/\/licensed.innovation360.com\/it\/strumenti-di-innovazione\/innosurvey\/\">InnoSurvey\u00ae<\/a> \u00e8 estremamente prezioso. Tuttavia, il vero valore sta nel processo che attraversiamo con i clienti. Adoro vedere i tanti momenti di &#8216;lampadina&#8217; lungo il percorso. <strong>Dr. Kelly Clark \u2013<\/strong> <strong>Cintura\u2122 Verde IMGB Innovation<\/strong> Management dell&#8217;Irlanda del Nord[\/vc_column_text][\/vc_column][vc_column width=\u201d1\/3&#8243;][vc_single_image media=\u201d80298&#8243; media_width_percent=\u201d75&#8243; shape=\u201dimg-circle\u201d][\/vc_column][\/vc_row][vc_row][vc_column width=\u201d2\/3&#8243;][vc_column_text text_lead=\u201dyes\u201d uncode_shortcode_id=\u201d572151&#8243;]<\/p>\n<h3>Promuovere la leadership nell&#8217;innovazione attraverso la ISO 56000<\/h3>\n<p data-start=\"810\" data-end=\"1180\">Eric C. Peterson \u00e8 stato un collaboratore prezioso di Innovation360 per molti anni, contribuendo a coinvolgimenti con clienti e grandi iniziative di innovazione. Oggi, come consulente indipendente, continua a costruire su queste fondamenta con un forte focus sulla ISO 56000 e sull&#8217;avanzamento della leadership nell&#8217;innovazione strutturata. <\/p>\n<p data-start=\"1182\" data-end=\"1552\">Con un dottorato in Innovation Management e una Green Belt IMGB Innovation Management, e con esperienza in carrier e altre aziende Fortune 500, Eric porta con s\u00e9 una solida combinazione di intuizione strategica e pratica pratica. Considera la ISO 56000 un quadro chiave per le organizzazioni che vogliono rafforzare la capacit\u00e0 di innovazione, la leadership e la creazione di valore a lungo termine. <\/p>\n<p>[\/vc_column_text][\/vc_column][vc_column column_width_percent=\u201d75&#8243; gutter_size=\u201d3&#8243; override_padding=\u201dyes\u201d column_padding=\u201d1&#8243; overlay_alpha=\u201d50&#8243; shift_x=\u201d0&#8243; shift_y=\u201d0&#8243; shift_y_down=\u201d0&#8243; z_index=\u201d0&#8243; medium_width=\u201d0&#8243; mobile_width=\u201d0&#8243; width=\u201d1\/3&#8243;][vc_single_image media=\u201d102850&#8243; media_width_percent=\u201d90&#8243; shape=\u201dimg-circle\u201d uncode_shortcode_id=\u201d815309&#8243;][\/vc_column][\/vc_row][vc_row][vc_column width=\u201d2\/3&#8243;][vc_column_text text_lead=\u201dyes\u201d uncode_shortcode_id=\u201d225685&#8243;]<\/p>\n<h3>Guidare la leadership nell&#8217;innovazione in Svezia e a livello internazionale<\/h3>\n<p data-start=\"1623\" data-end=\"2069\">Tord Thunman \u00e8 IMBB Innovation Management Black Belt, Gold Partner presso lo Svenska Change Institute e consulente esperto in gestione dell&#8217;innovazione e leadership del cambiamento. Attraverso il suo lavoro in Svezia e a livello internazionale, guida programmi di formazione CApIL e supporta organizzazioni impegnate a rafforzare la capacit\u00e0 di innovazione e la creazione di valore a lungo termine. <\/p>\n<p data-start=\"2071\" data-end=\"2419\">In pi\u00f9 progetti, Tord utilizza le valutazioni InnoSurvey come base per la consulenza, l&#8217;implementazione e lo sviluppo delle capacit\u00e0 di gestione dell&#8217;innovazione. Unito al suo lavoro come leader del cambiamento e coach, e all&#8217;uso di strumenti come Spesred, aiuta le organizzazioni a costruire approcci strutturati all&#8217;innovazione, alla trasformazione e alla crescita sostenibile. <\/p>\n<p>[\/vc_column_text][\/vc_column][vc_column column_width_percent=\u201d70&#8243; gutter_size=\u201d3&#8243; overlay_alpha=\u201d50&#8243; shift_x=\u201d0&#8243; shift_y=\u201d0&#8243; shift_y_down=\u201d0&#8243; z_index=\u201d0&#8243; medium_width=\u201d0&#8243; mobile_width=\u201d0&#8243; width=\u201d1\/3&#8243;][vc_single_image media=\u201d108942&#8243; media_width_percent=\u201d100&#8243; shape=\u201dimg-circle\u201d uncode_shortcode_id=\u201d460362&#8243;][\/vc_column][\/vc_row][vc_row][vc_column width=\u201d2\/3&#8243;][vc_column_text text_lead=\u201dyes\u201d uncode_shortcode_id=\u201d600124&#8243;]<\/p>\n<h3>Dal quadro a un impatto reale in Giordania<\/h3>\n<p data-start=\"58\" data-end=\"448\">Da Beyond Consulting in Giordania, l&#8217;innovazione \u00e8 diventata pi\u00f9 di una semplice metodologia utilizzata con i clienti. Tra il quarto trimestre 2024 e il quarto trimestre 2025, l&#8217;azienda ha applicato l&#8217;innovazione in modo sistematico all&#8217;interno della propria attivit\u00e0 e ha ottenuto un miglioramento di quasi il 10% nelle capacit\u00e0 di innovazione. Il suo InnovationIQ Index \u00e8 passato da 52 a 57, mentre la performance finanziaria \u00e8 cresciuta del 22%.  <\/p>\n<p data-start=\"450\" data-end=\"834\">Per Marwan Ata, Fondatore e CEO, IMBB Innovation Management Black Belt e Gold Partner in Giordania, i risultati confermano un messaggio chiaro: l&#8217;innovazione non \u00e8 un&#8217;attivit\u00e0 secondaria ma un sistema integrato che plasma il pensiero, il processo decisionale e la creazione di valore. Questo percorso pratico rafforza ora il modo in cui Beyond Consulting supporta i clienti con una leadership credibile e basata sull&#8217;esperienza nell&#8217;innovazione. <\/p>\n<p>[\/vc_column_text][\/vc_column][vc_column column_width_percent=\u201d70&#8243; gutter_size=\u201d3&#8243; overlay_alpha=\u201d50&#8243; shift_x=\u201d0&#8243; shift_y=\u201d0&#8243; shift_y_down=\u201d0&#8243; z_index=\u201d0&#8243; medium_width=\u201d0&#8243; mobile_width=\u201d0&#8243; width=\u201d1\/3&#8243;][vc_single_image media=\u201d84681&#8243; media_width_percent=\u201d100&#8243; shape=\u201dimg-circle\u201d uncode_shortcode_id=\u201d157428&#8243;][\/vc_column][\/vc_row][vc_row][vc_column column_width_percent=\u201d100&#8243; gutter_size=\u201d3&#8243; overlay_alpha=\u201d50&#8243; shift_x=\u201d0&#8243; shift_y=\u201d0&#8243; shift_y_down=\u201d0&#8243; z_index=\u201d0&#8243; medium_width=\u201d0&#8243; mobile_width=\u201d0&#8243; width=\u201d1\/1&#8243;][vc_column_text text_lead=\u201dyes\u201d]<\/p>\n<h2>Inizia oggi la tua storia di innovazione<\/h2>\n<p>Sei pronto a scrivere la tua storia di innovazione? Il nostro <a href=\"https:\/\/licensed.innovation360.com\/it\/accreditamento\/\">programma di certificazione professionale<\/a> ti fornisce gli strumenti, i metodi e la comunit\u00e0 globale di cui hai bisogno per avere successo. Inoltre, puoi esplorare <a href=\"https:\/\/licensed.innovation360.com\/it\/avvenimenti\/\">le prossime date di formazione<\/a> o <a href=\"https:\/\/licensed.innovation360.com\/it\/fai-domanda-per-il-lp\/\">candidarti ora<\/a> per iniziare il tuo percorso. Inoltre, visita la <a href=\"https:\/\/licensed.innovation360.com\/it\/domande-frequenti-su-innovation-360\/\">nostra pagina FAQ<\/a> per rispondere alle domande pi\u00f9 frequenti sul programma.     <img decoding=\"async\" style=\"--smush-placeholder-width: 1px; --smush-placeholder-aspect-ratio: 1\/1;display: none;\" data-src=\"https:\/\/licensed.innovation360.com\/wp-content\/uploads\/2019\/08\/innovation-stories-practitioners.jpg\" alt=\"Storie di innovazione da professionisti autorizzati da tutto il mondo\" width=\"1\" height=\"1\" src=\"data:image\/svg+xml;base64,PHN2ZyB3aWR0aD0iMSIgaGVpZ2h0PSIxIiB4bWxucz0iaHR0cDovL3d3dy53My5vcmcvMjAwMC9zdmciPjwvc3ZnPg==\" class=\"lazyload\">[\/vc_column_text][\/vc_column][\/vc_row][vc_row][vc_column column_width_percent=\u201d100&#8243; align_horizontal=\u201dalign_center\u201d gutter_size=\u201d3&#8243; overlay_alpha=\u201d50&#8243; shift_x=\u201d0&#8243; shift_y=\u201d0&#8243; shift_y_down=\u201d0&#8243; z_index=\u201d0&#8243; medium_width=\u201d0&#8243; mobile_width=\u201d0&#8243; width=\u201d1\/1&#8243;][vc_button button_color=\u201daccent\u201d size=\u201dbtn-lg\u201d radius=\u201dbtn-round\u201d border_width=\u201d0&#8243; link=\u201durl:https%3A%2F%2Flicensed.innovation360.com%2Fit%2Faccreditamento%2Fsistema-di-accreditamento%2F|title:Accreditation%20System|\u201d]Scopri l&#8217;accreditamento[\/vc_button][\/vc_column][\/vc_row]<\/p>\n<\/div>","protected":false},"excerpt":{"rendered":"<p>[vc_row][vc_column column_width_percent=\u201d100&#8243; align_horizontal=\u201dalign_center\u201d gutter_size=\u201d3&#8243; overlay_alpha=\u201d50&#8243; shift_x=\u201d0&#8243; shift_y=\u201d0&#8243; shift_y_down=\u201d0&#8243; z_index=\u201d0&#8243; medium_width=\u201d0&#8243; mobile_width=\u201d0&#8243; width=\u201d1\/1&#8243;][vc_custom_heading heading_semantic=\u201dh1&#8243; text_size=\u201dh1&#8243; uncode_shortcode_id=\u201d101918&#8243;]Storie di innovazione[\/vc_custom_heading][vc_column_text text_lead=\u201dyes\u201d]Benvenuti nella nostra [&hellip;]<\/p>\n","protected":false},"author":5,"featured_media":0,"parent":109323,"menu_order":0,"comment_status":"closed","ping_status":"closed","template":"","meta":{"footnotes":""},"_links":{"self":[{"href":"https:\/\/licensed.innovation360.com\/it\/wp-json\/wp\/v2\/pages\/102842"}],"collection":[{"href":"https:\/\/licensed.innovation360.com\/it\/wp-json\/wp\/v2\/pages"}],"about":[{"href":"https:\/\/licensed.innovation360.com\/it\/wp-json\/wp\/v2\/types\/page"}],"author":[{"embeddable":true,"href":"https:\/\/licensed.innovation360.com\/it\/wp-json\/wp\/v2\/users\/5"}],"replies":[{"embeddable":true,"href":"https:\/\/licensed.innovation360.com\/it\/wp-json\/wp\/v2\/comments?post=102842"}],"version-history":[{"count":16,"href":"https:\/\/licensed.innovation360.com\/it\/wp-json\/wp\/v2\/pages\/102842\/revisions"}],"predecessor-version":[{"id":109374,"href":"https:\/\/licensed.innovation360.com\/it\/wp-json\/wp\/v2\/pages\/102842\/revisions\/109374"}],"up":[{"embeddable":true,"href":"https:\/\/licensed.innovation360.com\/it\/wp-json\/wp\/v2\/pages\/109323"}],"wp:attachment":[{"href":"https:\/\/licensed.innovation360.com\/it\/wp-json\/wp\/v2\/media?parent=102842"}],"curies":[{"name":"wp","href":"https:\/\/api.w.org\/{rel}","templated":true}]}}