{"id":103099,"date":"2019-07-09T20:39:05","date_gmt":"2019-07-09T20:39:05","guid":{"rendered":"https:\/\/licensed.innovation360.com\/principali-vantaggi-della-certificazione-dellinnovazione\/"},"modified":"2026-04-12T08:02:50","modified_gmt":"2026-04-12T08:02:50","slug":"principali-vantaggi-della-certificazione-dellinnovazione","status":"publish","type":"page","link":"https:\/\/licensed.innovation360.com\/it\/principali-vantaggi-della-certificazione-dellinnovazione\/","title":{"rendered":"Principali vantaggi della certificazione dell&#8217;innovazione"},"content":{"rendered":"<div class=\"wpb-content-wrapper\"><p>[vc_row][vc_column width=\u201d1\/1&#8243;][vc_custom_heading uncode_shortcode_id=\u201d213188&#8243;]I vantaggi dell&#8217;accreditamento come professionista autorizzato e il nostro programma di certificazione dell&#8217;innovazione[\/vc_custom_heading][vc_column_text text_lead=\u201dyes\u201d uncode_shortcode_id=\u201d488077&#8243;]Il programma di certificazione dell&#8217;innovazione:  <span data-preserver-spaces=\"true\">L&#8217;innovazione \u00e8 una scienza e pu\u00f2 essere insegnata, ma ogni organizzazione deve trovare la propria strada per innovare in modo redditizio. Una strategia pronta all&#8217;uso non produce risultati. Devi iniziare con una valutazione completa. Valutare i punti di forza unici dell&#8217;organizzazione e analizzare in modo approfondito come sta cambiando il mercato. Gli innovatori di successo utilizzano un approccio strutturato, basato su dati concreti e ricerche originali in ogni fase, dal brainstorming alla commercializzazione.    <\/span><\/p>\n<h3><span data-preserver-spaces=\"true\">I tre percorsi<\/span><\/h3>\n<p><span data-preserver-spaces=\"true\">Il Programma di Certificazione dell&#8217;Innovazione si articola in <a href=\"https:\/\/licensed.innovation360.com\/accreditation\/accreditation-system\/\">tre diversi percorsi<\/a>. Il primo percorso \u00e8 per i consulenti, il secondo per le universit\u00e0 e il terzo per le grandi aziende. Tutto il percorso inizia con un accreditamento in cui si diventa un Licensed Practitioner. Si inizia al livello di IMBA (Innovation Management Basic Accreditation\u2122\ufe0f). Da l\u00ec, si passa a IMYB (Innovation Management Yellow Belt\u2122\ufe0f), IMGB (Innovation Management Green Belt\u2122\ufe0f), a IMBB (Innovation Management Black Belt\u2122\ufe0f).    <\/span><\/p>\n<h3>I principali vantaggi del programma di certificazione dell&#8217;innovazione<\/h3>\n<p>In qualit\u00e0 di <a href=\"https:\/\/licensed.innovation360.com\/community\/featured-lps\/\">Licensed Practitioner<\/a> accreditato, il primo passo del nostro programma di certificazione dell&#8217;innovazione, genererai valore fin dal primo giorno, grazie a: <\/p>\n<ul>\n<li><span data-preserver-spaces=\"true\">Accesso al pi\u00f9 grande database e strumento di analisi dell&#8217;innovazione al mondo: <a href=\"https:\/\/innovation360.com\/offers\/assessment-capability-competence-culture-leadership-structure\/\">InnoSurvey\u00ae<\/a> \u2013 che incorpora i dati di +5.000 aziende in 105 paesi<\/span><\/li>\n<li><span data-preserver-spaces=\"true\">Modelli collaudati che coprono approfondimenti, analisi, progettazione e implementazione di sistemi di gestione dell&#8217;innovazione  <\/span><\/li>\n<li><span data-preserver-spaces=\"true\">Metodi di alta qualit\u00e0 e strumenti online conformi alla prossima <\/span><a class=\"editor-rtfLink\" href=\"https:\/\/www.iso.org\/standard\/69315.html\" target=\"_blank\" rel=\"noopener noreferrer\"><span data-preserver-spaces=\"true\">ISO 56000<\/span><\/a><span data-preserver-spaces=\"true\">: Gestione dell&#8217;innovazione<\/span><\/li>\n<li><span data-preserver-spaces=\"true\">Un motore di indagine di valutazione disponibile in tutte le principali lingue<\/span><\/li>\n<li><span data-preserver-spaces=\"true\"><a href=\"https:\/\/licensed.innovation360.com\/tools\/\">Strumenti di workshop online<\/a> per la pianificazione degli scenari, l&#8217;analisi dei fattori chiave globali e una piattaforma leader del settore per la gestione dell&#8217;ideazione  <\/span><\/li>\n<li><span data-preserver-spaces=\"true\">Strumenti per eliminare l&#8217;80% del lavoro manuale in modo da poter trascorrere pi\u00f9 tempo con i tuoi clienti<\/span><\/li>\n<li><span data-preserver-spaces=\"true\">Il motore di analisi AI pi\u00f9 avanzato per la gestione dell&#8217;innovazione, Sherlock<\/span><\/li>\n<li><span data-preserver-spaces=\"true\">Raccomandazioni basate su dati concreti e supportate dalla ricerca per report attuabili<\/span><\/li>\n<li><span data-preserver-spaces=\"true\">Connessioni in tutti i principali settori e regioni del mondo attraverso la rete di Licensed Practitioner<\/span><\/li>\n<li><span data-preserver-spaces=\"true\">Leadership di pensiero, supporto allo sviluppo del business e personal branding<\/span><\/li>\n<li><span data-preserver-spaces=\"true\">Guida alla gestione dei circoli di gruppo\u00ae\ufe0f Innovation360. Un potente evento di lead generation e branding che trasforma in media il 20% dei lead in clienti entro 12 mesi <\/span><\/li>\n<\/ul>\n<h3><span data-preserver-spaces=\"true\">Il gruppo target<\/span><\/h3>\n<p><span data-preserver-spaces=\"true\">Il programma Licensed Practitioner \u00e8 adatto a te come consulente, come professore e membro di una facolt\u00e0, nonch\u00e9 come consulenti interni ed esperti nel campo del design, dell&#8217;innovazione, della trasformazione e della digitalizzazione.<\/span><\/p>\n<p><span data-preserver-spaces=\"true\">Scopri tutti i fatti nelle brochure scaricabili qui sotto.<\/span>[\/vc_column_text][\/vc_column][\/vc_row][vc_row][vc_column column_width_percent=\u201d100&#8243; align_horizontal=\u201dalign_center\u201d gutter_size=\u201d3&#8243; overlay_alpha=\u201d50&#8243; shift_x=\u201d0&#8243; shift_y=\u201d0&#8243; shift_y_down=\u201d0&#8243; z_index=\u201d0&#8243; medium_width=\u201d0&#8243; mobile_width=\u201d0&#8243; width=\u201d1\/3&#8243;][vc_custom_heading]Scarica questa brochure per avere un quadro completo del percorso del Licensed Practitioner e della strada da percorrere.[\/vc_custom_heading][\/vc_column][vc_column column_width_percent=\u201d100&#8243; align_horizontal=\u201dalign_center\u201d gutter_size=\u201d3&#8243; overlay_alpha=\u201d50&#8243; shift_x=\u201d0&#8243; shift_y=\u201d0&#8243; shift_y_down=\u201d0&#8243; z_index=\u201d0&#8243; medium_width=\u201d0&#8243; mobile_width=\u201d0&#8243; width=\u201d1\/3&#8243;][vc_single_image media=\u201d79650&#8243; media_width_percent=\u201d100&#8243;][\/vc_column][vc_column width=\u201d1\/3&#8243;][vc_custom_heading]Brochure di accreditamento\u2122\ufe0f di base IMBA[\/vc_custom_heading][vc_row_inner][vc_column_inner column_width_percent=\u201d100&#8243; align_horizontal=\u201dalign_center\u201d gutter_size=\u201d3&#8243; overlay_alpha=\u201d50&#8243; shift_x=\u201d0&#8243; shift_y=\u201d0&#8243; shift_y_down=\u201d0&#8243; z_index=\u201d0&#8243; medium_width=\u201d0&#8243; mobile_width=\u201d0&#8243; width=\u201d1\/1&#8243;][vc_button button_color=\u201daccent\u201d border_width=\u201d0&#8243; link=\u201durl:https%3A%2F%2Flicensed.innovation360.com%2Fwp-content%2Fuploads%2F2022%2F01%2FLP-Intro-2022.pdf|target:_blank|\u201d button_color_type=\u201duncode-palette\u201d uncode_shortcode_id=\u201d765146&#8243;]Scaricare[\/vc_button][\/vc_column_inner][\/vc_row_inner][\/vc_column][\/vc_row][vc_row][vc_column column_width_percent=\u201d100&#8243; align_horizontal=\u201dalign_center\u201d gutter_size=\u201d3&#8243; overlay_alpha=\u201d50&#8243; shift_x=\u201d0&#8243; shift_y=\u201d0&#8243; shift_y_down=\u201d0&#8243; z_index=\u201d0&#8243; medium_width=\u201d0&#8243; mobile_width=\u201d0&#8243; width=\u201d1\/3&#8243;][vc_custom_heading]Scarica questa brochure sui vantaggi dell&#8217;allenamento per cinture gialle, verdi e nere e su una vita di attivit\u00e0 ripetuta.[\/vc_custom_heading][\/vc_column][vc_column column_width_percent=\u201d100&#8243; align_horizontal=\u201dalign_center\u201d gutter_size=\u201d3&#8243; overlay_alpha=\u201d50&#8243; shift_x=\u201d0&#8243; shift_y=\u201d0&#8243; shift_y_down=\u201d0&#8243; z_index=\u201d0&#8243; medium_width=\u201d0&#8243; mobile_width=\u201d0&#8243; width=\u201d1\/3&#8243;][vc_single_image media=\u201d80571&#8243; media_width_percent=\u201d100&#8243;][\/vc_column][vc_column width=\u201d1\/3&#8243;][vc_custom_heading]Brochure sulla classificazione da IMYB\u2122\ufe0f a IMBB\u2122\ufe0f (cintura da gialla a nera)[\/vc_custom_heading][vc_row_inner][vc_column_inner column_width_percent=\u201d100&#8243; align_horizontal=\u201dalign_center\u201d gutter_size=\u201d3&#8243; overlay_alpha=\u201d50&#8243; shift_x=\u201d0&#8243; shift_y=\u201d0&#8243; shift_y_down=\u201d0&#8243; z_index=\u201d0&#8243; medium_width=\u201d0&#8243; mobile_width=\u201d0&#8243; width=\u201d1\/1&#8243;][vc_button button_color=\u201daccent\u201d border_width=\u201d0&#8243; link=\u201durl:https%3A%2F%2Flicensed.innovation360.com%2Fwp-content%2Fuploads%2F2022%2F01%2FLP-Grading-2022.pdf|target:_blank|\u201d button_color_type=\u201duncode-palette\u201d uncode_shortcode_id=\u201d172425&#8243;]Scaricare[\/vc_button][\/vc_column_inner][\/vc_row_inner][\/vc_column][\/vc_row][vc_row][vc_column column_width_percent=\u201d100&#8243; gutter_size=\u201d3&#8243; overlay_alpha=\u201d50&#8243; shift_x=\u201d0&#8243; shift_y=\u201d0&#8243; shift_y_down=\u201d0&#8243; z_index=\u201d0&#8243; medium_width=\u201d0&#8243; mobile_width=\u201d0&#8243; width=\u201d1\/1&#8243;][vc_button button_color=\u201daccent\u201d radius=\u201dbtn-round\u201d border_width=\u201d0&#8243; link=\u201durl:https%3A%2F%2Flicensed.innovation360.com%2Fit%2Fcontattaci%2F|title:Contact%20us|\u201d button_color_type=\u201duncode-palette\u201d uncode_shortcode_id=\u201d123095&#8243;]Mettiti in contatto [\/vc_button][\/vc_column][\/vc_row]<\/p>\n<\/div>","protected":false},"excerpt":{"rendered":"<p>[vc_row][vc_column width=\u201d1\/1&#8243;][vc_custom_heading uncode_shortcode_id=\u201d213188&#8243;]I vantaggi dell&#8217;accreditamento come professionista autorizzato e il nostro programma di certificazione dell&#8217;innovazione[\/vc_custom_heading][vc_column_text text_lead=\u201dyes\u201d uncode_shortcode_id=\u201d488077&#8243;]Il programma di certificazione [&hellip;]<\/p>\n","protected":false},"author":1,"featured_media":0,"parent":0,"menu_order":0,"comment_status":"closed","ping_status":"closed","template":"","meta":{"footnotes":""},"_links":{"self":[{"href":"https:\/\/licensed.innovation360.com\/it\/wp-json\/wp\/v2\/pages\/103099"}],"collection":[{"href":"https:\/\/licensed.innovation360.com\/it\/wp-json\/wp\/v2\/pages"}],"about":[{"href":"https:\/\/licensed.innovation360.com\/it\/wp-json\/wp\/v2\/types\/page"}],"author":[{"embeddable":true,"href":"https:\/\/licensed.innovation360.com\/it\/wp-json\/wp\/v2\/users\/1"}],"replies":[{"embeddable":true,"href":"https:\/\/licensed.innovation360.com\/it\/wp-json\/wp\/v2\/comments?post=103099"}],"version-history":[{"count":2,"href":"https:\/\/licensed.innovation360.com\/it\/wp-json\/wp\/v2\/pages\/103099\/revisions"}],"predecessor-version":[{"id":103122,"href":"https:\/\/licensed.innovation360.com\/it\/wp-json\/wp\/v2\/pages\/103099\/revisions\/103122"}],"wp:attachment":[{"href":"https:\/\/licensed.innovation360.com\/it\/wp-json\/wp\/v2\/media?parent=103099"}],"curies":[{"name":"wp","href":"https:\/\/api.w.org\/{rel}","templated":true}]}}