{"id":103224,"date":"2019-07-09T20:36:25","date_gmt":"2019-07-09T20:36:25","guid":{"rendered":"https:\/\/licensed.innovation360.com\/circolo-del-gruppo%ef%b8%8f-innovation360\/"},"modified":"2026-04-12T08:03:07","modified_gmt":"2026-04-12T08:03:07","slug":"circolo-del-gruppo%ef%b8%8f-innovation360","status":"publish","type":"page","link":"https:\/\/licensed.innovation360.com\/it\/circolo-del-gruppo%ef%b8%8f-innovation360\/","title":{"rendered":"Circolo del Gruppo\u00ae\ufe0f Innovation360"},"content":{"rendered":"<div class=\"wpb-content-wrapper\"><p>[vc_row unlock_row_content=\u201dyes\u201d row_height_percent=\u201d0&#8243; override_padding=\u201dyes\u201d h_padding=\u201d2&#8243; top_padding=\u201d5&#8243; bottom_padding=\u201d5&#8243; overlay_alpha=\u201d50&#8243; gutter_size=\u201d4&#8243; column_width_use_pixel=\u201dyes\u201d shift_y=\u201d0&#8243; z_index=\u201d0&#8243; el_class=\u201dinverted-device-order\u201d column_width_pixel=\u201d1600&#8243;][vc_column width=\u201d7\/12&#8243;][vc_single_image media=\u201d103231&#8243; media_width_percent=\u201d100&#8243; media_ratio=\u201dfour-three\u201d shape=\u201dimg-round\u201d shadow=\u201dyes\u201d][\/vc_column][vc_column column_width_percent=\u201d100&#8243; position_vertical=\u201dmiddle\u201d overlay_alpha=\u201d50&#8243; gutter_size=\u201d3&#8243; medium_width=\u201d0&#8243; mobile_width=\u201d0&#8243; shift_x=\u201d0&#8243; shift_y=\u201d0&#8243; shift_y_down=\u201d0&#8243; z_index=\u201d0&#8243; width=\u201d5\/12&#8243;][vc_custom_heading heading_semantic=\u201dh3&#8243; text_size=\u201dh3&#8243; text_color=\u201daccent\u201d]Il circolo del Gruppo\u00ae\ufe0f Innovation360[\/vc_custom_heading][vc_custom_heading heading_semantic=\u201dh3&#8243; text_size=\u201dfontsize-155944&#8243;]Costruisci il tuo business, costruisci il tuo brand[\/vc_custom_heading][vc_column_text]In qualit\u00e0 di Licensed Practitioner, uno degli strumenti pi\u00f9 potenti e versatili a tua disposizione \u00e8 l&#8217;Innovation360 Group\u00ae\ufe0f Circle. Questo evento interattivo offline pu\u00f2 contemporaneamente attirare l&#8217;attenzione sulla tua attivit\u00e0, fornire valore ai leader della comunit\u00e0 imprenditoriale, rafforzare il tuo marchio personale e generare lead qualificati. <\/p>\n<p>Immagina di riempire una sala conferenze con 50 dirigenti che hanno una probabilit\u00e0 del 20% di convertirsi in clienti entro il prossimo anno. Ora immagina cosa potresti ottenere guidando diversi Circoli di Gruppo\u00ae\ufe0f Innovation360 durante tutto l&#8217;anno. <\/p>\n<p>I professionisti autorizzati hanno ottenuto alcuni dei loro pi\u00f9 grandi contratti con il loro primo Innovation360 Group\u00ae\ufe0f Circle. Statisticamente, abbiamo scoperto che in media un dirigente su cinque che partecipa a questi circoli si iscrive come cliente entro 12 mesi dall&#8217;evento. <\/p>\n<p>Questi eventi rendono reali e tangibili i benefici dell&#8217;innovazione, dando ai dirigenti un quadro chiaro di ci\u00f2 che Innovation360 pu\u00f2 significare per i loro profitti.<\/p>\n<p>Ti formeremo e ti guideremo su come inviare gli inviti, organizzare l&#8217;evento, assumere un ruolo di leadership durante l&#8217;evento e seguirlo in seguito per massimizzare le conversioni. Possiamo anche fornirvi modelli, suggerimenti, esempi e supporto nelle fasi di pianificazione.[\/vc_column_text][\/vc_column][\/vc_row]<\/p>\n<\/div>","protected":false},"excerpt":{"rendered":"<p>[vc_row unlock_row_content=\u201dyes\u201d row_height_percent=\u201d0&#8243; override_padding=\u201dyes\u201d h_padding=\u201d2&#8243; top_padding=\u201d5&#8243; bottom_padding=\u201d5&#8243; overlay_alpha=\u201d50&#8243; gutter_size=\u201d4&#8243; column_width_use_pixel=\u201dyes\u201d shift_y=\u201d0&#8243; z_index=\u201d0&#8243; el_class=\u201dinverted-device-order\u201d column_width_pixel=\u201d1600&#8243;][vc_column width=\u201d7\/12&#8243;][vc_single_image media=\u201d103231&#8243; media_width_percent=\u201d100&#8243; media_ratio=\u201dfour-three\u201d shape=\u201dimg-round\u201d shadow=\u201dyes\u201d][\/vc_column][vc_column [&hellip;]<\/p>\n","protected":false},"author":1,"featured_media":0,"parent":0,"menu_order":0,"comment_status":"closed","ping_status":"closed","template":"","meta":{"footnotes":""},"_links":{"self":[{"href":"https:\/\/licensed.innovation360.com\/it\/wp-json\/wp\/v2\/pages\/103224"}],"collection":[{"href":"https:\/\/licensed.innovation360.com\/it\/wp-json\/wp\/v2\/pages"}],"about":[{"href":"https:\/\/licensed.innovation360.com\/it\/wp-json\/wp\/v2\/types\/page"}],"author":[{"embeddable":true,"href":"https:\/\/licensed.innovation360.com\/it\/wp-json\/wp\/v2\/users\/1"}],"replies":[{"embeddable":true,"href":"https:\/\/licensed.innovation360.com\/it\/wp-json\/wp\/v2\/comments?post=103224"}],"version-history":[{"count":2,"href":"https:\/\/licensed.innovation360.com\/it\/wp-json\/wp\/v2\/pages\/103224\/revisions"}],"predecessor-version":[{"id":103265,"href":"https:\/\/licensed.innovation360.com\/it\/wp-json\/wp\/v2\/pages\/103224\/revisions\/103265"}],"wp:attachment":[{"href":"https:\/\/licensed.innovation360.com\/it\/wp-json\/wp\/v2\/media?parent=103224"}],"curies":[{"name":"wp","href":"https:\/\/api.w.org\/{rel}","templated":true}]}}