{"id":103284,"date":"2019-07-09T20:36:45","date_gmt":"2019-07-09T20:36:45","guid":{"rendered":"https:\/\/licensed.innovation360.com\/video\/"},"modified":"2026-04-12T08:03:22","modified_gmt":"2026-04-12T08:03:22","slug":"video","status":"publish","type":"page","link":"https:\/\/licensed.innovation360.com\/it\/video\/","title":{"rendered":"Video"},"content":{"rendered":"<div class=\"wpb-content-wrapper\"><p>[vc_row row_height_percent=\u201d0&#8243; override_padding=\u201dyes\u201d h_padding=\u201d2&#8243; top_padding=\u201d3&#8243; bottom_padding=\u201d3&#8243; overlay_alpha=\u201d100&#8243; gutter_size=\u201d100&#8243; column_width_percent=\u201d100&#8243; shift_y=\u201d0&#8243; z_index=\u201d0&#8243; style=\u201dinherited\u201d][vc_column column_width_percent=\u201d100&#8243; align_horizontal=\u201dalign_center\u201d style=\u201dlight\u201d overlay_alpha=\u201d50&#8243; gutter_size=\u201d3&#8243; medium_width=\u201d0&#8243; mobile_width=\u201d0&#8243; shift_x=\u201d0&#8243; shift_y=\u201d0&#8243; shift_y_down=\u201d0&#8243; z_index=\u201d0&#8243; zoom_width=\u201d0&#8243; zoom_height=\u201d0&#8243; width=\u201d1\/1&#8243;][vc_custom_heading text_size=\u201dfontsize-155944&#8243;]Video su Innovation360 e l&#8217;accreditamento[\/vc_custom_heading][\/vc_column][\/vc_row][vc_row][vc_column width=\u201d1\/1&#8243;][vc_custom_heading]60 minuti di gestione dell&#8217;innovazione[\/vc_custom_heading][vc_column_text]Sebbene l&#8217;innovazione richieda una metodologia per avere successo, non \u00e8 una formula. I successi non possono essere trapiantati da un contesto all&#8217;altro. Una strategia pu\u00f2 essere progettata solo dopo un&#8217;attenta valutazione di ci\u00f2 che rende unica un&#8217;organizzazione, che richiede un&#8217;analisi sia qualitativa che quantitativa per scoprire le giuste intuizioni. Una volta avviato un progetto di innovazione, le cose si muovono velocemente, quindi \u00e8 fondamentale avere il quadro corretto per prendere decisioni.   <\/p>\n<p>Questa introduzione di 60 minuti all&#8217;Innovation Management di Magus Penker ti guider\u00e0 attraverso la metodologia collaudata utilizzata da aziende globali, scale-up e unicorni in tutto il mondo per spingere i limiti del possibile e ottenere risultati straordinari e testati sul mercato.<\/p>\n<p>Se desideri i sottotitoli in inglese per questi video, seleziona Guarda su YouTube e attiva \u201cCC\u201d.[\/vc_column_text][vc_empty_space empty_h=\u201d2&#8243;][vc_row_inner][vc_column_inner column_width_percent=\u201d100&#8243; align_horizontal=\u201dalign_center\u201d gutter_size=\u201d3&#8243; overlay_alpha=\u201d50&#8243; medium_width=\u201d0&#8243; mobile_width=\u201d0&#8243; shift_x=\u201d0&#8243; shift_y=\u201d0&#8243; shift_y_down=\u201d0&#8243; z_index=\u201d0&#8243; width=\u201d1\/3&#8243;][vc_single_image media=\u201d79171&#8243; media_width_percent=\u201d100&#8243;][vc_custom_heading heading_semantic=\u201dh4&#8243; text_size=\u201dh4&#8243;]1 \u2013 Introduzione[\/vc_custom_heading][\/vc_column_inner][vc_column_inner column_width_percent=\u201d100&#8243; align_horizontal=\u201dalign_center\u201d gutter_size=\u201d3&#8243; overlay_alpha=\u201d50&#8243; medium_width=\u201d0&#8243; mobile_width=\u201d0&#8243; shift_x=\u201d0&#8243; shift_y=\u201d0&#8243; shift_y_down=\u201d0&#8243; z_index=\u201d0&#8243; width=\u201d1\/3&#8243;][vc_single_image media=\u201d79173&#8243; media_width_percent=\u201d100&#8243;][vc_custom_heading heading_semantic=\u201dh4&#8243; text_size=\u201dh4&#8243;]2 \u2013 Che cos&#8217;\u00e8 l&#8217;Innovation Management e perch\u00e9 \u00e8 importante?[\/vc_custom_heading][\/vc_column_inner][vc_column_inner column_width_percent=\u201d100&#8243; align_horizontal=\u201dalign_center\u201d gutter_size=\u201d3&#8243; overlay_alpha=\u201d50&#8243; medium_width=\u201d0&#8243; mobile_width=\u201d0&#8243; shift_x=\u201d0&#8243; shift_y=\u201d0&#8243; shift_y_down=\u201d0&#8243; z_index=\u201d0&#8243; width=\u201d1\/3&#8243;][vc_single_image media=\u201d79175&#8243; media_width_percent=\u201d100&#8243;][vc_custom_heading heading_semantic=\u201dh4&#8243; text_size=\u201dh4&#8243;]3 \u2013 La ruota dell&#8217;innovazione[\/vc_custom_heading][\/vc_column_inner][\/vc_row_inner][vc_row_inner][vc_column_inner column_width_percent=\u201d100&#8243; align_horizontal=\u201dalign_center\u201d gutter_size=\u201d3&#8243; overlay_alpha=\u201d50&#8243; medium_width=\u201d0&#8243; mobile_width=\u201d0&#8243; shift_x=\u201d0&#8243; shift_y=\u201d0&#8243; shift_y_down=\u201d0&#8243; z_index=\u201d0&#8243; width=\u201d1\/3&#8243;][vc_single_image media=\u201d79176&#8243; media_width_percent=\u201d100&#8243;][vc_custom_heading heading_semantic=\u201dh4&#8243; text_size=\u201dh4&#8243;]4 \u2013 Introduzione agli Orizzonti dell&#8217;Innovazione[\/vc_custom_heading][\/vc_column_inner][vc_column_inner column_width_percent=\u201d100&#8243; align_horizontal=\u201dalign_center\u201d gutter_size=\u201d3&#8243; overlay_alpha=\u201d50&#8243; medium_width=\u201d0&#8243; mobile_width=\u201d0&#8243; shift_x=\u201d0&#8243; shift_y=\u201d0&#8243; shift_y_down=\u201d0&#8243; z_index=\u201d0&#8243; width=\u201d1\/3&#8243;][vc_single_image media=\u201d79177&#8243; media_width_percent=\u201d100&#8243;][vc_custom_heading heading_semantic=\u201dh4&#8243; text_size=\u201dh4&#8243;]5 \u2013 Il processo di innovazione e il portafoglio[\/vc_custom_heading][\/vc_column_inner][vc_column_inner column_width_percent=\u201d100&#8243; align_horizontal=\u201dalign_center\u201d gutter_size=\u201d3&#8243; overlay_alpha=\u201d50&#8243; medium_width=\u201d0&#8243; mobile_width=\u201d0&#8243; shift_x=\u201d0&#8243; shift_y=\u201d0&#8243; shift_y_down=\u201d0&#8243; z_index=\u201d0&#8243; width=\u201d1\/3&#8243;][vc_single_image media=\u201d79178&#8243; media_width_percent=\u201d100&#8243;][vc_custom_heading heading_semantic=\u201dh4&#8243; text_size=\u201dh4&#8243;]6 \u2013 Perch\u00e9 \u00e8 cos\u00ec difficile innovare e come superare[\/vc_custom_heading][\/vc_column_inner][\/vc_row_inner][vc_row_inner][vc_column_inner column_width_percent=\u201d100&#8243; align_horizontal=\u201dalign_center\u201d gutter_size=\u201d3&#8243; overlay_alpha=\u201d50&#8243; medium_width=\u201d0&#8243; mobile_width=\u201d0&#8243; shift_x=\u201d0&#8243; shift_y=\u201d0&#8243; shift_y_down=\u201d0&#8243; z_index=\u201d0&#8243; width=\u201d1\/3&#8243;][vc_single_image media=\u201d79180&#8243; media_width_percent=\u201d100&#8243;][vc_custom_heading heading_semantic=\u201dh4&#8243; text_size=\u201dh4&#8243;]7 \u2013 Identificazione di bloccanti e amplificatori per l&#8217;innovazione<br \/>\n[\/vc_custom_heading][\/vc_column_inner][vc_column_inner column_width_percent=\u201d100&#8243; align_horizontal=\u201dalign_center\u201d gutter_size=\u201d3&#8243; overlay_alpha=\u201d50&#8243; medium_width=\u201d0&#8243; mobile_width=\u201d0&#8243; shift_x=\u201d0&#8243; shift_y=\u201d0&#8243; shift_y_down=\u201d0&#8243; z_index=\u201d0&#8243; width=\u201d1\/3&#8243;][vc_single_image media=\u201d79181&#8243; media_width_percent=\u201d100&#8243;][vc_custom_heading heading_semantic=\u201dh4&#8243; text_size=\u201dh4&#8243;]8 \u2013 Cultura pronta per l&#8217;innovazione[\/vc_custom_heading][\/vc_column_inner][vc_column_inner column_width_percent=\u201d100&#8243; align_horizontal=\u201dalign_center\u201d gutter_size=\u201d3&#8243; overlay_alpha=\u201d50&#8243; medium_width=\u201d0&#8243; mobile_width=\u201d0&#8243; shift_x=\u201d0&#8243; shift_y=\u201d0&#8243; shift_y_down=\u201d0&#8243; z_index=\u201d0&#8243; width=\u201d1\/3&#8243;][vc_single_image media=\u201d79182&#8243; media_width_percent=\u201d100&#8243;][vc_custom_heading heading_semantic=\u201dh4&#8243; text_size=\u201dh4&#8243;]9 \u2013 Valutare la cultura della tua organizzazione adatta all&#8217;innovazione[\/vc_custom_heading][\/vc_column_inner][\/vc_row_inner][vc_row_inner][vc_column_inner column_width_percent=\u201d100&#8243; align_horizontal=\u201dalign_center\u201d gutter_size=\u201d3&#8243; overlay_alpha=\u201d50&#8243; medium_width=\u201d0&#8243; mobile_width=\u201d0&#8243; shift_x=\u201d0&#8243; shift_y=\u201d0&#8243; shift_y_down=\u201d0&#8243; z_index=\u201d0&#8243; width=\u201d1\/3&#8243;][vc_single_image media=\u201d79183&#8243; media_width_percent=\u201d100&#8243;][vc_custom_heading heading_semantic=\u201dh4&#8243; text_size=\u201dh4&#8243;]10 \u2013 Approfondimento sulle capacit\u00e0 per l&#8217;innovazione e la ruota dell&#8217;innovazione<br \/>\n[\/vc_custom_heading][\/vc_column_inner][vc_column_inner column_width_percent=\u201d100&#8243; align_horizontal=\u201dalign_center\u201d gutter_size=\u201d3&#8243; overlay_alpha=\u201d50&#8243; medium_width=\u201d0&#8243; mobile_width=\u201d0&#8243; shift_x=\u201d0&#8243; shift_y=\u201d0&#8243; shift_y_down=\u201d0&#8243; z_index=\u201d0&#8243; width=\u201d1\/3&#8243;][vc_single_image media=\u201d79184&#8243; media_width_percent=\u201d100&#8243;][vc_custom_heading heading_semantic=\u201dh4&#8243; text_size=\u201dh4&#8243;]11 \u2013 Allineare la strategia e le capacit\u00e0 per l&#8217;innovazione[\/vc_custom_heading][\/vc_column_inner][vc_column_inner column_width_percent=\u201d100&#8243; align_horizontal=\u201dalign_center\u201d gutter_size=\u201d3&#8243; overlay_alpha=\u201d50&#8243; medium_width=\u201d0&#8243; mobile_width=\u201d0&#8243; shift_x=\u201d0&#8243; shift_y=\u201d0&#8243; shift_y_down=\u201d0&#8243; z_index=\u201d0&#8243; width=\u201d1\/3&#8243;][vc_single_image media=\u201d79185&#8243; media_width_percent=\u201d100&#8243;][vc_custom_heading heading_semantic=\u201dh4&#8243; text_size=\u201dh4&#8243;]12 \u2013 Dieci consigli per avere successo in un mercato iper competitivo[\/vc_custom_heading][\/vc_column_inner][\/vc_row_inner][\/vc_column][\/vc_row][vc_row row_height_percent=\u201d0&#8243; override_padding=\u201dyes\u201d h_padding=\u201d2&#8243; top_padding=\u201d2&#8243; bottom_padding=\u201d0&#8243; overlay_alpha=\u201d50&#8243; gutter_size=\u201d3&#8243; column_width_percent=\u201d100&#8243; shift_y=\u201d0&#8243; z_index=\u201d0&#8243;][vc_column width=\u201d1\/1&#8243;][vc_custom_heading]Webinar su richiesta[\/vc_custom_heading][\/vc_column][\/vc_row][vc_row row_height_percent=\u201d0&#8243; override_padding=\u201dyes\u201d h_padding=\u201d2&#8243; top_padding=\u201d2&#8243; bottom_padding=\u201d3&#8243; overlay_alpha=\u201d100&#8243; gutter_size=\u201d100&#8243; column_width_percent=\u201d100&#8243; shift_y=\u201d0&#8243; z_index=\u201d0&#8243; style=\u201dinherited\u201d shape_dividers=\u201d\u201d][vc_column column_width_percent=\u201d100&#8243; style=\u201dlight\u201d overlay_alpha=\u201d50&#8243; gutter_size=\u201d3&#8243; medium_width=\u201d0&#8243; mobile_width=\u201d0&#8243; shift_x=\u201d0&#8243; shift_y=\u201d0&#8243; shift_y_down=\u201d0&#8243; z_index=\u201d0&#8243; zoom_width=\u201d0&#8243; zoom_height=\u201d0&#8243; width=\u201d1\/2&#8243;][vc_column_text]Questa serie di webinar tratta la valutazione e la promozione di una cultura dell&#8217;innovazione e il successo nell&#8217;innovazione e nella trasformazione<\/p>\n<p>[\/vc_column_text][vc_button button_color=\u201daccent\u201d radius=\u201dbtn-round\u201d border_width=\u201d0&#8243; link=\u201durl:https%3A%2F%2Fwww.businessinnovationbrief.com%2Fwebinar-series%2Fassessing-and-fostering-a-culture-of-innovation%2F|title:Serie%20di%20webinar|target:%20_blank|\u201d]Guarda la serie Innovazione[\/vc_button][\/vc_column][vc_column width=\u201d1\/2&#8243;][vc_column_text]Questo webinar Innovation by the Numbers copre le metriche e le analisi alla base di un&#8217;innovazione di successo.[\/vc_column_text][vc_button button_color=\u201daccent\u201d radius=\u201dbtn-round\u201d border_width=\u201d0&#8243; link=\u201durl:https%3A%2F%2Fwww.innovationleader.com%2Fwebcasts-and-calls%2Finnovation-by-the-numbers%2F316.article|title:Serie%20di%20webinar|target:%20_blank|\u201d]Guarda i numeri dell&#8217;innovazione[\/vc_button][\/vc_column][\/vc_row]<\/p>\n<\/div>","protected":false},"excerpt":{"rendered":"<p>[vc_row row_height_percent=\u201d0&#8243; override_padding=\u201dyes\u201d h_padding=\u201d2&#8243; top_padding=\u201d3&#8243; bottom_padding=\u201d3&#8243; overlay_alpha=\u201d100&#8243; gutter_size=\u201d100&#8243; column_width_percent=\u201d100&#8243; shift_y=\u201d0&#8243; z_index=\u201d0&#8243; style=\u201dinherited\u201d][vc_column column_width_percent=\u201d100&#8243; align_horizontal=\u201dalign_center\u201d style=\u201dlight\u201d overlay_alpha=\u201d50&#8243; gutter_size=\u201d3&#8243; medium_width=\u201d0&#8243; mobile_width=\u201d0&#8243; shift_x=\u201d0&#8243; [&hellip;]<\/p>\n","protected":false},"author":1,"featured_media":0,"parent":0,"menu_order":0,"comment_status":"closed","ping_status":"closed","template":"","meta":{"footnotes":""},"_links":{"self":[{"href":"https:\/\/licensed.innovation360.com\/it\/wp-json\/wp\/v2\/pages\/103284"}],"collection":[{"href":"https:\/\/licensed.innovation360.com\/it\/wp-json\/wp\/v2\/pages"}],"about":[{"href":"https:\/\/licensed.innovation360.com\/it\/wp-json\/wp\/v2\/types\/page"}],"author":[{"embeddable":true,"href":"https:\/\/licensed.innovation360.com\/it\/wp-json\/wp\/v2\/users\/1"}],"replies":[{"embeddable":true,"href":"https:\/\/licensed.innovation360.com\/it\/wp-json\/wp\/v2\/comments?post=103284"}],"version-history":[{"count":1,"href":"https:\/\/licensed.innovation360.com\/it\/wp-json\/wp\/v2\/pages\/103284\/revisions"}],"predecessor-version":[{"id":103294,"href":"https:\/\/licensed.innovation360.com\/it\/wp-json\/wp\/v2\/pages\/103284\/revisions\/103294"}],"wp:attachment":[{"href":"https:\/\/licensed.innovation360.com\/it\/wp-json\/wp\/v2\/media?parent=103284"}],"curies":[{"name":"wp","href":"https:\/\/api.w.org\/{rel}","templated":true}]}}