{"id":104379,"date":"2019-06-12T18:53:10","date_gmt":"2019-06-12T18:53:10","guid":{"rendered":"https:\/\/licensed.innovation360.com\/pagina-di-esempio\/"},"modified":"2026-04-12T08:06:53","modified_gmt":"2026-04-12T08:06:53","slug":"pagina-di-esempio","status":"publish","type":"page","link":"https:\/\/licensed.innovation360.com\/it\/pagina-di-esempio\/","title":{"rendered":"Pagina di esempio"},"content":{"rendered":"\n<p>Questa \u00e8 una pagina di esempio. \u00c8 diverso da un post di blog perch\u00e9 rimane in un unico posto e compare nella navigazione del sito (nella maggior parte dei temi). La maggior parte delle persone inizia con una pagina Informazioni che li introduce ai potenziali visitatori del sito. Potrebbe dire qualcosa del genere:   <\/p>\n\n<blockquote class=\"wp-block-quote\"><p>Ehil\u00e0! Di giorno sono un corriere in bicicletta, aspirante attore di notte, e questo \u00e8 il mio sito web. Vivo a Los Angeles, ho un cane fantastico che si chiama Jack e mi piacciono le pi\u00f1a colada. (E di essere preso dalla pioggia.)   <\/p><\/blockquote>\n\n<p>&#8230; O qualcosa del genere:<\/p>\n\n<blockquote class=\"wp-block-quote\"><p>La XYZ Doohickey Company \u00e8 stata fondata nel 1971 e da allora fornisce strumenti di qualit\u00e0 al pubblico. Situata a Gotham City, XYZ impiega oltre 2.000 persone e fa ogni tipo di cosa straordinaria per la comunit\u00e0 di Gotham. <\/p><\/blockquote>\n\n<p>Come nuovo utente di WordPress, dovresti andare nella <a href=\"http:\/\/licensed.innovation360.com\/wp-admin\/\">tua dashboard<\/a> per eliminare questa pagina e creare nuove pagine per i tuoi contenuti. Divertiti! <\/p>\n","protected":false},"excerpt":{"rendered":"<p>Questa \u00e8 una pagina di esempio. \u00c8 diverso da un post di blog perch\u00e9 rimane in un unico posto e [&hellip;]<\/p>\n","protected":false},"author":1,"featured_media":0,"parent":0,"menu_order":0,"comment_status":"closed","ping_status":"open","template":"","meta":{"footnotes":""},"_links":{"self":[{"href":"https:\/\/licensed.innovation360.com\/it\/wp-json\/wp\/v2\/pages\/104379"}],"collection":[{"href":"https:\/\/licensed.innovation360.com\/it\/wp-json\/wp\/v2\/pages"}],"about":[{"href":"https:\/\/licensed.innovation360.com\/it\/wp-json\/wp\/v2\/types\/page"}],"author":[{"embeddable":true,"href":"https:\/\/licensed.innovation360.com\/it\/wp-json\/wp\/v2\/users\/1"}],"replies":[{"embeddable":true,"href":"https:\/\/licensed.innovation360.com\/it\/wp-json\/wp\/v2\/comments?post=104379"}],"version-history":[{"count":1,"href":"https:\/\/licensed.innovation360.com\/it\/wp-json\/wp\/v2\/pages\/104379\/revisions"}],"predecessor-version":[{"id":104414,"href":"https:\/\/licensed.innovation360.com\/it\/wp-json\/wp\/v2\/pages\/104379\/revisions\/104414"}],"wp:attachment":[{"href":"https:\/\/licensed.innovation360.com\/it\/wp-json\/wp\/v2\/media?parent=104379"}],"curies":[{"name":"wp","href":"https:\/\/api.w.org\/{rel}","templated":true}]}}